{"id":25132,"date":"2020-12-24T10:19:36","date_gmt":"2020-12-24T09:19:36","guid":{"rendered":"https:\/\/www.interbusinesschamber.com\/produit\/kalmacol-compresse-30-comprimes\/"},"modified":"2021-02-24T16:35:50","modified_gmt":"2021-02-24T15:35:50","slug":"kalmacol-compresse-30-comprimes","status":"publish","type":"product","link":"https:\/\/www.sopha-sahara.com\/en\/product\/kalmacol-compresse-30-comprimes\/","title":{"rendered":"Kalmacol Compresse 30 comprim\u00e9s"},"content":{"rendered":"<div class=\"prodsch_txt\">\n<div>\n<div>\n<div><strong>PHARMALIFE RESEARCH KALMACOL COMPRIM\u00c9S<\/strong><\/div>\n<p>Compl\u00e9ment nutritionnel<\/p>\n<p>Kalmacol est un compl\u00e9ment alimentaire \u00e0 base d\u2019huiles essentielles et d\u2019extraits de plantes, tels que la camomille, la passiflore et le gingembre, utile pour maintenir la motilit\u00e9 gastro-intestinale r\u00e9guli\u00e8re en faveur de l\u2019\u00e9limination des gaz.<\/p>\n<p>Anxiety, stress, unbalanced diet, strong emotions, psychological influences of various natures can cause changes in intestinal peristalsis, sometimes increasing it, with consequent diarrhoea, and sometimes decreasing it, with consequent constipation: this is Irritable Bowel Syndrome (IBS). It is an extremely frequent pathology and amounts to around 50% of reasons for gastroenterology visits.<\/p>\n<p>RECOMMENDATION: 2 sachet une demi-heure avant les principaux repas (d\u00eener et souper) \u00e0 prendre avec beaucoup d\u2019eau en cas de constipation; avec peu d\u2019eau en cas de selles liquides.<\/p>\n<p>CONTENU NET 25,5 grammes<\/p>\n<p>STOCKAGE: Garder dans un endroit frais et sec.<\/p><\/div>\n<div>\u00a0<\/p>\n<div>\n<h4 class=\"tabnut_tit\">INFORMATION NUTRITIONNELLE<\/h4>\n<div class=\"tabnut_table\">\n<table class=\"iaftable iaftable_temp\" cellspacing=\"0\" align=\"center\">\n<tbody>\n<tr>\n<td class=\"tabnut_medsep-top\">\n<div>\n<div>\n<div>\n<p><strong>Analyse moyenne<\/strong><\/p>\n<\/div>\n<\/div>\n<\/div>\n<\/td>\n<td class=\"tabnut_medsep-top\"><strong>Par 100g<\/strong><\/td>\n<td class=\"tabnut_medsep-top\"><strong>Par dose quotidienne (4 comprim\u00e9s)<\/strong><\/td>\n<td class=\"tabnut_medsep-top\"><strong>*% AJR<\/strong><\/td>\n<\/tr>\n<tr>\n<td class=\"tabnut_medsep-btm\">Thiamine (B1)<\/td>\n<td class=\"tabnut_medsep-btm\">29,71mg<\/td>\n<td class=\"tabnut_medsep-btm\">1,01mg<\/td>\n<td class=\"tabnut_medsep-btm\">92%<\/td>\n<\/tr>\n<tr>\n<td>Riboflavine (B2)<\/td>\n<td>37,65mg<\/td>\n<td>1,28mg<\/td>\n<td>91%<\/td>\n<\/tr>\n<tr>\n<td>Nicotinamide<\/td>\n<td>423,53mg<\/td>\n<td>14,4mg<\/td>\n<td>90%<\/td>\n<\/tr>\n<tr>\n<td>Vitamine B6<\/td>\n<td>38,53mg<\/td>\n<td>1,31mg<\/td>\n<td>93,5%<\/td>\n<\/tr>\n<tr>\n<td>Camomille e.s.<\/td>\n<td>5,88g<\/td>\n<td>0,2g<\/td>\n<td>\u00a0<\/td>\n<\/tr>\n<tr>\n<td>Passiflora e.s.<\/td>\n<td>5,88g<\/td>\n<td>0,2g<\/td>\n<td>\u00a0<\/td>\n<\/tr>\n<tr>\n<td>Ginger e.s.<\/td>\n<td>4,41g<\/td>\n<td>0,15g<\/td>\n<td>\u00a0<\/td>\n<\/tr>\n<tr>\n<td>Mint o.e.<\/td>\n<td>4,88g<\/td>\n<td>0,166g<\/td>\n<td>\u00a0<\/td>\n<\/tr>\n<tr>\n<td>Fenouil o.e.<\/td>\n<td>1,21g<\/td>\n<td>0,041g<\/td>\n<td>\u00a0<\/td>\n<\/tr>\n<tr>\n<td class=\"tabnut_medsep-top\">Rosemary o.e.<\/td>\n<td class=\"tabnut_medsep-top\">0,47g<\/td>\n<td class=\"tabnut_medsep-top\">0,016g<\/td>\n<td class=\"tabnut_medsep-top\">\u00a0<\/td>\n<\/tr>\n<tr>\n<td class=\"tabnut_medsep-btm\" colspan=\"4\">\n<div>\n<div>\n<div>\n<div>\n<div>\n<div>* Pourcentage des valeurs journali\u00e8res bas\u00e9 sur un r\u00e9gime de 2000 calories<\/div>\n<\/div>\n<\/div>\n<\/div>\n<\/div>\n<\/div>\n<\/td>\n<\/tr>\n<tr>\n<td colspan=\"4\">\n<div>\n<div>\n<div>\u2020 Valeurs journali\u00e8res non \u00e9tablies<\/div>\n<\/div>\n<\/div>\n<\/td>\n<\/tr>\n<tr>\n<td colspan=\"4\"><strong>Ingr\u00e9dients:\u00a0<\/strong>calcium phosphate, cellulose, sorbitol, Camomille (Matricaria recutita) extrait sec, Passiflore (Passiflora incarnata) extrait sec, anti-agglom\u00e9rant: dioxyde de silicium; Menthe (Mentha piperita) huile essentielle, Gingembre (Zingiber officinale) extrait sec, magn\u00e9sium st\u00e9arate, Fenouil (Foeniculum vulgare) huile essentielle, Romarin (Rosmarinus officinalis) huile essentielle, nicotinamide, vitamine B6, riboflavine, thiamine.<\/td>\n<\/tr>\n<\/tbody>\n<\/table>\n<\/div>\n<\/div>\n<p>&nbsp;<\/p>\n<\/div>\n<div>\n<div>\u00a0<\/div>\n<\/div>\n<\/div>\n<\/div>\n<div class=\"prodsch_avvert\">La portion journali\u00e8re recommand\u00e9e ne doit pas conduire \u00e0 une ingestion d'estragole sup\u00e9rieure \u00e0 0.05 mg\/kg de poids corporel pour les enfants de moins de 12 ans.<\/p>\n<div>Lisez attentivement l\u2019\u00e9tiquette et les informations concernant le produit ainsi que le mode d\u2019emploi.<br \/>Ne pas d\u00e9passer la dose journali\u00e8re indiqu\u00e9e.<br \/>Tenir hors de port\u00e9e des jeunes enfants.<br \/>Les compl\u00e9ments alimentaires ne soient utilis\u00e9s comme substituts d'un r\u00e9gime alimentaire vari\u00e9.<\/div>\n<div>IAF network vous rappelled l\u2019importance d\u2019une alimentation vari\u00e9e et \u00e9quilibr\u00e9e et \u00e0 un mode de vie sain.<\/div>\n<\/div>","protected":false},"excerpt":{"rendered":"<p>Pharmalife Research Kalmacol Tablet 30 comprim\u00e9s. Kalmacol est un compl\u00e9ment alimentaire \u00e0 base d\u2019huiles essentielles et d\u2019extraits de plantes, tels que la camomille, la passiflore et le gingembre, utile pour maintenir la motilit\u00e9 gastro-intestinale r\u00e9guli\u00e8re en faveur de l\u2019\u00e9limination des gaz.<\/p>","protected":false},"featured_media":30903,"template":"","meta":{"arc_restricted_post":false},"product_cat":[49,347],"product_tag":[],"_links":{"self":[{"href":"https:\/\/www.sopha-sahara.com\/en\/wp-json\/wp\/v2\/product\/25132"}],"collection":[{"href":"https:\/\/www.sopha-sahara.com\/en\/wp-json\/wp\/v2\/product"}],"about":[{"href":"https:\/\/www.sopha-sahara.com\/en\/wp-json\/wp\/v2\/types\/product"}],"wp:featuredmedia":[{"embeddable":true,"href":"https:\/\/www.sopha-sahara.com\/en\/wp-json\/wp\/v2\/media\/30903"}],"wp:attachment":[{"href":"https:\/\/www.sopha-sahara.com\/en\/wp-json\/wp\/v2\/media?parent=25132"}],"wp:term":[{"taxonomy":"product_cat","embeddable":true,"href":"https:\/\/www.sopha-sahara.com\/en\/wp-json\/wp\/v2\/product_cat?post=25132"},{"taxonomy":"product_tag","embeddable":true,"href":"https:\/\/www.sopha-sahara.com\/en\/wp-json\/wp\/v2\/product_tag?post=25132"}],"curies":[{"name":"wp","href":"https:\/\/api.w.org\/{rel}","templated":true}]}}