{"id":25131,"date":"2020-12-24T10:19:36","date_gmt":"2020-12-24T09:19:36","guid":{"rendered":"https:\/\/www.interbusinesschamber.com\/produit\/liverin-forte-60-comprimes\/"},"modified":"2020-12-25T15:01:48","modified_gmt":"2020-12-25T14:01:48","slug":"liverin-forte-60-comprimes","status":"publish","type":"product","link":"https:\/\/www.sopha-sahara.com\/en\/product\/liverin-forte-60-comprimes\/","title":{"rendered":"Liverin Forte 60 comprim\u00e9s"},"content":{"rendered":"<div class=\"prodsch_txt\">\n<div>\n<div>\n<div>\n<div><strong>PHARMALIFE RESEARCH LIVERIN FORTE<\/strong><\/div>\n<\/div>\n<p>Compl\u00e9ment nutritionnel<\/p>\n<p>LIVERIN FORTE est un compl\u00e9ment alimentaire \u00e0 base de vitamines B et E, utile pour compenser les carences nutritionnelles.<\/p>\n<p>RECOMMENDATION: 3 comprim\u00e9s par jour \u00e0 prendre avec un verre d\u2019eau avant les principaux repas. Il est conseill\u00e9 de suivre le traitement pendant au moins 8 mois sans interruption.<\/p>\n<p>CONTENU NET 48 grammes<\/p>\n<p>STOCKAGE: Garder dans un endroit frais et sec.<\/p><\/div>\n<div>\u00a0<\/p>\n<div>\n<h4 class=\"tabnut_tit\">INFORMATION NUTRITIONNELLE<\/h4>\n<div class=\"tabnut_table\">\n<table class=\"iaftable iaftable_temp\" cellspacing=\"0\" align=\"center\">\n<tbody>\n<tr>\n<td class=\"tabnut_medsep-top\">\n<div>\n<div>\n<div>\n<p><strong>Analyse moyenne<\/strong><\/p>\n<\/div>\n<\/div>\n<\/div>\n<\/td>\n<td class=\"tabnut_medsep-top\"><strong>Par dose quotidienne (3 comprim\u00e9s)<\/strong><\/td>\n<td class=\"tabnut_medsep-top\"><strong>*% AJR<\/strong><\/td>\n<\/tr>\n<tr>\n<td class=\"tabnut_medsep-btm\"><span id=\"result_box\" class=\"short_text\" lang=\"fr\">Extrait sec de r\u00e9glisse<\/span><\/td>\n<td class=\"tabnut_medsep-btm\">1050mg<\/td>\n<td class=\"tabnut_medsep-btm\">\u00a0<\/td>\n<\/tr>\n<tr>\n<td><span id=\"result_box\" class=\"short_text\" lang=\"fr\">Extrait de chardon sec<\/span><\/td>\n<td>405mg<\/td>\n<td>\u00a0<\/td>\n<\/tr>\n<tr>\n<td><span id=\"result_box\" class=\"short_text\" lang=\"fr\">Extrait sec Phyllanthus<\/span><\/td>\n<td>300mg<\/td>\n<td>\u00a0<\/td>\n<\/tr>\n<tr>\n<td>Nicotinamide<\/td>\n<td>21,6mg<\/td>\n<td>135%<\/td>\n<\/tr>\n<tr>\n<td>Vitamine E<\/td>\n<td>12mg<\/td>\n<td>100%<\/td>\n<\/tr>\n<tr>\n<td><span id=\"result_box\" class=\"short_text\" lang=\"fr\">Pantoth\u00e9nate de calcium<\/span><\/td>\n<td>4,8mg<\/td>\n<td>80%<\/td>\n<\/tr>\n<tr>\n<td>Vitamine B6<\/td>\n<td>1,8mg<\/td>\n<td>90%<\/td>\n<\/tr>\n<tr>\n<td>Riboflavine<\/td>\n<td>1,8mg<\/td>\n<td>129%<\/td>\n<\/tr>\n<tr>\n<td>Thiamine<\/td>\n<td>1,3mg<\/td>\n<td>118%<\/td>\n<\/tr>\n<tr>\n<td>Biotine<\/td>\n<td>0,075mg<\/td>\n<td>150%<\/td>\n<\/tr>\n<tr>\n<td>TO<span id=\"result_box\" class=\"short_text\" lang=\"fr\">cide folique<\/span><\/td>\n<td>192mg<\/td>\n<td>96%<\/td>\n<\/tr>\n<tr>\n<td class=\"tabnut_medsep-top\">Vitamine B12<\/td>\n<td class=\"tabnut_medsep-top\">0,9mg<\/td>\n<td class=\"tabnut_medsep-top\">36%<\/td>\n<\/tr>\n<tr>\n<td class=\"tabnut_medsep-btm\" colspan=\"3\">\n<div>\n<div>\n<div>\n<div>\n<div>* Pourcentage des valeurs journali\u00e8res bas\u00e9 sur un r\u00e9gime de 2000 calories<\/div>\n<\/div>\n<\/div>\n<\/div>\n<\/div>\n<\/td>\n<\/tr>\n<tr>\n<td colspan=\"3\">\n<div>\u2020 Valeurs journali\u00e8res non \u00e9tablies<\/div>\n<\/td>\n<\/tr>\n<tr>\n<td colspan=\"3\"><strong>Ingr\u00e9dients: \u00a0<\/strong>Extrait sec de R\u00e9glisse, Phillantus amarus, Extrait sec de Chardon Marie, Vitamine B12, B9, B8, B6, B5, B3 (pp), B2, B1, B15, Vitamine E.<\/td>\n<\/tr>\n<\/tbody>\n<\/table>\n<\/div>\n<\/div>\n<p>\u00a0<\/p><\/div>\n<div>\n<div>\u00a0<\/div>\n<\/div>\n<\/div>\n<\/div>\n<div class=\"prodsch_avvert\">Contient de la r\u00e9glisse: les personnes souffrant d'hypertension doivent \u00e9viter toute consommation excessive.<\/p>\n<div>Lisez attentivement l\u2019\u00e9tiquette et les informations concernant le produit ainsi que le mode d\u2019emploi.<br \/>Ne pas d\u00e9passer la dose journali\u00e8re indiqu\u00e9e.<br \/>Tenir hors de port\u00e9e des jeunes enfants.<br \/>Les compl\u00e9ments alimentaires ne soient utilis\u00e9s comme substituts d'un r\u00e9gime alimentaire vari\u00e9.<\/div>\n<div>IAF network vous rappelled l\u2019importance d\u2019une alimentation vari\u00e9e et \u00e9quilibr\u00e9e et \u00e0 un mode de vie sain.<\/div>\n<\/div>","protected":false},"excerpt":{"rendered":"<p>Pharmalife Research Liverin Forte 60 comprim\u00e9s. LIVERIN FORTE est un compl\u00e9ment alimentaire \u00e0 base de vitamines B et E, utile pour compenser les carences nutritionnelles.<\/p>","protected":false},"featured_media":25313,"template":"","meta":{"arc_restricted_post":false},"product_cat":[49,347],"product_tag":[],"_links":{"self":[{"href":"https:\/\/www.sopha-sahara.com\/en\/wp-json\/wp\/v2\/product\/25131"}],"collection":[{"href":"https:\/\/www.sopha-sahara.com\/en\/wp-json\/wp\/v2\/product"}],"about":[{"href":"https:\/\/www.sopha-sahara.com\/en\/wp-json\/wp\/v2\/types\/product"}],"wp:featuredmedia":[{"embeddable":true,"href":"https:\/\/www.sopha-sahara.com\/en\/wp-json\/wp\/v2\/media\/25313"}],"wp:attachment":[{"href":"https:\/\/www.sopha-sahara.com\/en\/wp-json\/wp\/v2\/media?parent=25131"}],"wp:term":[{"taxonomy":"product_cat","embeddable":true,"href":"https:\/\/www.sopha-sahara.com\/en\/wp-json\/wp\/v2\/product_cat?post=25131"},{"taxonomy":"product_tag","embeddable":true,"href":"https:\/\/www.sopha-sahara.com\/en\/wp-json\/wp\/v2\/product_tag?post=25131"}],"curies":[{"name":"wp","href":"https:\/\/api.w.org\/{rel}","templated":true}]}}