{"id":25130,"date":"2020-12-24T10:19:36","date_gmt":"2020-12-24T09:19:36","guid":{"rendered":"https:\/\/www.interbusinesschamber.com\/produit\/assorbikal-forte-60-comprimes\/"},"modified":"2020-12-25T12:24:52","modified_gmt":"2020-12-25T11:24:52","slug":"assorbikal-forte-60-comprimes","status":"publish","type":"product","link":"https:\/\/www.sopha-sahara.com\/en\/product\/assorbikal-forte-60-comprimes\/","title":{"rendered":"Assorbikal Forte 60 comprim\u00e9s"},"content":{"rendered":"<div class=\"prodsch_txt\">\n<div>\n<div>\n<div>\n<div>\n<div><strong>PHARMALIFE RESEARCH ASSORBIKAL FORTE<\/strong><\/div>\n<\/div>\n<\/div>\n<p>Compl\u00e9ment nutritionnel<\/p>\n<p>ASSORBIKAL FORTE est un compl\u00e9ment alimentaire utile dans le cadre de r\u00e9gimes hypocaloriques visant \u00e0 \u00e9quilibrer le poids, \u00e0 favoriser la ma\u00eetrise de la sensation de faim et \u00e0 stimuler le m\u00e9tatolisme.<\/p>\n<p>CONTENU NET 57 grammes<\/p>\n<p>STOCKAGE: Garder dans un endroit frais et sec.<\/p><\/div>\n<div>\u00a0<\/p>\n<div>\n<h4 class=\"tabnut_tit\">INFORMATION NUTRITIONNELLE<\/h4>\n<div class=\"tabnut_table\">\n<table class=\"iaftable iaftable_temp\" cellspacing=\"0\" align=\"center\">\n<tbody>\n<tr>\n<td class=\"tabnut_medsep-top\">\n<div>\n<div>\n<div>\n<p><strong>Analyse moyenne<\/strong><\/p>\n<\/div>\n<\/div>\n<\/div>\n<\/td>\n<td class=\"tabnut_medsep-top\"><strong>Par 100g<br \/><\/strong><\/td>\n<td class=\"tabnut_medsep-top\"><strong>Par dose quotidienne (4 comprim\u00e9s)<\/strong><\/td>\n<td class=\"tabnut_medsep-top\"><strong>*% AJR<\/strong><\/td>\n<\/tr>\n<tr>\n<td class=\"tabnut_medsep-btm\">Valeur \u00e9nerg\u00e9tique<\/td>\n<td class=\"tabnut_medsep-btm\">141,7Kcal \/ 602,1KJ<\/td>\n<td class=\"tabnut_medsep-btm\">5,38Kcal \/ 22,88KJ<\/td>\n<td class=\"tabnut_medsep-btm\">\u00a0<\/td>\n<\/tr>\n<tr>\n<td>Prot\u00e9ines<\/td>\n<td>0,2g<\/td>\n<td>0,01g<\/td>\n<td>\u00a0<\/td>\n<\/tr>\n<tr>\n<td>Glucides<\/td>\n<td>35g<\/td>\n<td>1,33g<\/td>\n<td>\u00a0<\/td>\n<\/tr>\n<tr>\n<td>Lipides<\/td>\n<td>0,1g<\/td>\n<td>&lt;0,01g<\/td>\n<td>\u00a0<\/td>\n<\/tr>\n<tr>\n<td>Fibres alimentaires<\/td>\n<td>55g<\/td>\n<td>2,09g<\/td>\n<td>\u00a0<\/td>\n<\/tr>\n<tr>\n<td>Assorbipure\u00ae (chitosan)<\/td>\n<td>31,58g<\/td>\n<td>1,20g<\/td>\n<td>\u00a0<\/td>\n<\/tr>\n<tr>\n<td>Griffonia semences e.s.<br \/>dont 5-hydroxytryptophane<\/td>\n<td>\n<div>26,32g<\/div>\n<div>5,26g<\/div>\n<\/td>\n<td>\n<div>1,0g<\/div>\n<div>0,2g<\/div>\n<\/td>\n<td>\u00a0<\/td>\n<\/tr>\n<tr>\n<td>Guarana graines e.s.<\/td>\n<td>10,53g<\/td>\n<td>0,4g<\/td>\n<td>\u00a0<\/td>\n<\/tr>\n<tr>\n<td>Vitamine C<\/td>\n<td>1580mg<\/td>\n<td>60mg<\/td>\n<td>75%<\/td>\n<\/tr>\n<tr>\n<td class=\"tabnut_medsep-top\">Caf\u00e9ine<\/td>\n<td class=\"tabnut_medsep-top\">842mg<\/td>\n<td class=\"tabnut_medsep-top\">32mg<\/td>\n<td class=\"tabnut_medsep-top\">\u00a0<\/td>\n<\/tr>\n<tr>\n<td class=\"tabnut_medsep-btm\" colspan=\"4\">\n<div>\n<div>\n<div>\n<div>\n<div>\n<div>\n<div>* Pourcentage des valeurs journali\u00e8res bas\u00e9 sur un r\u00e9gime de 2000 calories<\/div>\n<\/div>\n<\/div>\n<\/div>\n<\/div>\n<\/div>\n<\/div>\n<\/td>\n<\/tr>\n<tr>\n<td colspan=\"4\">\n<div>\n<div>\n<div>\n<div>\u2020 Valeurs journali\u00e8res non \u00e9tablies<\/div>\n<\/div>\n<\/div>\n<\/div>\n<\/td>\n<\/tr>\n<\/tbody>\n<\/table>\n<\/div>\n<\/div>\n<p>\u00a0<\/p><\/div>\n<div>\n<div>\u00a0<\/div>\n<\/div>\n<div class=\"iaf_ingred tabnut_table\"><strong>Ingr\u00e9dients:<\/strong>\u00a0Assorbipure\u00ae (de chitosane hautement purifi\u00e9e) (31,58%), de la cellulose, Griffonia (Griffonia simplicifolia) d'extrait sec (26,32%) titr\u00e9 \u00e0 20% en 5-hydroxytryptophane, Guarana (Paullinia cupana) d'extrait sec (10, 53%), titr\u00e9 \u00e0'8% en caf\u00e9ine, la vitamine C, le st\u00e9arate de magn\u00e9sium, un agent anti-agglom\u00e9rant: dioxyde de silicium.<\/div>\n<\/div>\n<\/div>\n<div class=\"prodsch_avvert\">Contient de la caf\u00e9ine, d\u00e9conseill\u00e9 aux enfants et aux femmes enceintes.<\/p>\n<div>Lisez attentivement l\u2019\u00e9tiquette et les informations concernant le produit ainsi que le mode d\u2019emploi.<br \/>Ne pas d\u00e9passer la dose journali\u00e8re indiqu\u00e9e.<br \/>Tenir hors de port\u00e9e des jeunes enfants.<br \/>Les compl\u00e9ments alimentaires ne soient utilis\u00e9s comme substituts d'un r\u00e9gime alimentaire vari\u00e9.<\/div>\n<div>IAF network vous rappelled l\u2019importance d\u2019une alimentation vari\u00e9e et \u00e9quilibr\u00e9e et \u00e0 un mode de vie sain.<\/div>\n<\/div>","protected":false},"excerpt":{"rendered":"<p>Pharmalife Research Assorbikal Forte 60 comprim\u00e9s. ASSORBIKAL FORTE est un compl\u00e9ment alimentaire utile dans le cadre de r\u00e9gimes hypocaloriques visant \u00e0 \u00e9quilibrer le poids, \u00e0 favoriser la ma\u00eetrise de la sensation de faim et \u00e0 stimuler le m\u00e9tatolisme.<\/p>","protected":false},"featured_media":25231,"template":"","meta":{"arc_restricted_post":false},"product_cat":[49,347],"product_tag":[],"_links":{"self":[{"href":"https:\/\/www.sopha-sahara.com\/en\/wp-json\/wp\/v2\/product\/25130"}],"collection":[{"href":"https:\/\/www.sopha-sahara.com\/en\/wp-json\/wp\/v2\/product"}],"about":[{"href":"https:\/\/www.sopha-sahara.com\/en\/wp-json\/wp\/v2\/types\/product"}],"wp:featuredmedia":[{"embeddable":true,"href":"https:\/\/www.sopha-sahara.com\/en\/wp-json\/wp\/v2\/media\/25231"}],"wp:attachment":[{"href":"https:\/\/www.sopha-sahara.com\/en\/wp-json\/wp\/v2\/media?parent=25130"}],"wp:term":[{"taxonomy":"product_cat","embeddable":true,"href":"https:\/\/www.sopha-sahara.com\/en\/wp-json\/wp\/v2\/product_cat?post=25130"},{"taxonomy":"product_tag","embeddable":true,"href":"https:\/\/www.sopha-sahara.com\/en\/wp-json\/wp\/v2\/product_tag?post=25130"}],"curies":[{"name":"wp","href":"https:\/\/api.w.org\/{rel}","templated":true}]}}