{"id":25129,"date":"2020-12-24T10:19:35","date_gmt":"2020-12-24T09:19:35","guid":{"rendered":"https:\/\/www.interbusinesschamber.com\/produit\/chinacea-100-60-comprimes\/"},"modified":"2020-12-25T14:15:41","modified_gmt":"2020-12-25T13:15:41","slug":"chinacea-100-60-comprimes","status":"publish","type":"product","link":"https:\/\/www.sopha-sahara.com\/en\/product\/chinacea-100-60-comprimes\/","title":{"rendered":"chinacea 100% 60 comprim\u00e9s"},"content":{"rendered":"<div class=\"prodsch_txt\">\n<div>\n<div>\n<div>\n<div><strong>PHARMALIFE RESEARCH ECHINACEA 100%<\/strong><\/div>\n<\/div>\n<p>Compl\u00e9ment alimentaire<\/p>\n<p>Echinacea 100% est un extrait hautement purifi\u00e9, titr\u00e9 et normalis\u00e9 d\u2019Echinacea angustifolia.<\/p>\n<p>RECOMMENDATION: L\u2019Echinac\u00e9e angustifoli\u00e9e appartient \u00e0 la famille des Asteraceae. Les constituants chimiques sont repr\u00e9sent\u00e9s par: des polysaccharides, des glycoprot\u00e9ines, des flavono\u00efdes, des d\u00e9riv\u00e9s de l\u2019acide caf\u00e9ique (acide de chicor\u00e9e et echinacoside), des poly\u00e8nes, des alchilamides et une huile essentielle.<\/p>\n<p>CONTENU NET 30 grammes<\/p>\n<p>STOCKAGE: Garder dans un endroit frais et sec.<\/p>\n<div>\n<h4 class=\"tabnut_tit\">INFORMATION NUTRITIONNELLE<\/h4>\n<div class=\"tabnut_table\">\n<table class=\"iaftable iaftable_temp\" cellspacing=\"0\" align=\"center\">\n<tbody>\n<tr>\n<td class=\"tabnut_medsep-top\">\n<div>\n<div>\n<div>\n<p><strong>Analyse moyenne<\/strong><\/p>\n<\/div>\n<\/div>\n<\/div>\n<\/td>\n<td class=\"tabnut_medsep-top\"><strong>Par 100g<\/strong><\/td>\n<td class=\"tabnut_medsep-top\"><strong>Par dose quotidienne (6 comprim\u00e9s)<\/strong><\/td>\n<\/tr>\n<tr>\n<td class=\"tabnut_medsep-btm tabnut_medsep-top\">Echinacea e.s.<br \/>dont les polysaccharides<br \/>dont echiancoside<\/td>\n<td class=\"tabnut_medsep-btm tabnut_medsep-top\">\n<div>20g<\/div>\n<div>4,0g<\/div>\n<p>0,8g<\/td>\n<td class=\"tabnut_medsep-btm tabnut_medsep-top\">\n<div>0,6g<\/div>\n<div>0,12g<\/div>\n<p>0,024g<\/td>\n<\/tr>\n<tr>\n<td class=\"tabnut_medsep-btm\" colspan=\"3\"><strong>Ingr\u00e9dients:\u00a0<\/strong>Echinac\u00e9e angustifoli\u00e9e extrait sec titr\u00e9 \u00e0 4% d\u2019echinacoside et \u00e0 20% de polysaccharides, Calcium phosphate, st\u00e9arate de magn\u00e9sium, bioxyde de silicium.<\/td>\n<\/tr>\n<\/tbody>\n<\/table>\n<\/div>\n<\/div>\n<\/div>\n<\/div>\n<\/div>\n<div class=\"prodsch_avvert\">\n<div>Lisez attentivement l\u2019\u00e9tiquette et les informations concernant le produit ainsi que le mode d\u2019emploi.<br \/>Ne pas d\u00e9passer la dose journali\u00e8re indiqu\u00e9e.<br \/>Tenir hors de port\u00e9e des jeunes enfants.<br \/>Les compl\u00e9ments alimentaires ne soient utilis\u00e9s comme substituts d'un r\u00e9gime alimentaire vari\u00e9.<\/div>\n<div>IAF network vous rappelled l\u2019importance d\u2019une alimentation vari\u00e9e et \u00e9quilibr\u00e9e et \u00e0 un mode de vie sain.<\/div>\n<\/div>","protected":false},"excerpt":{"rendered":"<p>Pharmalife Research Echinacea 100% 60 comprim\u00e9s. Echinacea 100% est un extrait hautement purifi\u00e9, titr\u00e9 et normalis\u00e9 d\u2019Echinacea angustifolia.<\/p>","protected":false},"featured_media":25247,"template":"","meta":{"arc_restricted_post":false},"product_cat":[49,347],"product_tag":[],"_links":{"self":[{"href":"https:\/\/www.sopha-sahara.com\/en\/wp-json\/wp\/v2\/product\/25129"}],"collection":[{"href":"https:\/\/www.sopha-sahara.com\/en\/wp-json\/wp\/v2\/product"}],"about":[{"href":"https:\/\/www.sopha-sahara.com\/en\/wp-json\/wp\/v2\/types\/product"}],"wp:featuredmedia":[{"embeddable":true,"href":"https:\/\/www.sopha-sahara.com\/en\/wp-json\/wp\/v2\/media\/25247"}],"wp:attachment":[{"href":"https:\/\/www.sopha-sahara.com\/en\/wp-json\/wp\/v2\/media?parent=25129"}],"wp:term":[{"taxonomy":"product_cat","embeddable":true,"href":"https:\/\/www.sopha-sahara.com\/en\/wp-json\/wp\/v2\/product_cat?post=25129"},{"taxonomy":"product_tag","embeddable":true,"href":"https:\/\/www.sopha-sahara.com\/en\/wp-json\/wp\/v2\/product_tag?post=25129"}],"curies":[{"name":"wp","href":"https:\/\/api.w.org\/{rel}","templated":true}]}}