{"id":25128,"date":"2020-12-24T10:19:35","date_gmt":"2020-12-24T09:19:35","guid":{"rendered":"https:\/\/www.interbusinesschamber.com\/produit\/prostate-30-comprimes\/"},"modified":"2020-12-25T15:32:30","modified_gmt":"2020-12-25T14:32:30","slug":"prostate-30-comprimes","status":"publish","type":"product","link":"https:\/\/www.sopha-sahara.com\/en\/product\/prostate-30-comprimes\/","title":{"rendered":"Prostat\u00e8 30 comprim\u00e9s"},"content":{"rendered":"<div class=\"prodsch_txt\">\n<div>\n<div>\n<div>\n<div><strong>PHARMALIFE RESEARCH PROSTAT\u00c8<\/strong><\/div>\n<\/div>\n<p>Compl\u00e9ment nutritionnel<\/p>\n<p>Prostat\u00e8 est un compl\u00e9ment alimentaire \u00e0 base d'extrait de th\u00e9 vert titr\u00e9 \u00e0 98% en polyph\u00e9nols, \u00e0 75% en cat\u00e9chines et \u00e0 40% en extrait de graines de soja (glycine max) titr\u00e9 \u00e0 40% en isoflavones.<\/p>\n<p>Contribue a maintenir la prostate en bonne sante - renforce l\u2019organisme contre les dommages oxydatifs - contribue a prevenir la formation de tumeurs de la prostate<\/p>\n<p>RECOMMENDATION: un comprim\u00e9 par jour ou plus, le cas \u00e9ch\u00e9ant, si possible le matin au petit-d\u00e9jeuner, avec un verre d\u2019eau.<\/p>\n<p>CONTENU NET 28,5 grammes<\/p>\n<p>STOCKAGE: Garder dans un endroit frais et sec.<\/p><\/div>\n<div>\u00a0<\/p>\n<div>\n<h4 class=\"tabnut_tit\">INFORMATION NUTRITIONNELLE<\/h4>\n<div class=\"tabnut_table\">\n<table class=\"iaftable iaftable_temp\" cellspacing=\"0\" align=\"center\">\n<tbody>\n<tr>\n<td class=\"tabnut_medsep-top\">\n<div>\n<div>\n<div>\n<p><strong>Analyse moyenne<\/strong><\/p>\n<\/div>\n<\/div>\n<\/div>\n<\/td>\n<td class=\"tabnut_medsep-top\"><strong>Par 100g<\/strong><\/td>\n<td class=\"tabnut_medsep-top\"><strong>Par dose quotidienne (1 comprim\u00e9)<\/strong><\/td>\n<\/tr>\n<tr>\n<td class=\"tabnut_medsep-btm\">Extrait de Th\u00e9 Vert<\/td>\n<td class=\"tabnut_medsep-btm\">63,16g<\/td>\n<td class=\"tabnut_medsep-btm\">0,6g<\/td>\n<\/tr>\n<tr>\n<td class=\"tabnut_medsep-top\">Extrait sec de soja<\/td>\n<td class=\"tabnut_medsep-top\">21,05g<\/td>\n<td class=\"tabnut_medsep-top\">0,2g<\/td>\n<\/tr>\n<tr>\n<td class=\"tabnut_medsep-btm\" colspan=\"3\">\n<div>\n<div>\n<div>\n<div>\n<div>\n<div>* Pourcentage des valeurs journali\u00e8res bas\u00e9 sur un r\u00e9gime de 2000 calories<\/div>\n<\/div>\n<\/div>\n<\/div>\n<\/div>\n<\/div>\n<\/td>\n<\/tr>\n<tr>\n<td colspan=\"3\">\n<div>\n<div>\n<div>\u2020 Valeurs journali\u00e8res non \u00e9tablies<\/div>\n<\/div>\n<\/div>\n<\/td>\n<\/tr>\n<tr>\n<td colspan=\"3\"><strong>Ingr\u00e9dients:\u00a0<\/strong>Th\u00e9 vert (Camellia sinensis) extrait s\u00e9c,Soja (Glycine max) extrait s\u00e9c, cellulose microcristalline, phosphate de calcium, dioxyde de silicium, st\u00e9arate de magn\u00e9sium.<\/td>\n<\/tr>\n<\/tbody>\n<\/table>\n<\/div>\n<\/div>\n<p>&nbsp;<\/p>\n<\/div>\n<div>\n<div>\u00a0<\/div>\n<\/div>\n<\/div>\n<\/div>\n<div class=\"prodsch_avvert\">D\u00e9conseill\u00e9 en dehors des repas, ainsi que aux enfants, adolescents, femmes enceintes ou allaitantes.<br \/>D\u00e9conseill\u00e9 \u00e0 l'usage chez les femmes ayant des ant\u00e9c\u00e9dents personnels ou familiaux de cancer du sein.<\/p>\n<div>Lisez attentivement l\u2019\u00e9tiquette et les informations concernant le produit ainsi que le mode d\u2019emploi.<br \/>Ne pas d\u00e9passer la dose journali\u00e8re indiqu\u00e9e.<br \/>Tenir hors de port\u00e9e des jeunes enfants.<br \/>Les compl\u00e9ments alimentaires ne soient utilis\u00e9s comme substituts d'un r\u00e9gime alimentaire vari\u00e9.<\/div>\n<div>IAF network vous rappelled l\u2019importance d\u2019une alimentation vari\u00e9e et \u00e9quilibr\u00e9e et \u00e0 un mode de vie sain.<\/div>\n<\/div>","protected":false},"excerpt":{"rendered":"<p>Pharmalife Research Prostat\u00e8 30 comprim\u00e9s. Prostat\u00e8 est un compl\u00e9ment alimentaire \u00e0 base d&rsquo;extrait de th\u00e9 vert titr\u00e9 \u00e0 98% en polyph\u00e9nols, \u00e0 75% en cat\u00e9chines et \u00e0 40% en extrait de graines de soja (glycine max) titr\u00e9 \u00e0 40% en isoflavones.<\/p>","protected":false},"featured_media":25352,"template":"","meta":{"arc_restricted_post":false},"product_cat":[49,347],"product_tag":[],"_links":{"self":[{"href":"https:\/\/www.sopha-sahara.com\/en\/wp-json\/wp\/v2\/product\/25128"}],"collection":[{"href":"https:\/\/www.sopha-sahara.com\/en\/wp-json\/wp\/v2\/product"}],"about":[{"href":"https:\/\/www.sopha-sahara.com\/en\/wp-json\/wp\/v2\/types\/product"}],"wp:featuredmedia":[{"embeddable":true,"href":"https:\/\/www.sopha-sahara.com\/en\/wp-json\/wp\/v2\/media\/25352"}],"wp:attachment":[{"href":"https:\/\/www.sopha-sahara.com\/en\/wp-json\/wp\/v2\/media?parent=25128"}],"wp:term":[{"taxonomy":"product_cat","embeddable":true,"href":"https:\/\/www.sopha-sahara.com\/en\/wp-json\/wp\/v2\/product_cat?post=25128"},{"taxonomy":"product_tag","embeddable":true,"href":"https:\/\/www.sopha-sahara.com\/en\/wp-json\/wp\/v2\/product_tag?post=25128"}],"curies":[{"name":"wp","href":"https:\/\/api.w.org\/{rel}","templated":true}]}}