{"id":25127,"date":"2020-12-24T10:19:34","date_gmt":"2020-12-24T09:19:34","guid":{"rendered":"https:\/\/www.interbusinesschamber.com\/produit\/resveratrolo-100-30-comprimes\/"},"modified":"2020-12-25T15:34:56","modified_gmt":"2020-12-25T14:34:56","slug":"resveratrolo-100-30-comprimes","status":"publish","type":"product","link":"https:\/\/www.sopha-sahara.com\/en\/product\/resveratrolo-100-30-comprimes\/","title":{"rendered":"Resveratrolo 100%  30 comprim\u00e9s"},"content":{"rendered":"<div class=\"prodsch_txt\">\n<div>\n<div>\n<div>\n<div>\n<div>\n<div><strong>PHARMALIFE RESEARCH RESVERATROLO 100%<\/strong><\/div>\n<\/div>\n<\/div>\n<\/div>\n<p>Compl\u00e9ment alimentaire<\/p>\n<p>100% Resveretrolo est un extrait hautement purifi\u00e9 de Polygonum cuspitadutm, titr\u00e9 et normalis\u00e9 \u00e0 50% en resv\u00e9ratrol.<\/p>\n<p>CONTENU NET 24 grammes<\/p>\n<p>STOCKAGE: Garder dans un endroit frais et sec.<\/p>\n<div>\n<h4 class=\"tabnut_tit\">INFORMATION NUTRITIONNELLE<\/h4>\n<div class=\"tabnut_table\">\n<table class=\"iaftable iaftable_temp\" cellspacing=\"0\" align=\"center\">\n<tbody>\n<tr>\n<td class=\"tabnut_medsep-top\">\n<div>\n<div>\n<div>\n<p><strong>Analyse moyenne<\/strong><\/p>\n<\/div>\n<\/div>\n<\/div>\n<\/td>\n<td class=\"tabnut_medsep-top\"><strong>Par 100g<\/strong><\/td>\n<td class=\"tabnut_medsep-top\"><strong>Par dose quotidienne (1 comprim\u00e9)<\/strong><\/td>\n<\/tr>\n<tr>\n<td class=\"tabnut_medsep-btm\"><span id=\"result_box\" class=\"short_text\" lang=\"fr\">Poligomun\u00a0<span class=\"hps\">cuspidatum\u00a0e.s.<br \/>dont\u00a0le resv\u00e9ratrol<\/span><\/span><\/td>\n<td class=\"tabnut_medsep-btm\">\n<div>50g<\/div>\n<div>25g<\/div>\n<\/td>\n<td class=\"tabnut_medsep-btm\">\n<div>0,4g<\/div>\n<div>0,2g<\/div>\n<\/td>\n<\/tr>\n<\/tbody>\n<\/table>\n<\/div>\n<\/div>\n<\/div>\n<div class=\"iaf_ingred tabnut_table\"><strong>Ingr\u00e9dients:<\/strong>\u00a0standardis\u00e9 \u00e0 50% d'extrait sec de Polygonum cuspidatum en resv\u00e9ratrol, le st\u00e9arate de magn\u00e9sium, le phosphate de calcium, la cellulose microcristalline, le dioxyde de silicium.<\/div>\n<\/div>\n<\/div>\n<div class=\"prodsch_avvert\">\n<div>Lisez attentivement l\u2019\u00e9tiquette et les informations concernant le produit ainsi que le mode d\u2019emploi.<br \/>Ne pas d\u00e9passer la dose journali\u00e8re indiqu\u00e9e.<br \/>Tenir hors de port\u00e9e des jeunes enfants.<br \/>Les compl\u00e9ments alimentaires ne soient utilis\u00e9s comme substituts d'un r\u00e9gime alimentaire vari\u00e9.<\/div>\n<div>IAF network vous rappelled l\u2019importance d\u2019une alimentation vari\u00e9e et \u00e9quilibr\u00e9e et \u00e0 un mode de vie sain.<\/div>\n<\/div>","protected":false},"excerpt":{"rendered":"<p>Pharmalife Research Resveratrolo 100% 30 comprim\u00e9s. 100% Resveretrolo est un extrait hautement purifi\u00e9 de Polygonum cuspitadutm, titr\u00e9 et normalis\u00e9 \u00e0 50% en resv\u00e9ratrol.<\/p>","protected":false},"featured_media":25355,"template":"","meta":{"arc_restricted_post":false},"product_cat":[49,347],"product_tag":[],"_links":{"self":[{"href":"https:\/\/www.sopha-sahara.com\/en\/wp-json\/wp\/v2\/product\/25127"}],"collection":[{"href":"https:\/\/www.sopha-sahara.com\/en\/wp-json\/wp\/v2\/product"}],"about":[{"href":"https:\/\/www.sopha-sahara.com\/en\/wp-json\/wp\/v2\/types\/product"}],"wp:featuredmedia":[{"embeddable":true,"href":"https:\/\/www.sopha-sahara.com\/en\/wp-json\/wp\/v2\/media\/25355"}],"wp:attachment":[{"href":"https:\/\/www.sopha-sahara.com\/en\/wp-json\/wp\/v2\/media?parent=25127"}],"wp:term":[{"taxonomy":"product_cat","embeddable":true,"href":"https:\/\/www.sopha-sahara.com\/en\/wp-json\/wp\/v2\/product_cat?post=25127"},{"taxonomy":"product_tag","embeddable":true,"href":"https:\/\/www.sopha-sahara.com\/en\/wp-json\/wp\/v2\/product_tag?post=25127"}],"curies":[{"name":"wp","href":"https:\/\/api.w.org\/{rel}","templated":true}]}}