{"id":25126,"date":"2020-12-24T10:19:32","date_gmt":"2020-12-24T09:19:32","guid":{"rendered":"https:\/\/www.interbusinesschamber.com\/produit\/maca-100-60-comprimes\/"},"modified":"2020-12-25T15:02:31","modified_gmt":"2020-12-25T14:02:31","slug":"maca-100-60-comprimes","status":"publish","type":"product","link":"https:\/\/www.sopha-sahara.com\/en\/product\/maca-100-60-comprimes\/","title":{"rendered":"Maca 100% 60 comprim\u00e9s"},"content":{"rendered":"<div class=\"prodsch_txt\">\n<div>\n<div>\n<div>\n<div>\n<div>\n<div>\n<div><strong>PHARMALIFE RESEARCH MACA 100%<\/strong><\/div>\n<\/div>\n<\/div>\n<\/div>\n<\/div>\n<p>Compl\u00e9ment alimentaire<\/p>\n<p>Maca 100% est un extrait de Maca hautement purifi\u00e9, titr\u00e9 et normalis\u00e9.<\/p>\n<p>La Maca ou Lepidium meyenii Walp. appartien \u00e0 l\u00e0 famille des Crucif\u00e8res (Brassicacee). C'est une plante herbac\u00e9e annuelle avec une racine tub\u00e9reuse en forme typique de poire, longue de 10-14 cm, diam\u00e8tre 3-5 cm, \u00e0 la couleur variable du jaune au rouge fonc\u00e9. Cultiv\u00e9 sur le Andes p\u00e9ruviennes, elle a \u00e9t\u00e9 utilis\u00e9e pendant des si\u00e8cles par les populations Inca pour ses effets r\u00e9g\u00e9n\u00e9rants sur l'homme: le plus probant est celui de sa libido qui augmente de 200 pour cent. La tradition Inca est corrobor\u00e9e par une preuve scientifique: une \u00e9tude de l'Universit\u00e9 P\u00e9ruvienne Cayetano Heredia a administr\u00e9 un extrait de Maca \u00e0 un \u00e9chantillon de 12 volontaires masculins. La recherche ne s'est pas limit\u00e9e \u00e0 v\u00e9rifier l'augmentation du d\u00e9sir sexuel des sujets int\u00e9ress\u00e9s mais elle aurait d\u00e9couvert \u00e9galement d'autres vertus miraculeuses: elle double la production de spermatozoides, elle baisse la pression et diffuse une sensation de bien-\u00eatre.<\/p>\n<p>RECOMMENDATION: de 2 \u00e0 4 comprim\u00e9s par jour ou plus si n\u00e9cessaire. Il vaut mieux prendre les g\u00e9lules entre les repas.<\/p>\n<p>CONTENU NET 30 grammes<\/p>\n<p>STOCKAGE: Garder dans un endroit frais et sec.<\/p>\n<div>\n<h4 class=\"tabnut_tit\">INFORMATION NUTRITIONNELLE<\/h4>\n<div class=\"tabnut_table\">\n<table class=\"iaftable iaftable_temp\" cellspacing=\"0\" align=\"center\">\n<tbody>\n<tr>\n<td class=\"tabnut_medsep-top\">\n<div>\n<div>\n<div>\n<p><strong>Analyse moyenne<\/strong><\/p>\n<\/div>\n<\/div>\n<\/div>\n<\/td>\n<td class=\"tabnut_medsep-top\"><strong>Par 100g<\/strong><\/td>\n<td class=\"tabnut_medsep-top\"><strong>Par dose quotidienne (4 comprim\u00e9s)<\/strong><\/td>\n<\/tr>\n<tr>\n<td class=\"tabnut_medsep-btm tabnut_medsep-top\">Maca e.s.<\/td>\n<td class=\"tabnut_medsep-btm tabnut_medsep-top\">\n<div>24g<\/div>\n<\/td>\n<td class=\"tabnut_medsep-btm tabnut_medsep-top\">\n<div>0,48g<\/div>\n<\/td>\n<\/tr>\n<tr>\n<td class=\"tabnut_medsep-btm\" colspan=\"3\"><strong>Ingr\u00e9dients:\u00a0<\/strong>Maca extrait sec titr\u00e9 \u00e0 1% en isotiocianates. Cellulose, calcium phosphate, st\u00e9arate de magn\u00e9sium, bioxyde de silicium.<\/td>\n<\/tr>\n<\/tbody>\n<\/table>\n<\/div>\n<\/div>\n<\/div>\n<\/div>\n<\/div>\n<div class=\"prodsch_avvert\">\n<div>Lisez attentivement l\u2019\u00e9tiquette et les informations concernant le produit ainsi que le mode d\u2019emploi.<br \/>Ne pas d\u00e9passer la dose journali\u00e8re indiqu\u00e9e.<br \/>Tenir hors de port\u00e9e des jeunes enfants.<br \/>Les compl\u00e9ments alimentaires ne soient utilis\u00e9s comme substituts d'un r\u00e9gime alimentaire vari\u00e9.<\/div>\n<div>IAF network vous rappelled l\u2019importance d\u2019une alimentation vari\u00e9e et \u00e9quilibr\u00e9e et \u00e0 un mode de vie sain.<\/div>\n<\/div>","protected":false},"excerpt":{"rendered":"<p>Pharmalife Research Maca 100% 60 comprim\u00e9s. Maca 100% est un extrait de Maca hautement purifi\u00e9, titr\u00e9 et normalis\u00e9.<\/p>","protected":false},"featured_media":25314,"template":"","meta":{"arc_restricted_post":false},"product_cat":[49,347],"product_tag":[],"_links":{"self":[{"href":"https:\/\/www.sopha-sahara.com\/en\/wp-json\/wp\/v2\/product\/25126"}],"collection":[{"href":"https:\/\/www.sopha-sahara.com\/en\/wp-json\/wp\/v2\/product"}],"about":[{"href":"https:\/\/www.sopha-sahara.com\/en\/wp-json\/wp\/v2\/types\/product"}],"wp:featuredmedia":[{"embeddable":true,"href":"https:\/\/www.sopha-sahara.com\/en\/wp-json\/wp\/v2\/media\/25314"}],"wp:attachment":[{"href":"https:\/\/www.sopha-sahara.com\/en\/wp-json\/wp\/v2\/media?parent=25126"}],"wp:term":[{"taxonomy":"product_cat","embeddable":true,"href":"https:\/\/www.sopha-sahara.com\/en\/wp-json\/wp\/v2\/product_cat?post=25126"},{"taxonomy":"product_tag","embeddable":true,"href":"https:\/\/www.sopha-sahara.com\/en\/wp-json\/wp\/v2\/product_tag?post=25126"}],"curies":[{"name":"wp","href":"https:\/\/api.w.org\/{rel}","templated":true}]}}