{"id":25125,"date":"2020-12-24T10:19:31","date_gmt":"2020-12-24T09:19:31","guid":{"rendered":"https:\/\/www.interbusinesschamber.com\/produit\/metabolix-45-comprimes\/"},"modified":"2020-12-25T15:09:05","modified_gmt":"2020-12-25T14:09:05","slug":"metabolix-45-comprimes","status":"publish","type":"product","link":"https:\/\/www.sopha-sahara.com\/en\/product\/metabolix-45-comprimes\/","title":{"rendered":"Metabolix 45 comprim\u00e9s"},"content":{"rendered":"<div class=\"prodsch_txt\">\n<div>\n<div>\n<div>\n<div><strong>PHARMALIFE RESEARCH METABOLIX<\/strong><\/div>\n<\/div>\n<p>Compl\u00e9ment alimentaire<\/p>\n<p>METABOLIX est un compl\u00e9ment alimentaire indiqu\u00e9 pour toutes les personnes qui subissent un ralentissement de leur m\u00e9tabolisme et qui n'arrivent pas \u00e0 perdre du poids, m\u00eame avec des restrictions alimentaires.<\/p>\n<p>RECOMMENDATION: un \u00e0 deux comprim\u00e9s avant le d\u00e9jeuner et un \u00e0 deux comprim\u00e9s avant le d\u00eener avec un grand verre d\u2019eau.<\/p>\n<p>CONTENU NET 40,5 grammes<\/p>\n<p>STOCKAGE: Garder dans un endroit frais et sec.<\/p><\/div>\n<div>\u00a0<\/p>\n<div>\n<h4 class=\"tabnut_tit\">INFORMATION NUTRITIONNELLE<\/h4>\n<div class=\"tabnut_table\">\n<table class=\"iaftable iaftable_temp\" cellspacing=\"0\" align=\"center\">\n<tbody>\n<tr>\n<td class=\"tabnut_medsep-top\">\n<div>\n<div>\n<div>\n<p><strong>Analyse moyenne<\/strong><\/p>\n<\/div>\n<\/div>\n<\/div>\n<\/td>\n<td class=\"tabnut_medsep-top\"><strong>Par 100g<\/strong><\/td>\n<td class=\"tabnut_medsep-top\"><strong>Par dose quotidienne (4 comprim\u00e9s)<\/strong><\/td>\n<td class=\"tabnut_medsep-top\"><strong>*% AJR<\/strong><\/td>\n<\/tr>\n<tr>\n<td class=\"tabnut_medsep-btm\">Extrait sec de th\u00e9 vert<br \/>dont polyph\u00e9nols<br \/>dont cat\u00e9chines<br \/>dont l'EGCG<\/td>\n<td class=\"tabnut_medsep-btm\">\n<div>27,78g<\/div>\n<div>27,22g<\/div>\n<div>20,41g<\/div>\n<div>8,17g<\/div>\n<\/td>\n<td class=\"tabnut_medsep-btm\">\n<div>1,00g<\/div>\n<div>0,98g<\/div>\n<div>0,73g<\/div>\n<div>0,29g<\/div>\n<\/td>\n<td class=\"tabnut_medsep-btm\">\u00a0<\/td>\n<\/tr>\n<tr>\n<td>\n<div>Extrait sec de Guarana<\/div>\n<\/td>\n<td>\n<div>22,22g<\/div>\n<\/td>\n<td>\n<div>0,80g<\/div>\n<\/td>\n<td>\u00a0<\/td>\n<\/tr>\n<tr>\n<td>\n<div>Poudre d'algues wakame<\/div>\n<\/td>\n<td>\n<div>11,11g<\/div>\n<\/td>\n<td>\n<div>0,40g<\/div>\n<\/td>\n<td>\u00a0<\/td>\n<\/tr>\n<tr>\n<td>Extrait de caf\u00e9 vert sec<br \/>dont l'acide chlorog\u00e9nique<\/td>\n<td>\n<div>11,11g<\/div>\n<div>5,00g<\/div>\n<\/td>\n<td>\n<div>0,40g<\/div>\n<div>0,18g<\/div>\n<\/td>\n<td>\u00a0<\/td>\n<\/tr>\n<tr>\n<td>\n<div>Extrait sec Lagerstroemia<\/div>\n<\/td>\n<td>\n<div>5,56g<\/div>\n<\/td>\n<td>\n<div>0,20g<\/div>\n<\/td>\n<td>\u00a0<\/td>\n<\/tr>\n<tr>\n<td class=\"tabnut_medsep-top\">\n<div>Iode<\/div>\n<\/td>\n<td class=\"tabnut_medsep-top\">\n<div>6250mcg<\/div>\n<\/td>\n<td class=\"tabnut_medsep-top\">\n<div>225mg<\/div>\n<\/td>\n<td class=\"tabnut_medsep-top\">150%<\/td>\n<\/tr>\n<tr>\n<td class=\"tabnut_medsep-btm\" colspan=\"4\">\n<div>\n<div>\n<div>\n<div>\n<div>\n<div>* Pourcentage des valeurs journali\u00e8res bas\u00e9 sur un r\u00e9gime de 2000 calories<\/div>\n<\/div>\n<\/div>\n<\/div>\n<\/div>\n<\/div>\n<\/td>\n<\/tr>\n<tr>\n<td colspan=\"4\">\n<div>\n<div>\n<div>\n<p>\u2020 Valeurs journali\u00e8res non \u00e9tablies<\/p>\n<\/div>\n<\/div>\n<\/div>\n<\/td>\n<\/tr>\n<tr>\n<td colspan=\"4\">\n<div>\n<div>\n<div>\n<p><strong>Ingr\u00e9dients:\u00a0<\/strong>extrait sec de feuilles de Th\u00e9 vert (Camellia sinensis; maltodextrine) titr\u00e9 \u00e0 98% en polyph\u00e9nols, 75% en cat\u00e9chines et 40% en EGCG (Epigallo cat\u00e9chine 3 gallate), extrait sec de Guarana (Paullinia cupana, maltodextrine), extrait sec de Caf\u00e9 vert (Coffea arabica, maltodextrine) titr\u00e9 \u00e0 45% d\u2019acide chlorog\u00e9nique, poudre d\u2019algue Wakam\u00e9 (Undaria pinnatifida), extrait sec de feuilles de Lilas des Indes (Lagerstroemia speciosa, maltodextrine) titr\u00e9 \u00e0 1 % d\u2019acide corosolique<\/p>\n<\/div>\n<\/div>\n<\/div>\n<\/td>\n<\/tr>\n<\/tbody>\n<\/table>\n<\/div>\n<\/div>\n<\/div>\n<div>\n<div>\u00a0<\/div>\n<\/div>\n<\/div>\n<\/div>\n<div class=\"prodsch_avvert\">D\u00e9conseill\u00e9 en dehors des repas, ainsi que aux enfants, adolescents, femmes enceintes ou allaitantes.<\/p>\n<div>Lisez attentivement l\u2019\u00e9tiquette et les informations concernant le produit ainsi que le mode d\u2019emploi.<br \/>Ne pas d\u00e9passer la dose journali\u00e8re indiqu\u00e9e.<br \/>Tenir hors de port\u00e9e des jeunes enfants.<br \/>Les compl\u00e9ments alimentaires ne soient utilis\u00e9s comme substituts d'un r\u00e9gime alimentaire vari\u00e9.<\/div>\n<div>IAF network vous rappelled l\u2019importance d\u2019une alimentation vari\u00e9e et \u00e9quilibr\u00e9e et \u00e0 un mode de vie sain.<\/div>\n<\/div>","protected":false},"excerpt":{"rendered":"<p>Pharmalife Research Metabolix 45 comprim\u00e9s. METABOLIX est un compl\u00e9ment alimentaire indiqu\u00e9 pour toutes les personnes qui subissent un ralentissement de leur m\u00e9tabolisme et qui n&rsquo;arrivent pas \u00e0 perdre du poids, m\u00eame avec des restrictions alimentaires.<\/p>","protected":false},"featured_media":25320,"template":"","meta":{"arc_restricted_post":false},"product_cat":[49,347],"product_tag":[],"_links":{"self":[{"href":"https:\/\/www.sopha-sahara.com\/en\/wp-json\/wp\/v2\/product\/25125"}],"collection":[{"href":"https:\/\/www.sopha-sahara.com\/en\/wp-json\/wp\/v2\/product"}],"about":[{"href":"https:\/\/www.sopha-sahara.com\/en\/wp-json\/wp\/v2\/types\/product"}],"wp:featuredmedia":[{"embeddable":true,"href":"https:\/\/www.sopha-sahara.com\/en\/wp-json\/wp\/v2\/media\/25320"}],"wp:attachment":[{"href":"https:\/\/www.sopha-sahara.com\/en\/wp-json\/wp\/v2\/media?parent=25125"}],"wp:term":[{"taxonomy":"product_cat","embeddable":true,"href":"https:\/\/www.sopha-sahara.com\/en\/wp-json\/wp\/v2\/product_cat?post=25125"},{"taxonomy":"product_tag","embeddable":true,"href":"https:\/\/www.sopha-sahara.com\/en\/wp-json\/wp\/v2\/product_tag?post=25125"}],"curies":[{"name":"wp","href":"https:\/\/api.w.org\/{rel}","templated":true}]}}