{"id":25123,"date":"2020-12-24T10:19:31","date_gmt":"2020-12-24T09:19:31","guid":{"rendered":"https:\/\/www.interbusinesschamber.com\/produit\/ribes-100-50ml\/"},"modified":"2020-12-25T15:38:19","modified_gmt":"2020-12-25T14:38:19","slug":"ribes-100-50ml","status":"publish","type":"product","link":"https:\/\/www.sopha-sahara.com\/en\/product\/ribes-100-50ml\/","title":{"rendered":"Ribes 100% 50ml"},"content":{"rendered":"<div class=\"prodsch_txt\">\n<div>\n<div>\n<div>\n<div>\n<div>\n<div>\n<div>\n<div><strong>PHARMALIFE RESEARCH RIBES 100%<\/strong><\/div>\n<\/div>\n<\/div>\n<\/div>\n<\/div>\n<\/div>\n<p>Compl\u00e9ment alimentaire \u00e0 base de groseille<\/p>\n<p>Ribes 100% est un extrait hautement purifi\u00e9 de glyc\u00e9rine mac\u00e9r\u00e9e, d'huile et d'extrait sec de groseille.<\/p>\n<p>CONTENU NET: 50ml<\/p>\n<p>STOCKAGE: Garder dans un endroit frais et sec.<\/p>\n<div>\n<h4 class=\"tabnut_tit\">INFORMATION NUTRITIONNELLE<\/h4>\n<div class=\"tabnut_table\">\n<table class=\"iaftable iaftable_temp\" cellspacing=\"0\" align=\"center\">\n<tbody>\n<tr>\n<td class=\"tabnut_medsep-top\">\n<div>\n<div>\n<div>\n<p><strong>Analyse moyenne<\/strong><\/p>\n<\/div>\n<\/div>\n<\/div>\n<\/td>\n<td class=\"tabnut_medsep-top\"><strong>Par 100ml<\/strong><\/td>\n<td class=\"tabnut_medsep-top\"><strong>Par 5ml<\/strong><\/td>\n<\/tr>\n<tr>\n<td class=\"tabnut_medsep-btm\">\n<div>Groseille laisse e.i.<\/div>\n<\/td>\n<td class=\"tabnut_medsep-btm\">60g<\/td>\n<td class=\"tabnut_medsep-btm\">\n<div>3,0g<\/div>\n<\/td>\n<\/tr>\n<tr>\n<td>\n<div>Huile de groseille<\/div>\n<\/td>\n<td>16g<\/td>\n<td>\n<div>0,8g<\/div>\n<\/td>\n<\/tr>\n<tr>\n<td>Baies de\u00a0groseille e.s.<br \/>dont anthocyanosides<\/td>\n<td>\n<div>1000mg<\/div>\n<div>70mg<\/div>\n<\/td>\n<td>\n<div>50mg<\/div>\n<div>3,5mg<\/div>\n<\/td>\n<\/tr>\n<\/tbody>\n<\/table>\n<\/div>\n<\/div>\n<\/div>\n<div class=\"iaf_ingred tabnut_table\"><strong>Ingr\u00e9dients:<\/strong>\u00a0cassis mac\u00e9r\u00e9 de glyc\u00e9rine (Ribes nigrum), huile (Ribes nigrum), groseille extrait sec (Ribes nigrum).<\/div>\n<\/div>\n<\/div>\n<div class=\"prodsch_avvert\">\n<div>Lisez attentivement l\u2019\u00e9tiquette et les informations concernant le produit ainsi que le mode d\u2019emploi.<br \/>Ne pas d\u00e9passer la dose journali\u00e8re indiqu\u00e9e.<br \/>Tenir hors de port\u00e9e des jeunes enfants.<br \/>Les compl\u00e9ments alimentaires ne soient utilis\u00e9s comme substituts d'un r\u00e9gime alimentaire vari\u00e9.<\/div>\n<div>IAF network vous rappelled l\u2019importance d\u2019une alimentation vari\u00e9e et \u00e9quilibr\u00e9e et \u00e0 un mode de vie sain.<\/div>\n<\/div>","protected":false},"excerpt":{"rendered":"<p class=\"productabstract\">Pharmalife Research Ribes 100% 50ml. Ribes 100% est un extrait hautement purifi\u00e9 de glyc\u00e9rine mac\u00e9r\u00e9e, d&rsquo;huile et d&rsquo;extrait sec de groseille.<\/p>","protected":false},"featured_media":25361,"template":"","meta":{"arc_restricted_post":false},"product_cat":[49,347],"product_tag":[],"_links":{"self":[{"href":"https:\/\/www.sopha-sahara.com\/en\/wp-json\/wp\/v2\/product\/25123"}],"collection":[{"href":"https:\/\/www.sopha-sahara.com\/en\/wp-json\/wp\/v2\/product"}],"about":[{"href":"https:\/\/www.sopha-sahara.com\/en\/wp-json\/wp\/v2\/types\/product"}],"wp:featuredmedia":[{"embeddable":true,"href":"https:\/\/www.sopha-sahara.com\/en\/wp-json\/wp\/v2\/media\/25361"}],"wp:attachment":[{"href":"https:\/\/www.sopha-sahara.com\/en\/wp-json\/wp\/v2\/media?parent=25123"}],"wp:term":[{"taxonomy":"product_cat","embeddable":true,"href":"https:\/\/www.sopha-sahara.com\/en\/wp-json\/wp\/v2\/product_cat?post=25123"},{"taxonomy":"product_tag","embeddable":true,"href":"https:\/\/www.sopha-sahara.com\/en\/wp-json\/wp\/v2\/product_tag?post=25123"}],"curies":[{"name":"wp","href":"https:\/\/api.w.org\/{rel}","templated":true}]}}