{"id":25121,"date":"2020-12-24T10:19:31","date_gmt":"2020-12-24T09:19:31","guid":{"rendered":"https:\/\/www.interbusinesschamber.com\/produit\/centella-100-60-comprimes\/"},"modified":"2020-12-25T12:38:29","modified_gmt":"2020-12-25T11:38:29","slug":"centella-100-60-comprimes","status":"publish","type":"product","link":"https:\/\/www.sopha-sahara.com\/en\/product\/centella-100-60-comprimes\/","title":{"rendered":"Centella 100% 60 comprim\u00e9s"},"content":{"rendered":"<div class=\"prodsch_txt\">\n<div>\n<div>\n<div>\n<div>\n<div>\n<div>\n<div>\n<div>\n<div><strong>PHARMALIFE RESEARCH CENTELLA 100%<\/strong><\/div>\n<\/div>\n<\/div>\n<\/div>\n<\/div>\n<\/div>\n<\/div>\n<p><span id=\"result_box\" class=\"short_text\" lang=\"fr\">Compl\u00e9ment alimentaire bas\u00e9e sur des Centella<\/p>\n<p><\/span>Centella 100% est un extrait hautement purifi\u00e9, titr\u00e9 et normalis\u00e9 de Centella asiatica.<\/p>\n<p>CONTENU NET 30 grammes<\/p>\n<p>STOCKAGE: Garder dans un endroit frais et sec.<\/p>\n<div>\n<h4 class=\"tabnut_tit\">INFORMATION NUTRITIONNELLE<\/h4>\n<div class=\"tabnut_table\">\n<table class=\"iaftable iaftable_temp\" cellspacing=\"0\" align=\"center\">\n<tbody>\n<tr>\n<td class=\"tabnut_medsep-top\">\n<div>\n<div>\n<div>\n<p><strong>Analyse moyenne<\/strong><\/p>\n<\/div>\n<\/div>\n<\/div>\n<\/td>\n<td class=\"tabnut_medsep-top\"><strong>Par 100g<\/strong><\/td>\n<td class=\"tabnut_medsep-top\"><strong>Par dose quotidienne (3 comprim\u00e9s)<\/strong><\/td>\n<\/tr>\n<tr>\n<td class=\"tabnut_medsep-btm\"><span id=\"result_box\" class=\"short_text\" lang=\"fr\">Centella e.s.<br \/>dont glycosides triterp\u00e9niques<\/span><\/td>\n<td class=\"tabnut_medsep-btm\">\n<div>\n<div>40g<\/div>\n<div>18g<\/div>\n<\/div>\n<\/td>\n<td class=\"tabnut_medsep-btm\">\n<div>\n<div>0,6g<\/div>\n<div>0,12g<\/div>\n<\/div>\n<\/td>\n<\/tr>\n<\/tbody>\n<\/table>\n<\/div>\n<\/div>\n<\/div>\n<div class=\"iaf_ingred tabnut_table\"><strong>Ingr\u00e9dients:<\/strong>\u00a0Extrait de Pr\u00eale sec, standardis\u00e9 \u00e0 3,2% en silice organique, st\u00e9arate de magn\u00e9sium, le phosphate de calcium, la cellulose microcristalline, dioxyde de silicium.<\/div>\n<\/div>\n<\/div>\n<div class=\"prodsch_avvert\">\n<div>Lisez attentivement l\u2019\u00e9tiquette et les informations concernant le produit ainsi que le mode d\u2019emploi.<br \/>Ne pas d\u00e9passer la dose journali\u00e8re indiqu\u00e9e.<br \/>Tenir hors de port\u00e9e des jeunes enfants.<br \/>Les compl\u00e9ments alimentaires ne soient utilis\u00e9s comme substituts d'un r\u00e9gime alimentaire vari\u00e9.<\/div>\n<div>IAF network vous rappelled l\u2019importance d\u2019une alimentation vari\u00e9e et \u00e9quilibr\u00e9e et \u00e0 un mode de vie sain.<\/div>\n<\/div>","protected":false},"excerpt":{"rendered":"<p>Pharmalife Research Centella 100% 60 comprim\u00e9s. Centella 100% est un extrait hautement purifi\u00e9, titr\u00e9 et normalis\u00e9 de Centella asiatica.<\/p>","protected":false},"featured_media":25246,"template":"","meta":{"arc_restricted_post":false},"product_cat":[49,347],"product_tag":[],"_links":{"self":[{"href":"https:\/\/www.sopha-sahara.com\/en\/wp-json\/wp\/v2\/product\/25121"}],"collection":[{"href":"https:\/\/www.sopha-sahara.com\/en\/wp-json\/wp\/v2\/product"}],"about":[{"href":"https:\/\/www.sopha-sahara.com\/en\/wp-json\/wp\/v2\/types\/product"}],"wp:featuredmedia":[{"embeddable":true,"href":"https:\/\/www.sopha-sahara.com\/en\/wp-json\/wp\/v2\/media\/25246"}],"wp:attachment":[{"href":"https:\/\/www.sopha-sahara.com\/en\/wp-json\/wp\/v2\/media?parent=25121"}],"wp:term":[{"taxonomy":"product_cat","embeddable":true,"href":"https:\/\/www.sopha-sahara.com\/en\/wp-json\/wp\/v2\/product_cat?post=25121"},{"taxonomy":"product_tag","embeddable":true,"href":"https:\/\/www.sopha-sahara.com\/en\/wp-json\/wp\/v2\/product_tag?post=25121"}],"curies":[{"name":"wp","href":"https:\/\/api.w.org\/{rel}","templated":true}]}}