{"id":25119,"date":"2020-12-24T10:19:30","date_gmt":"2020-12-24T09:19:30","guid":{"rendered":"https:\/\/www.interbusinesschamber.com\/produit\/ginseng-100-60-comprimes\/"},"modified":"2020-12-25T14:32:02","modified_gmt":"2020-12-25T13:32:02","slug":"ginseng-100-60-comprimes","status":"publish","type":"product","link":"https:\/\/www.sopha-sahara.com\/en\/product\/ginseng-100-60-comprimes\/","title":{"rendered":"Ginseng 100% 60 comprim\u00e9s"},"content":{"rendered":"<div class=\"prodsch_txt\">\n<div>\n<div>\n<div>\n<div>\n<div>\n<div>\n<div>\n<div>\n<div>\n<div>\n<div><strong>PHARMALIFE RESEARCH GINSENG 100%<\/strong><\/div>\n<\/div>\n<\/div>\n<\/div>\n<\/div>\n<\/div>\n<\/div>\n<\/div>\n<\/div>\n<p>Compl\u00e9ment alimentaire<\/p>\n<p>Ginseng 100%\u00a0est un extrait hautement purifi\u00e9, titr\u00e9 et normalis\u00e9 de ginseng.<\/p>\n<p>Connu dans les pays occidentaux sous le nom de Ginseng, le Panax ginseng est une plante herbac\u00e9e de la famille des Araliaceae, d\u2019origine asiatique. Le mot Ginseng vient du chinois Jen-chen qui veut dire \u00ab similaire \u00e0 l\u2019homme \u00bb ou<br \/>\u00ab petit homme \u00bb et cela rappelle la forme anthropomorphe de la racine. L\u2019action du Ginseng est multiple: tonique, \u00e9nerg\u00e9tique, antifatigue, anti-stress, antid\u00e9presseur, anabolisante et immunostimulante. Plus succinctement, on peut la d\u00e9finir comme plante adaptog\u00e8ne en mesure donc d\u2019exercer une action non sp\u00e9cifique sur les processus physiologiques de l\u2019organisme avec le r\u00e9sultat d\u2019\u00e9lever la r\u00e9sistance physique contre les stress li\u00e9s \u00e0 l\u2019environnement et contre des facteurs externes et internes (ex. bact\u00e9ries et virus) qui peuvent compromettre le bon fonctionnement de l\u2019organisme. Le Ginseng est largement utilis\u00e9 en Occident comme tonique g\u00e9n\u00e9ral et immunostimulant. Il est conseill\u00e9 en cas de: fatigue, d\u00e9pression, insomnie, stress, asth\u00e9nie, convalescence, gastrite, adynamie, hypotension art\u00e9rielle, diab\u00e8te. Il a d\u2019excellents r\u00e9sultats chez les sujets \u00e2g\u00e9s et pour la pr\u00e9paration athl\u00e9tique des sportifs. Produit notifi\u00e9 aupr\u00e8s du Minist\u00e8re de la Sant\u00e9.<\/p>\n<p>RECOMMENDATION: 1-3 g\u00e9lules par jour avant le petit d\u00e9jeuner ou le d\u00e9jeuner.<\/p>\n<p>CONTENU NET 30 grammes<\/p>\n<p>STOCKAGE: Garder dans un endroit frais et sec.<\/p>\n<div>\n<h4 class=\"tabnut_tit\">INFORMATION NUTRITIONNELLE<\/h4>\n<div class=\"tabnut_table\">\n<table class=\"iaftable iaftable_temp\" cellspacing=\"0\" align=\"center\">\n<tbody>\n<tr>\n<td class=\"tabnut_medsep-top\">\n<div>\n<div>\n<div>\n<p><strong>Analyse moyenne<\/strong><\/p>\n<\/div>\n<\/div>\n<\/div>\n<\/td>\n<td class=\"tabnut_medsep-top\"><strong>Par 100g<\/strong><\/td>\n<td class=\"tabnut_medsep-top\"><strong>Par dose quotidienne (3 comprim\u00e9s)<\/strong><\/td>\n<\/tr>\n<tr>\n<td class=\"tabnut_medsep-btm tabnut_medsep-top\">Ginseng e.s.<br \/>dont gins\u00e9nosides<\/td>\n<td class=\"tabnut_medsep-btm tabnut_medsep-top\">\n<div>12g<\/div>\n<div>2,4g<\/div>\n<\/td>\n<td class=\"tabnut_medsep-btm tabnut_medsep-top\">\n<div>0,18g<\/div>\n<div>0,036g<\/div>\n<\/td>\n<\/tr>\n<tr>\n<td class=\"tabnut_medsep-btm\" colspan=\"3\"><strong>Ingr\u00e9dients:\u00a0<\/strong>Ginseng extrait sec titr\u00e9 \u00e0 20% en ginsenosides RG1 et RB1, Cellulose, calcium phosphate, st\u00e9arate de magn\u00e9sium bioxyde de silicium.<\/td>\n<\/tr>\n<\/tbody>\n<\/table>\n<\/div>\n<\/div>\n<\/div>\n<\/div>\n<\/div>\n<div class=\"prodsch_avvert\">\n<div>Lisez attentivement l\u2019\u00e9tiquette et les informations concernant le produit ainsi que le mode d\u2019emploi.<br \/>Ne pas d\u00e9passer la dose journali\u00e8re indiqu\u00e9e.<br \/>Tenir hors de port\u00e9e des jeunes enfants.<br \/>Les compl\u00e9ments alimentaires ne soient utilis\u00e9s comme substituts d'un r\u00e9gime alimentaire vari\u00e9.<\/div>\n<div>IAF network vous rappelled l\u2019importance d\u2019une alimentation vari\u00e9e et \u00e9quilibr\u00e9e et \u00e0 un mode de vie sain.<\/div>\n<\/div>","protected":false},"excerpt":{"rendered":"<p>Pharmalife Research Ginseng 100% 60 comprim\u00e9s. Ginseng 100% est un extrait hautement purifi\u00e9, titr\u00e9 et normalis\u00e9 de ginseng.<\/p>","protected":false},"featured_media":25294,"template":"","meta":{"arc_restricted_post":false},"product_cat":[49,347],"product_tag":[],"_links":{"self":[{"href":"https:\/\/www.sopha-sahara.com\/en\/wp-json\/wp\/v2\/product\/25119"}],"collection":[{"href":"https:\/\/www.sopha-sahara.com\/en\/wp-json\/wp\/v2\/product"}],"about":[{"href":"https:\/\/www.sopha-sahara.com\/en\/wp-json\/wp\/v2\/types\/product"}],"wp:featuredmedia":[{"embeddable":true,"href":"https:\/\/www.sopha-sahara.com\/en\/wp-json\/wp\/v2\/media\/25294"}],"wp:attachment":[{"href":"https:\/\/www.sopha-sahara.com\/en\/wp-json\/wp\/v2\/media?parent=25119"}],"wp:term":[{"taxonomy":"product_cat","embeddable":true,"href":"https:\/\/www.sopha-sahara.com\/en\/wp-json\/wp\/v2\/product_cat?post=25119"},{"taxonomy":"product_tag","embeddable":true,"href":"https:\/\/www.sopha-sahara.com\/en\/wp-json\/wp\/v2\/product_tag?post=25119"}],"curies":[{"name":"wp","href":"https:\/\/api.w.org\/{rel}","templated":true}]}}