{"id":25112,"date":"2020-12-24T10:19:29","date_gmt":"2020-12-24T09:19:29","guid":{"rendered":"https:\/\/www.interbusinesschamber.com\/produit\/te-verde-100-60-comprimes\/"},"modified":"2020-12-25T15:43:51","modified_gmt":"2020-12-25T14:43:51","slug":"te-verde-100-60-comprimes","status":"publish","type":"product","link":"https:\/\/www.sopha-sahara.com\/en\/product\/te-verde-100-60-comprimes\/","title":{"rendered":"T\u00e8 Verde 100% 60 comprim\u00e9s"},"content":{"rendered":"<div class=\"prodsch_txt\">\n<div>\n<div>\n<div>\n<div>\n<div>\n<div>\n<div>\n<div>\n<div>\n<div>\n<div>\n<div><strong>PHARMALIFE RESEARCH T\u00c8 VERDE 100%<\/strong><\/div>\n<\/div>\n<\/div>\n<\/div>\n<\/div>\n<\/div>\n<\/div>\n<\/div>\n<\/div>\n<\/div>\n<p>Compl\u00e9ment alimentaire \u00e0 base de th\u00e9 vert<\/p>\n<p>T\u00e8 Verde 100% est un extrait hautement purifi\u00e9, titr\u00e9 et normalis\u00e9 de th\u00e9 vert.<\/p>\n<p>CONTENU NET 30 grammes<\/p>\n<p>STOCKAGE: Garder dans un endroit frais et sec.<\/p>\n<div>\n<h4 class=\"tabnut_tit\">INFORMATION NUTRITIONNELLE<\/h4>\n<div class=\"tabnut_table\">\n<table class=\"iaftable iaftable_temp\" cellspacing=\"0\" align=\"center\">\n<tbody>\n<tr>\n<td class=\"tabnut_medsep-top\">\n<div>\n<div>\n<div>\n<p><strong>Analyse moyenne<\/strong><\/p>\n<\/div>\n<\/div>\n<\/div>\n<\/td>\n<td class=\"tabnut_medsep-top\"><strong>Par 100g<\/strong><\/td>\n<td class=\"tabnut_medsep-top\">\n<p><strong>Par dose quotidienne (4 comprim\u00e9s)<\/strong><\/p>\n<\/td>\n<\/tr>\n<tr>\n<td class=\"tabnut_medsep-btm\">Feuilles de th\u00e9 vert e.s.<br \/>dont polyph\u00e9nols<br \/>dont cat\u00e9chines<br \/>dont l'EGCG<\/td>\n<td class=\"tabnut_medsep-btm\">\n<div>20g<\/div>\n<div>19,6g<\/div>\n<div>14,7g<\/div>\n<p>5,88g<\/td>\n<td class=\"tabnut_medsep-btm\">0,4g<\/p>\n<div>0,39g<\/div>\n<div>0,29g<\/div>\n<p>0,12g<\/td>\n<\/tr>\n<\/tbody>\n<\/table>\n<\/div>\n<\/div>\n<\/div>\n<div class=\"iaf_ingred tabnut_table\"><strong>Ingr\u00e9dients:<\/strong>\u00a0vert sec extrait de th\u00e9 (Camellia sinensis) d'extrait sec 98% de polyph\u00e9nols, dont 75% de cat\u00e9chines et 40% epigallocatechingallato, cellulose, phosphate de calcium, st\u00e9arate de magn\u00e9sium, dioxyde de silicium.<\/div>\n<\/div>\n<\/div>\n<div class=\"prodsch_avvert\">D\u00e9conseill\u00e9 en dehors des repas, ainsi que aux enfants, adolescents, femmes enceintes ou allaitantes.<\/p>\n<div>Lisez attentivement l\u2019\u00e9tiquette et les informations concernant le produit ainsi que le mode d\u2019emploi.<br \/>Ne pas d\u00e9passer la dose journali\u00e8re indiqu\u00e9e.<br \/>Tenir hors de port\u00e9e des jeunes enfants.<br \/>Les compl\u00e9ments alimentaires ne soient utilis\u00e9s comme substituts d'un r\u00e9gime alimentaire vari\u00e9.<\/div>\n<div>IAF network vous rappelled l\u2019importance d\u2019une alimentation vari\u00e9e et \u00e9quilibr\u00e9e et \u00e0 un mode de vie sain.<\/div>\n<\/div>","protected":false},"excerpt":{"rendered":"<p>Pharmalife Research T\u00e8 Verde 100% 60 comprim\u00e9s. T\u00e8 Verde 100% est un extrait hautement purifi\u00e9, titr\u00e9 et normalis\u00e9 de th\u00e9 vert.<\/p>","protected":false},"featured_media":25372,"template":"","meta":{"arc_restricted_post":false},"product_cat":[49,347],"product_tag":[],"_links":{"self":[{"href":"https:\/\/www.sopha-sahara.com\/en\/wp-json\/wp\/v2\/product\/25112"}],"collection":[{"href":"https:\/\/www.sopha-sahara.com\/en\/wp-json\/wp\/v2\/product"}],"about":[{"href":"https:\/\/www.sopha-sahara.com\/en\/wp-json\/wp\/v2\/types\/product"}],"wp:featuredmedia":[{"embeddable":true,"href":"https:\/\/www.sopha-sahara.com\/en\/wp-json\/wp\/v2\/media\/25372"}],"wp:attachment":[{"href":"https:\/\/www.sopha-sahara.com\/en\/wp-json\/wp\/v2\/media?parent=25112"}],"wp:term":[{"taxonomy":"product_cat","embeddable":true,"href":"https:\/\/www.sopha-sahara.com\/en\/wp-json\/wp\/v2\/product_cat?post=25112"},{"taxonomy":"product_tag","embeddable":true,"href":"https:\/\/www.sopha-sahara.com\/en\/wp-json\/wp\/v2\/product_tag?post=25112"}],"curies":[{"name":"wp","href":"https:\/\/api.w.org\/{rel}","templated":true}]}}