{"id":25111,"date":"2020-12-24T10:19:28","date_gmt":"2020-12-24T09:19:28","guid":{"rendered":"https:\/\/www.interbusinesschamber.com\/produit\/argan-30-75ml\/"},"modified":"2020-12-25T11:29:54","modified_gmt":"2020-12-25T10:29:54","slug":"argan-30-75ml","status":"publish","type":"product","link":"https:\/\/www.sopha-sahara.com\/en\/product\/argan-30-75ml\/","title":{"rendered":"Argan 30% 75ml"},"content":{"rendered":"<div>\n<div><strong>PHARMALIFE RESEARCH ARGAN 30%<\/strong><\/div>\n<\/div>\n<div>\n<p>Cremes - Pommades<\/p>\n<p>Sans parab\u00e8nes - Sans vaseline - Sans PEG - Sans allerg\u00e8nes<\/p>\n<p>CR\u00c8ME POMMADE ARGAN avec une concentration \u00e9lev\u00e9e de substances fonctionnelles v\u00e9g\u00e9tales, est un produit innovant caract\u00e9ris\u00e9 par la pr\u00e9sence de 30 % d\u2019huile d\u2019Argan, qui lutte efficacement contre les rides et la perte de tonus, inhibe le processus de vieillissement et r\u00e9g\u00e9n\u00e8re les peaux ab\u00eem\u00e9es par l\u2019action des radicaux libres, fortement desquam\u00e9es et d\u00e9shydrat\u00e9es.<\/p>\n<p>RECOMMENDATION: appliquer sur les parties concern\u00e9es et masser d\u00e9licatement jusqu\u2019\u00e0 absorption compl\u00e8te.<\/p>\n<p>INGR\u00c9DIENTS: Aqua [water], Glycerin, Caprylic\/ Aqua [Water], Argania Spinosa Oil [Argania Spinosa Kernel Oil], Cetyl Alcohol, Glycerin, Caprylic\/ Capric Triglyceride, Glyceryl Stearate, Cyclopentasiloxane, Parfum [Fragrance], Dimethicone, Ceteth-20, Steareth-20, Tocopherol, Saccharide Isomerate, Sodium Dehydroacetate, Imidazolidinyl Urea, Triethyl Citrate, Edta, Citric Acid, Sodium Citrate, Lactic Acid.<\/p>\n<p>CONTENU NET: 75ml<\/p>\n<p>STOCKAGE: Garder dans un endroit frais et sec.<\/p><\/div>\n","protected":false},"excerpt":{"rendered":"<p>Pharmalife Research Argan 30% 75ml. CR\u00c8ME POMMADE ARGAN avec une concentration \u00e9lev\u00e9e de substances fonctionnelles v\u00e9g\u00e9tales, est un produit innovant caract\u00e9ris\u00e9 par la pr\u00e9sence de 30 % d\u2019huile d\u2019Argan,<\/p>","protected":false},"featured_media":25183,"template":"","meta":{"arc_restricted_post":false},"product_cat":[49,347],"product_tag":[],"_links":{"self":[{"href":"https:\/\/www.sopha-sahara.com\/en\/wp-json\/wp\/v2\/product\/25111"}],"collection":[{"href":"https:\/\/www.sopha-sahara.com\/en\/wp-json\/wp\/v2\/product"}],"about":[{"href":"https:\/\/www.sopha-sahara.com\/en\/wp-json\/wp\/v2\/types\/product"}],"wp:featuredmedia":[{"embeddable":true,"href":"https:\/\/www.sopha-sahara.com\/en\/wp-json\/wp\/v2\/media\/25183"}],"wp:attachment":[{"href":"https:\/\/www.sopha-sahara.com\/en\/wp-json\/wp\/v2\/media?parent=25111"}],"wp:term":[{"taxonomy":"product_cat","embeddable":true,"href":"https:\/\/www.sopha-sahara.com\/en\/wp-json\/wp\/v2\/product_cat?post=25111"},{"taxonomy":"product_tag","embeddable":true,"href":"https:\/\/www.sopha-sahara.com\/en\/wp-json\/wp\/v2\/product_tag?post=25111"}],"curies":[{"name":"wp","href":"https:\/\/api.w.org\/{rel}","templated":true}]}}