{"id":25110,"date":"2020-12-24T10:19:27","date_gmt":"2020-12-24T09:19:27","guid":{"rendered":"https:\/\/www.interbusinesschamber.com\/produit\/ippocastano-30-75ml\/"},"modified":"2020-12-25T14:44:59","modified_gmt":"2020-12-25T13:44:59","slug":"ippocastano-30-75ml","status":"publish","type":"product","link":"https:\/\/www.sopha-sahara.com\/en\/product\/ippocastano-30-75ml\/","title":{"rendered":"Ippocastano 30% 75ml"},"content":{"rendered":"<div>\n<div><strong>PHARMALIFE RESEARCH IPPOCASTANO 30%<\/strong><\/div>\n<\/div>\n<div>\n<p>Cremes - Pommades<\/p>\n<p>Sans parab\u00e8nes - Sans vaseline - Sans PEG - Sans allerg\u00e8nes<\/p>\n<p>Ippocastano 30% est une cr\u00e8me \u00e0 forte concentration de substances v\u00e9g\u00e9tales fonctionnelles. C'est un produit innovant caract\u00e9ris\u00e9 par la pr\u00e9sence de 30% d'extrait de marron d'Inde qui, en synergie avec le phytosome de Escina, du Ruscus et de la Vigne rouge, contraste efficacement signes de fatigue et fatigue dus \u00e0 un trophisme insuffisant de la microcirculation.<\/p>\n<p>La Cr\u00e8me - Pommade Marron d\u2019Inde 30% est utile en cas de:<\/p>\n<ul>\n<li>Jambes gonfl\u00e9es et lourdes<\/li>\n<li>OEd\u00e8mes aux membres inf\u00e9rieurs<\/li>\n<li>Varices<\/li>\n<li>Fragilit\u00e9 capillaire<\/li>\n<li>Crampes aux mollets<\/li>\n<li>Couperose<\/li>\n<\/ul>\n<p>RECOMMENDATION: appliquer sur les parties concern\u00e9es et masser d\u00e9licatement du bas vers le haut jusqu\u2019\u00e0 absorption compl\u00e8te.<\/p>\n<p>INGR\u00c9DIENTS: Seed Extract [Aesculus Hippocastanum (Horse Chestnut) Seed Extract], Glycerin, Caprylic\/Capric Triglyceride, Cetyl Alcohol, Ruscus Aculeatus Root Extract, Glyceryl Stearate, Vitis Vinifera Leaf Extract [Vitis Vinifera (Grape) Leaf Extract], Cyclopentasiloxane, Menthol, Phospholipids, Dimethicone, Escin, Ceteth-20, Steareth-20, Menthyl Lactate, Saccharide Isomerate, Ppg-26-Buteth-26, Betasitosterol, Peg-40 Hydrogenated Castor Oil, Tocopherol, Triethyl Citrate, Imidazolidinyl Urea, Sodium Dehydroacetate, Edta, Citric Acid, Sodium Citrate.<\/p>\n<p>CONTENU NET: 75ml<\/p>\n<p>STOCKAGE: Garder dans un endroit frais et sec.<\/p><\/div>\n","protected":false},"excerpt":{"rendered":"<p>Pharmalife Research Ippocastano 30% 75ml. Ippocastano 30% est une cr\u00e8me \u00e0 forte concentration de substances v\u00e9g\u00e9tales fonctionnelles. C&rsquo;est un produit innovant caract\u00e9ris\u00e9 par la pr\u00e9sence de 30% d&rsquo;extrait de marron d&rsquo;Inde qui, en synergie avec le phytosome de Escina, du Ruscus et de la Vigne rouge, contraste efficacement signes de fatigue et fatigue dus \u00e0 un trophisme insuffisant de la microcirculation.<\/p>","protected":false},"featured_media":25305,"template":"","meta":{"arc_restricted_post":false},"product_cat":[49,347],"product_tag":[],"_links":{"self":[{"href":"https:\/\/www.sopha-sahara.com\/en\/wp-json\/wp\/v2\/product\/25110"}],"collection":[{"href":"https:\/\/www.sopha-sahara.com\/en\/wp-json\/wp\/v2\/product"}],"about":[{"href":"https:\/\/www.sopha-sahara.com\/en\/wp-json\/wp\/v2\/types\/product"}],"wp:featuredmedia":[{"embeddable":true,"href":"https:\/\/www.sopha-sahara.com\/en\/wp-json\/wp\/v2\/media\/25305"}],"wp:attachment":[{"href":"https:\/\/www.sopha-sahara.com\/en\/wp-json\/wp\/v2\/media?parent=25110"}],"wp:term":[{"taxonomy":"product_cat","embeddable":true,"href":"https:\/\/www.sopha-sahara.com\/en\/wp-json\/wp\/v2\/product_cat?post=25110"},{"taxonomy":"product_tag","embeddable":true,"href":"https:\/\/www.sopha-sahara.com\/en\/wp-json\/wp\/v2\/product_tag?post=25110"}],"curies":[{"name":"wp","href":"https:\/\/api.w.org\/{rel}","templated":true}]}}