{"id":25109,"date":"2020-12-24T10:19:27","date_gmt":"2020-12-24T09:19:27","guid":{"rendered":"https:\/\/www.interbusinesschamber.com\/produit\/aspersina-leviga-50ml\/"},"modified":"2020-12-25T11:59:41","modified_gmt":"2020-12-25T10:59:41","slug":"aspersina-leviga-50ml","status":"publish","type":"product","link":"https:\/\/www.sopha-sahara.com\/en\/product\/aspersina-leviga-50ml\/","title":{"rendered":"Aspersina &#8211; Leviga 50ml"},"content":{"rendered":"<div>\n<div>\n<div>\n<div>\n<div><strong>PHARMALIFE RESEARCH ASPERSINA - LEVIGA<\/strong><\/div>\n<\/div>\n<\/div>\n<\/div>\n<\/div>\n<div>\n<p>Cr\u00e8me d\u00e9pigmentante pour visage et d\u00e9collet\u00e9<\/p>\n<p>ASPERSINA LISSE est une cr\u00e8me \u00e0 base de Bave d\u2019escargot, d\u2019acide hyaluronique, d\u2019alpha-arbutine, de vitamine C et d\u2019acide kojique, ingr\u00e9dients \u00e0 m\u00eame d\u2019exercer une activit\u00e9 \u00e9claircissante cutan\u00e9e afin d\u2019\u00e9liminer, d\u2019att\u00e9nuer et de ralentir l\u2019apparition des hyperpigmentations cutan\u00e9es les plus communes telles que le chleuasme, les \u00e9ph\u00e9lides, les taches de vieillesse et les dyschromies cutan\u00e9es en g\u00e9n\u00e9ral, et d\u2019att\u00e9nuer les signes de cicatrices, d\u2019acn\u00e9 et de br\u00fblures. Par ailleurs, elle favorise le renouvellement cellulaire et garantit un apport durable de substances hydratantes sur toutes les couches de l\u2019\u00e9piderme pendant toute la journ\u00e9e, en donnant \u00e0 la peau, pendant 24 heures, un effet \u00absplendeur\u00bb.<\/p>\n<p>RECOMMENDATION: Appliquer deux ou plusieurs fois par jour sur les zones \u00e0 traiter pendant au moins 2 mois. Une fois les taches compl\u00e8tement disparues, appliquer le produit une fois par semaine pendant 2 mois minimum, puis poursuivre l\u2019application deux fois par mois pendant environ un an.<\/p>\n<p>INGR\u00c9DIENTS: aqua, caprylic\/ capric triglycerid, glycerin, alcohol denat., caffeine, chondrus crispus extract, ceratonia siliqua gum, fucus vesiculosus talle extract, centella asiatica extract, laureth-9, imidazolidinyl urea, sodium dehydroacetate, parfum, carbomer, xanthan gum, acrylates\/ c10-30 alkyl acrylate crosspolymer, triethanolamine, disodium edta, tocopherol, triethylcitrate<\/p>\n<p>CONTENU NET: 50ml<\/p>\n<p>STOCKAGE: Garder dans un endroit frais et sec.<\/p><\/div>","protected":false},"excerpt":{"rendered":"<p>Pharmalife Research Aspersina &#8211; Leviga 50ml. Aspersina leviga est une cr\u00e8me \u00e0 base de bave d&rsquo;escargot, d&rsquo;acide hyaluronique et d&rsquo;alphaarbutine.<\/p>","protected":false},"featured_media":25209,"template":"","meta":{"arc_restricted_post":false},"product_cat":[49,347],"product_tag":[],"_links":{"self":[{"href":"https:\/\/www.sopha-sahara.com\/en\/wp-json\/wp\/v2\/product\/25109"}],"collection":[{"href":"https:\/\/www.sopha-sahara.com\/en\/wp-json\/wp\/v2\/product"}],"about":[{"href":"https:\/\/www.sopha-sahara.com\/en\/wp-json\/wp\/v2\/types\/product"}],"wp:featuredmedia":[{"embeddable":true,"href":"https:\/\/www.sopha-sahara.com\/en\/wp-json\/wp\/v2\/media\/25209"}],"wp:attachment":[{"href":"https:\/\/www.sopha-sahara.com\/en\/wp-json\/wp\/v2\/media?parent=25109"}],"wp:term":[{"taxonomy":"product_cat","embeddable":true,"href":"https:\/\/www.sopha-sahara.com\/en\/wp-json\/wp\/v2\/product_cat?post=25109"},{"taxonomy":"product_tag","embeddable":true,"href":"https:\/\/www.sopha-sahara.com\/en\/wp-json\/wp\/v2\/product_tag?post=25109"}],"curies":[{"name":"wp","href":"https:\/\/api.w.org\/{rel}","templated":true}]}}