{"id":25108,"date":"2020-12-24T10:19:26","date_gmt":"2020-12-24T09:19:26","guid":{"rendered":"https:\/\/www.interbusinesschamber.com\/produit\/aspersina-idrata-50ml\/"},"modified":"2020-12-25T11:57:57","modified_gmt":"2020-12-25T10:57:57","slug":"aspersina-idrata-50ml","status":"publish","type":"product","link":"https:\/\/www.sopha-sahara.com\/en\/product\/aspersina-idrata-50ml\/","title":{"rendered":"Aspersina &#8211; Idrata 50ml"},"content":{"rendered":"<div class=\"prodsch_txt\">\n<div>\n<div>\n<div>\n<div>\n<div>\n<div>\n<div>\n<div><strong>PHARMALIFE RESEARCH ASPERSINA - IDRATA<\/strong><\/div>\n<\/div>\n<\/div>\n<\/div>\n<\/div>\n<\/div>\n<div>\n<p>Aspersina cr\u00e8me - Hydratante<\/p>\n<p>ASPERSINA IDRATA est une cr\u00e8me hydratante profonde qui fournit une contribution durable sur toutes les couches de l'\u00e9piderme pendant toute la journ\u00e9e. R\u00e9g\u00e9n\u00e8re constamment la peau et aide \u00e0 restaurer la barri\u00e8re cutan\u00e9e correcte.<\/p>\n<p>RECOMMENDATION: appliquer le matin et\/ou le soir sur le visage et le d\u00e9collet\u00e9 bien nettoy\u00e9.<\/p>\n<p>INGR\u00c9DIENTS: Aqua, Helix Aspersa, Ethylhexyl Ethylhexanoate, Glycerin, Cetearyl Alcohol, Glycerin Stearate Se, Mel, Allantoin, Ascorbic Acid, Cetearyl Glucoside, Simmondsia Chinensis Seed Oil, Chondrus Crispus Extract, Hydrolized Wheat Gluten, Oryzanol, Saccharide Isomerate, Ceratonia Siliqua Gum, Tocopheryl Acetate, Imidazolidinyl Urea, Parfum, Sodium Dehydroacetate, Triethylcitrate, Tocopherol<\/p>\n<p>CONTENU NET: 50ml<\/p>\n<p>STOCKAGE: Garder dans un endroit frais et sec.<\/p><\/div>\n<\/div>\n<\/div>\n<\/div>","protected":false},"excerpt":{"rendered":"<p>Pharmalife Research Aspersina &#8211; Idrata 50ml. ASPERSINA IDRATA est une cr\u00e8me hydratante profonde qui fournit une contribution durable sur toutes les couches de l&rsquo;\u00e9piderme pendant toute la journ\u00e9e.<\/p>","protected":false},"featured_media":25206,"template":"","meta":{"arc_restricted_post":false},"product_cat":[49,347],"product_tag":[],"_links":{"self":[{"href":"https:\/\/www.sopha-sahara.com\/en\/wp-json\/wp\/v2\/product\/25108"}],"collection":[{"href":"https:\/\/www.sopha-sahara.com\/en\/wp-json\/wp\/v2\/product"}],"about":[{"href":"https:\/\/www.sopha-sahara.com\/en\/wp-json\/wp\/v2\/types\/product"}],"wp:featuredmedia":[{"embeddable":true,"href":"https:\/\/www.sopha-sahara.com\/en\/wp-json\/wp\/v2\/media\/25206"}],"wp:attachment":[{"href":"https:\/\/www.sopha-sahara.com\/en\/wp-json\/wp\/v2\/media?parent=25108"}],"wp:term":[{"taxonomy":"product_cat","embeddable":true,"href":"https:\/\/www.sopha-sahara.com\/en\/wp-json\/wp\/v2\/product_cat?post=25108"},{"taxonomy":"product_tag","embeddable":true,"href":"https:\/\/www.sopha-sahara.com\/en\/wp-json\/wp\/v2\/product_tag?post=25108"}],"curies":[{"name":"wp","href":"https:\/\/api.w.org\/{rel}","templated":true}]}}