{"id":25107,"date":"2020-12-24T10:19:25","date_gmt":"2020-12-24T09:19:25","guid":{"rendered":"https:\/\/www.interbusinesschamber.com\/produit\/aspersina-ristruttura-50ml\/"},"modified":"2020-12-25T12:13:06","modified_gmt":"2020-12-25T11:13:06","slug":"aspersina-ristruttura-50ml","status":"publish","type":"product","link":"https:\/\/www.sopha-sahara.com\/en\/product\/aspersina-ristruttura-50ml\/","title":{"rendered":"Aspersina &#8211; Ristruttura 50ml"},"content":{"rendered":"<div>\n<div>\n<div>\n<div>\n<div>\n<div><strong>PHARMALIFE RESEARCH ASPERSINA - IDRATA<\/strong><\/div>\n<\/div>\n<\/div>\n<\/div>\n<\/div>\n<\/div>\n<div>\n<p>Aspersina cr\u00e8me - Restructuration<\/p>\n<p>Aspersina ristruttura est une cr\u00e8me anti-\u00e2ge \u00e0 base de mucus d'escargot et d'actifs fonctionnels capables d'exercer une activit\u00e9 r\u00e9g\u00e9n\u00e9rante et compactante.<\/p>\n<p>INGR\u00c9DIENTS: Aqua, Helix Aspersa, Ethylhexyl Ethylhexanoate, Glycerin, Cetearyl Alcohol, Glycerin Stearate Se, Cetearyl Glucoside, Chondrus Crispus Extract, Tocopheryl Acetate, Imidazolidinyl Urea, Parfum, Sodium Dehydroacetate, Saccharide Isomerate, Ceratonia Siliqua Gum, Tetradecyl Aminobutyroylvalylaminobutyric Urea Trifluoroacetate, Dipeptide Diaminobutyroyl Benzylamide Diacetate, Palmitoyl Tripeptide-5, Triethylcitrate, Tocopherol, Palmitoyl Dipeptide-5 Diaminohydroxybutyrate<\/p>\n<p>CONTENU NET: 50ml<\/p>\n<p>STOCKAGE: Garder dans un endroit frais et sec.<\/p><\/div>","protected":false},"excerpt":{"rendered":"<p>Pharmalife Research Aspersina &#8211; Ristruttura 50ml. Aspersina ristruttura est une cr\u00e8me anti-\u00e2ge \u00e0 base de mucus d&rsquo;escargot et d&rsquo;actifs fonctionnels capables d&rsquo;exercer une activit\u00e9 r\u00e9g\u00e9n\u00e9rante et compactante.<\/p>","protected":false},"featured_media":25216,"template":"","meta":{"arc_restricted_post":false},"product_cat":[49,347],"product_tag":[],"_links":{"self":[{"href":"https:\/\/www.sopha-sahara.com\/en\/wp-json\/wp\/v2\/product\/25107"}],"collection":[{"href":"https:\/\/www.sopha-sahara.com\/en\/wp-json\/wp\/v2\/product"}],"about":[{"href":"https:\/\/www.sopha-sahara.com\/en\/wp-json\/wp\/v2\/types\/product"}],"wp:featuredmedia":[{"embeddable":true,"href":"https:\/\/www.sopha-sahara.com\/en\/wp-json\/wp\/v2\/media\/25216"}],"wp:attachment":[{"href":"https:\/\/www.sopha-sahara.com\/en\/wp-json\/wp\/v2\/media?parent=25107"}],"wp:term":[{"taxonomy":"product_cat","embeddable":true,"href":"https:\/\/www.sopha-sahara.com\/en\/wp-json\/wp\/v2\/product_cat?post=25107"},{"taxonomy":"product_tag","embeddable":true,"href":"https:\/\/www.sopha-sahara.com\/en\/wp-json\/wp\/v2\/product_tag?post=25107"}],"curies":[{"name":"wp","href":"https:\/\/api.w.org\/{rel}","templated":true}]}}