{"id":25106,"date":"2020-12-24T10:19:25","date_gmt":"2020-12-24T09:19:25","guid":{"rendered":"https:\/\/www.interbusinesschamber.com\/produit\/aspersina-rinnova-50ml\/"},"modified":"2020-12-25T12:12:39","modified_gmt":"2020-12-25T11:12:39","slug":"aspersina-rinnova-50ml","status":"publish","type":"product","link":"https:\/\/www.sopha-sahara.com\/en\/product\/aspersina-rinnova-50ml\/","title":{"rendered":"Aspersina &#8211; Rinnova 50ml"},"content":{"rendered":"<div><strong>PHARMALIFE RESEARCH ASPERSINA - RINNOVA<\/strong><\/div>\n<div>\n<p>Aspersina cr\u00e8me - Renouvelle<\/p>\n<p>ASPERSINA RENOUVELLE est une cr\u00e8me \u00e0 base de Bave d\u2019escargot, alpha-arbutine, extrait de Maca et acide kojique, ingr\u00e9dients \u00e0 m\u00eame d\u2019exercer une activit\u00e9 intensive, r\u00e9novatrice et \u00e9claircissante cutan\u00e9e afin d\u2019\u00e9liminer, d\u2019att\u00e9nuer et de ralentir l\u2019apparition des hyperpigmentations cutan\u00e9es les plus communes telles que le chleuasme, les \u00e9ph\u00e9lides, les taches de vieillesse et les dyschromies cutan\u00e9es en g\u00e9n\u00e9ral et d\u2019att\u00e9nuer les signes de cicatrices, d\u2019acn\u00e9 et de br\u00fblures. Par ailleurs, elle favorise le renouvellement cellulaire et garantit un apport durable en substances hydratantes sur toutes les couches de l\u2019\u00e9piderme pendant toute la journ\u00e9e, en donnant \u00e0 la peau, pendant 24 heures, un effet \u00absplendeur\u00bb.<\/p>\n<p>RECOMMENDATION: appliquer deux fois par jour, matin et soir sur les zones \u00e0 traiter pour au moins 2 mois.<\/p>\n<p>INGR\u00c9DIENTS: Aqua [water], Ethylhexyl Palmitate, Helix Aspersa [Nome Ctfa Non Definito], Cetearyl Alcohol, Lactobionic Acid, Glycerin, Glyceryl Stearate Se, Alpha-Arbutin, Cetearyl Glucoside, Tocopheryl Acetate, Lepidium Meyenii Root Extract, Maltodextrin, Saccharide Isomerate, Sodium Dehydroacetate, Ceratonia Siliqua [Nome Ctfa Non Definito], Tocopherol, Parfum [Fragrance], Silica, Triethyl Citrate, Ethylhexylglycerin, Sodium Citrate, Imidazolidinyl Urea, Phenoxyethanol, Citric Acid, Bha, Triethanolamine.<\/p>\n<p>CONTENU NET: 50ml<\/p>\n<p>STOCKAGE: Garder dans un endroit frais et sec.<\/p><\/div>\n","protected":false},"excerpt":{"rendered":"<p>Pharmalife Research Aspersina &#8211; Rinnova 50ml. Cr\u00e8me \u00e0 base de bave d&rsquo;escargot, d&rsquo;alpha arbutine, d&rsquo;extrait de Maca et d&rsquo;acide lactobionique.<\/p>","protected":false},"featured_media":25215,"template":"","meta":{"arc_restricted_post":false},"product_cat":[49,347],"product_tag":[],"_links":{"self":[{"href":"https:\/\/www.sopha-sahara.com\/en\/wp-json\/wp\/v2\/product\/25106"}],"collection":[{"href":"https:\/\/www.sopha-sahara.com\/en\/wp-json\/wp\/v2\/product"}],"about":[{"href":"https:\/\/www.sopha-sahara.com\/en\/wp-json\/wp\/v2\/types\/product"}],"wp:featuredmedia":[{"embeddable":true,"href":"https:\/\/www.sopha-sahara.com\/en\/wp-json\/wp\/v2\/media\/25215"}],"wp:attachment":[{"href":"https:\/\/www.sopha-sahara.com\/en\/wp-json\/wp\/v2\/media?parent=25106"}],"wp:term":[{"taxonomy":"product_cat","embeddable":true,"href":"https:\/\/www.sopha-sahara.com\/en\/wp-json\/wp\/v2\/product_cat?post=25106"},{"taxonomy":"product_tag","embeddable":true,"href":"https:\/\/www.sopha-sahara.com\/en\/wp-json\/wp\/v2\/product_tag?post=25106"}],"curies":[{"name":"wp","href":"https:\/\/api.w.org\/{rel}","templated":true}]}}