{"id":25105,"date":"2020-12-24T10:19:24","date_gmt":"2020-12-24T09:19:24","guid":{"rendered":"https:\/\/www.interbusinesschamber.com\/produit\/aspersina-siero-contorno-occhi-15ml\/"},"modified":"2020-12-25T12:14:52","modified_gmt":"2020-12-25T11:14:52","slug":"aspersina-siero-contorno-occhi-15ml","status":"publish","type":"product","link":"https:\/\/www.sopha-sahara.com\/en\/product\/aspersina-siero-contorno-occhi-15ml\/","title":{"rendered":"Aspersina &#8211; Siero Contorno Occhi 15ml"},"content":{"rendered":"<div class=\"prodsch_txt\">\n<div>\n<div>\n<div><strong>PHARMALIFE RESEARCH ASPERSINA - SIERO CONTORNO OCCHI<\/strong><\/div>\n<div>\n<p>Aspersina - S\u00e9rum contour des yeux<\/p>\n<p>ASPERSINA S\u00c9RUM CONTOUR YEUX Il s\u2019agit d\u2019un s\u00e9rum \u00e0 l\u2019effet non seulement combleur et \u00e9tirant mais aussi r\u00e9g\u00e9n\u00e9rant et compactant, qui garantit un apport durable en substances actives \u00e0 m\u00eame d\u2019agir sur les diff\u00e9rentes couches de la peau pour redonner compacit\u00e9, fermet\u00e9, \u00e9lasticit\u00e9 et r\u00e9duire visiblement les rides de la zone p\u00e9rioculaire. Apr\u00e8s quelques minutes de l\u2019application, il d\u00e9tend, lisse et aplanit les rides et les signes d\u2019expression, d\u00e9tend les traits et r\u00e9duit les signes de fatigue. Son syst\u00e8me tenseur d\u2019origine naturelle puissant et exclusif garantit tonus et douceur \u00e0 la peau du visage de fa\u00e7on imm\u00e9diate et durable. V\u00e9ritable concentr\u00e9 d\u2019\u00e9nergie et de jeunesse, il s\u2019agit du produit cosm\u00e9tique id\u00e9al pour une profonde action r\u00e9g\u00e9n\u00e9rante.<\/p>\n<p>RECOMMENDATION: Appliquer uniform\u00e9ment quelques gouttes du S\u00e9rum Aspersina contour Yeux. Laisser s\u00e9cher quelques instants. Pour une action durable dans le temps, \u00e9taler matin et soir quelques gouttes de S\u00e9rum Aspersina contour Yeux en massant d\u00e9licatement jusqu\u2019\u00e0 absorption compl\u00e8te. L\u2019utilisation concomitante avec Aspersina Renouvelle ou Aspersina R\u00e9g\u00e9n\u00e8re est id\u00e9ale : apr\u00e8s absorption compl\u00e8te d\u2019Aspersina Renouvelle ou Aspersina R\u00e9g\u00e9n\u00e8re, appliquer Aspersina s\u00e9rum contour yeux pour obtenir des r\u00e9sultats imm\u00e9diats, visibles en quelques jours seulement.<\/p>\n<p>INGR\u00c9DIENTS: Aqua [water], Glycerin, Helix Aspersa [Nome Ctfa Non Definito], Macrocystis Pyrifera Extract, Hydrolyzed Hyaluronic Acid, Chondrus Crispus Extract [Chondrus Crispus (Carrageenan) Extract], Lepidium Meyenii Root Extract, Algae Extract, Pullulan, Maltodextrin, Xanthan Gum, Parfum [Fragrance], Urea, Saccharide Isomerate, Sodium Dehydroacetate, Tocopheryl Acetate, Dipeptide Diaminobutyroyl Benzylamide Diacetate, Tocopherol, Ceratonia Siliqua [Nome Ctfa Non Definito], Triethyl Citrate, Sodium Benzoate, Citric Acid, Silica, Ethylhexylglycerin, Imidazolidinyl Urea, Phenoxyethanol, Potassium Sorbate, Edta, Sodium Citrate.<\/p>\n<p>CONTENU NET: 15ml<\/p>\n<p>STOCKAGE: Garder dans un endroit frais et sec.<\/p><\/div>\n<\/div>\n<\/div>\n<\/div>\n","protected":false},"excerpt":{"rendered":"<p>Pharmalife Research Aspersina &#8211; Siero Contorno Occhi 15ml. Aspersina &#8211; S\u00e9rum contour des yeux<\/p>","protected":false},"featured_media":25219,"template":"","meta":{"arc_restricted_post":false},"product_cat":[49,347],"product_tag":[],"_links":{"self":[{"href":"https:\/\/www.sopha-sahara.com\/en\/wp-json\/wp\/v2\/product\/25105"}],"collection":[{"href":"https:\/\/www.sopha-sahara.com\/en\/wp-json\/wp\/v2\/product"}],"about":[{"href":"https:\/\/www.sopha-sahara.com\/en\/wp-json\/wp\/v2\/types\/product"}],"wp:featuredmedia":[{"embeddable":true,"href":"https:\/\/www.sopha-sahara.com\/en\/wp-json\/wp\/v2\/media\/25219"}],"wp:attachment":[{"href":"https:\/\/www.sopha-sahara.com\/en\/wp-json\/wp\/v2\/media?parent=25105"}],"wp:term":[{"taxonomy":"product_cat","embeddable":true,"href":"https:\/\/www.sopha-sahara.com\/en\/wp-json\/wp\/v2\/product_cat?post=25105"},{"taxonomy":"product_tag","embeddable":true,"href":"https:\/\/www.sopha-sahara.com\/en\/wp-json\/wp\/v2\/product_tag?post=25105"}],"curies":[{"name":"wp","href":"https:\/\/api.w.org\/{rel}","templated":true}]}}