{"id":25104,"date":"2020-12-24T10:19:23","date_gmt":"2020-12-24T09:19:23","guid":{"rendered":"https:\/\/www.interbusinesschamber.com\/produit\/phyto-h-med-creme-50ml\/"},"modified":"2020-12-25T15:24:09","modified_gmt":"2020-12-25T14:24:09","slug":"phyto-h-med-creme-50ml","status":"publish","type":"product","link":"https:\/\/www.sopha-sahara.com\/en\/product\/phyto-h-med-creme-50ml\/","title":{"rendered":"Phyto H Med Cr\u00e8me 50ml"},"content":{"rendered":"<div><strong>PHARMALIFE RESEARCH PHYTO H MED\u00a0CR\u00c8ME<br \/><\/strong><\/div>\n<div>\n<p>Dispositif m\u00e9dical<\/p>\n<p><\/p>\n<p>Phyto H Med Cream est un dispositif m\u00e9dical qui aide dans les processus de r\u00e9paration du canal anorectal, capable de soulager les sympt\u00f4mes g\u00eanants du syndrome h\u00e9morro\u00efdaire tels que les br\u00fblures, les gonflements et les d\u00e9mangeaisons.<\/p>\n<p>Il agit efficacement en procurant un soulagement imm\u00e9diat, en rendant la muqueuse p\u00e9rianale douce et hydrat\u00e9e, en aidant l'int\u00e9grit\u00e9 physiologique de la zone et en r\u00e9duisant toute irritation g\u00eanante.<\/p>\n<p><\/p>\n<p>La cr\u00e8me Phyto H Med exerce un effet barri\u00e8re protecteur qui limite la d\u00e9shydratation cutan\u00e9e et le contact avec des agents externes irritants ou sensibilisants.<\/p>\n<p>L'application de Phyto H Med Cream emp\u00eache la formation d'h\u00e9morro\u00efdes, de fissures et de fissures, en maintenant l'\u00e9lasticit\u00e9 physiologique de la peau et en r\u00e9duisant<\/p>\n<\/div>\n<div>INSTRUCTIONS D'UTILISATION: consulter la notice \u00e0 l'int\u00e9rieur de l'emballage.<\/div>\n<div>\u00a0<\/div>\n<div>QUANTIT\u00c9 NETTE: 50 ml<\/div>","protected":false},"excerpt":{"rendered":"<p>Pharmalife Phyto H Med Cr\u00e8me 50 ml. Phyto H Med Cream est un dispositif m\u00e9dical qui aide dans les processus de r\u00e9paration du canal ano-rectal, capable de soulager les sympt\u00f4mes g\u00eanants du syndrome h\u00e9morro\u00efdaire tels que les br\u00fblures, les gonflements et les d\u00e9mangeaisons.<\/p>","protected":false},"featured_media":25346,"template":"","meta":{"arc_restricted_post":false},"product_cat":[49,347],"product_tag":[],"_links":{"self":[{"href":"https:\/\/www.sopha-sahara.com\/en\/wp-json\/wp\/v2\/product\/25104"}],"collection":[{"href":"https:\/\/www.sopha-sahara.com\/en\/wp-json\/wp\/v2\/product"}],"about":[{"href":"https:\/\/www.sopha-sahara.com\/en\/wp-json\/wp\/v2\/types\/product"}],"wp:featuredmedia":[{"embeddable":true,"href":"https:\/\/www.sopha-sahara.com\/en\/wp-json\/wp\/v2\/media\/25346"}],"wp:attachment":[{"href":"https:\/\/www.sopha-sahara.com\/en\/wp-json\/wp\/v2\/media?parent=25104"}],"wp:term":[{"taxonomy":"product_cat","embeddable":true,"href":"https:\/\/www.sopha-sahara.com\/en\/wp-json\/wp\/v2\/product_cat?post=25104"},{"taxonomy":"product_tag","embeddable":true,"href":"https:\/\/www.sopha-sahara.com\/en\/wp-json\/wp\/v2\/product_tag?post=25104"}],"curies":[{"name":"wp","href":"https:\/\/api.w.org\/{rel}","templated":true}]}}