{"id":25103,"date":"2020-12-24T10:19:22","date_gmt":"2020-12-24T09:19:22","guid":{"rendered":"https:\/\/www.interbusinesschamber.com\/produit\/phytodol-compresse-60-comprimes\/"},"modified":"2020-12-25T15:28:09","modified_gmt":"2020-12-25T14:28:09","slug":"phytodol-compresse-60-comprimes","status":"publish","type":"product","link":"https:\/\/www.sopha-sahara.com\/en\/product\/phytodol-compresse-60-comprimes\/","title":{"rendered":"Phytodol Compresse 60 comprim\u00e9s"},"content":{"rendered":"<div class=\"prodsch_txt\">\n<div>\n<div>\n<div>\n<div><strong>PHARMALIFE RESEARCH PHYTODOL COMPRESSE<\/strong><\/div>\n<\/div>\n<p>Compl\u00e9ment alimentaire<\/p>\n<p>Suppl\u00e9ment alimentaire \u00e0 base de Glucosamine, Chondro\u00eftine, MSM, Griffe du Diable.<\/p>\n<p>PHYTODOL comprim\u00e9s est un suppl\u00e9ment alimentaire \u00e0 base de Glucosamine, Chondro\u00eftine, MSM. Produit notifi\u00e9 aupr\u00e8s du Minist\u00e8re de la Sant\u00e9.<\/p>\n<p>RECOMMENDATION: 2 comprim\u00e9s avant le petit d\u00e9jeuner et 2 avant le d\u00eener.<\/p>\n<p>CONTENU NET 57 grammes<\/p>\n<p>STOCKAGE: Garder dans un endroit frais et sec.<\/p><\/div>\n<div>\u00a0<\/p>\n<div>\n<h4 class=\"tabnut_tit\">INFORMATION NUTRITIONNELLE<\/h4>\n<div class=\"tabnut_table\">\n<table class=\"iaftable iaftable_temp\" cellspacing=\"0\">\n<tbody>\n<tr>\n<td class=\"tabnut_medsep-top\">\n<div>\n<div>\n<div>\n<p><strong>Analyse moyenne<\/strong><\/p>\n<\/div>\n<\/div>\n<\/div>\n<\/td>\n<td class=\"tabnut_medsep-top\"><strong>Par 1 comprim\u00e9<\/strong><\/td>\n<\/tr>\n<tr>\n<td class=\"tabnut_medsep-btm\">Glucosamine<\/td>\n<td class=\"tabnut_medsep-btm\">250mg<\/td>\n<\/tr>\n<tr>\n<td>Methylsulfonylmethane (MSM)<\/td>\n<td>250mg<\/td>\n<\/tr>\n<tr>\n<td>Sulfate de chondro\u00eftine<\/td>\n<td>50mg<\/td>\n<\/tr>\n<tr>\n<td class=\"tabnut_medsep-top\">Griffe du diable extrait sec<\/td>\n<td class=\"tabnut_medsep-top\">50mg<\/td>\n<\/tr>\n<tr>\n<td class=\"tabnut_medsep-btm\" colspan=\"2\"><strong>Ingr\u00e9dients:\u00a0<\/strong>Glucosamine chlorhydrate, M\u00e9thilsulfonilm\u00e9thane (MSM), cellulose, Chondro\u00eftine sulfate, Griffe du Diable (Arpagophytum procumbens) extrait sec, Excipients: polyvinylpyrrolidone, magn\u00e9sium st\u00e9arate, antiagglom\u00e9rant: bioxyde de silicium.<\/td>\n<\/tr>\n<\/tbody>\n<\/table>\n<\/div>\n<\/div>\n<p>\u00a0<\/p><\/div>\n<div>\n<div>\u00a0<\/div>\n<\/div>\n<\/div>\n<\/div>\n<div class=\"prodsch_avvert\">\n<div>Lisez attentivement l\u2019\u00e9tiquette et les informations concernant le produit ainsi que le mode d\u2019emploi.<br \/>Ne pas d\u00e9passer la dose journali\u00e8re indiqu\u00e9e.<br \/>Tenir hors de port\u00e9e des jeunes enfants.<br \/>Les compl\u00e9ments alimentaires ne soient utilis\u00e9s comme substituts d'un r\u00e9gime alimentaire vari\u00e9.<\/div>\n<div>IAF network vous rappelled l\u2019importance d\u2019une alimentation vari\u00e9e et \u00e9quilibr\u00e9e et \u00e0 un mode de vie sain.<\/div>\n<\/div>","protected":false},"excerpt":{"rendered":"<p>Pharmalife Research Phytodol Compresse 60 comprim\u00e9s. Suppl\u00e9ment alimentaire \u00e0 base de Glucosamine, Chondro\u00eftine, MSM, Griffe du Diable.<\/p>","protected":false},"featured_media":25350,"template":"","meta":{"arc_restricted_post":false},"product_cat":[49,347],"product_tag":[],"_links":{"self":[{"href":"https:\/\/www.sopha-sahara.com\/en\/wp-json\/wp\/v2\/product\/25103"}],"collection":[{"href":"https:\/\/www.sopha-sahara.com\/en\/wp-json\/wp\/v2\/product"}],"about":[{"href":"https:\/\/www.sopha-sahara.com\/en\/wp-json\/wp\/v2\/types\/product"}],"wp:featuredmedia":[{"embeddable":true,"href":"https:\/\/www.sopha-sahara.com\/en\/wp-json\/wp\/v2\/media\/25350"}],"wp:attachment":[{"href":"https:\/\/www.sopha-sahara.com\/en\/wp-json\/wp\/v2\/media?parent=25103"}],"wp:term":[{"taxonomy":"product_cat","embeddable":true,"href":"https:\/\/www.sopha-sahara.com\/en\/wp-json\/wp\/v2\/product_cat?post=25103"},{"taxonomy":"product_tag","embeddable":true,"href":"https:\/\/www.sopha-sahara.com\/en\/wp-json\/wp\/v2\/product_tag?post=25103"}],"curies":[{"name":"wp","href":"https:\/\/api.w.org\/{rel}","templated":true}]}}