{"id":25102,"date":"2020-12-24T10:19:22","date_gmt":"2020-12-24T09:19:22","guid":{"rendered":"https:\/\/www.interbusinesschamber.com\/produit\/ansiovit-compresse-30-comprimes\/"},"modified":"2020-12-25T11:26:30","modified_gmt":"2020-12-25T10:26:30","slug":"ansiovit-compresse-30-comprimes","status":"publish","type":"product","link":"https:\/\/www.sopha-sahara.com\/en\/product\/ansiovit-compresse-30-comprimes\/","title":{"rendered":"Ansiovit Compresse 30 comprim\u00e9s"},"content":{"rendered":"<div class=\"prodsch_txt\">\n<div>\n<div>\n<div>\n<div>\n<div>\n<div>\n<div><strong>PHARMALIFE RESEARCH ANSIOVIT COMPRESSE<\/strong><\/div>\n<\/div>\n<\/div>\n<\/div>\n<\/div>\n<p>Compl\u00e9ment alimentaire\u00a0\u00e0 base d\u2019extraits v\u00e9g\u00e9taux.<\/p>\n<p>ANSIOVIT est un produit \u00e0 base de Passiflore, Rhodiole et Scutellaire, des ingr\u00e9dients qui procurent une activit\u00e9 physiologique relaxante et apaisante. Les extraits aux principes actifs titr\u00e9s et standardis\u00e9s contenus dans ANSIOVIT sont hautement purifi\u00e9s et biologiquement contr\u00f4l\u00e9s. Exempts de gluten et d\u2019OGM*, ils sont compatibles avec l\u2019alimentation des coeliaques.<\/p>\n<p>RECOMMENDATION: 2 comprim\u00e9s par jour, au besoin.<\/p>\n<p>CONTENU NET 27 grammes<\/p>\n<p>STOCKAGE: Garder dans un endroit frais et sec.<\/p><\/div>\n<div>\u00a0<\/p>\n<div>\n<h4 class=\"tabnut_tit\">INFORMATION NUTRITIONNELLE<\/h4>\n<div class=\"tabnut_table\">\n<table class=\"iaftable iaftable_temp\" cellspacing=\"0\" align=\"center\">\n<tbody>\n<tr>\n<td class=\"tabnut_medsep-top\">\n<div>\n<div>\n<div>\n<p><strong>Analyse moyenne<\/strong><\/p>\n<\/div>\n<\/div>\n<\/div>\n<\/td>\n<td class=\"tabnut_medsep-top\"><strong>Par dose quotidienne (2 comprim\u00e9s)<\/strong><\/td>\n<\/tr>\n<tr>\n<td class=\"tabnut_medsep-btm\">Passiflora laisse e.s.<\/td>\n<td class=\"tabnut_medsep-btm\">800mg<\/td>\n<\/tr>\n<tr>\n<td>Rhodiola racine e.s.<\/td>\n<td>500mg<\/td>\n<\/tr>\n<tr>\n<td class=\"tabnut_medsep-top\">Scutellaria racine e.s.<\/td>\n<td class=\"tabnut_medsep-top\">120mg<\/td>\n<\/tr>\n<tr>\n<td class=\"tabnut_medsep-btm\" colspan=\"2\"><strong>Ingr\u00e9dients:\u00a0<\/strong>Passiflore (Passiflora incarnata) extrait sec, Rhodiole (Rhodiola rosea) extrait sec, Cellulose, Scutellaire (Scutellaria baicalensis) extrait sec<\/td>\n<\/tr>\n<\/tbody>\n<\/table>\n<\/div>\n<\/div>\n<p>\u00a0<\/p><\/div>\n<div>\n<div>\u00a0<\/div>\n<\/div>\n<\/div>\n<\/div>\n<div class=\"prodsch_avvert\">\n<div>Lisez attentivement l\u2019\u00e9tiquette et les informations concernant le produit ainsi que le mode d\u2019emploi.<br \/>Ne pas d\u00e9passer la dose journali\u00e8re indiqu\u00e9e.<br \/>Tenir hors de port\u00e9e des jeunes enfants.<br \/>Les compl\u00e9ments alimentaires ne soient utilis\u00e9s comme substituts d'un r\u00e9gime alimentaire vari\u00e9.<\/div>\n<div>IAF network vous rappelled l\u2019importance d\u2019une alimentation vari\u00e9e et \u00e9quilibr\u00e9e et \u00e0 un mode de vie sain.<\/div>\n<\/div>","protected":false},"excerpt":{"rendered":"<p>Pharmalife Research Ansiovit Compresse 30 comprim\u00e9s. ANSIOVIT est un produit \u00e0 base de Passiflore, Rhodiole et Scutellaire, des ingr\u00e9dients qui procurent une activit\u00e9 physiologique relaxante et apaisante.<\/p>","protected":false},"featured_media":25178,"template":"","meta":{"arc_restricted_post":false},"product_cat":[49,347],"product_tag":[],"_links":{"self":[{"href":"https:\/\/www.sopha-sahara.com\/en\/wp-json\/wp\/v2\/product\/25102"}],"collection":[{"href":"https:\/\/www.sopha-sahara.com\/en\/wp-json\/wp\/v2\/product"}],"about":[{"href":"https:\/\/www.sopha-sahara.com\/en\/wp-json\/wp\/v2\/types\/product"}],"wp:featuredmedia":[{"embeddable":true,"href":"https:\/\/www.sopha-sahara.com\/en\/wp-json\/wp\/v2\/media\/25178"}],"wp:attachment":[{"href":"https:\/\/www.sopha-sahara.com\/en\/wp-json\/wp\/v2\/media?parent=25102"}],"wp:term":[{"taxonomy":"product_cat","embeddable":true,"href":"https:\/\/www.sopha-sahara.com\/en\/wp-json\/wp\/v2\/product_cat?post=25102"},{"taxonomy":"product_tag","embeddable":true,"href":"https:\/\/www.sopha-sahara.com\/en\/wp-json\/wp\/v2\/product_tag?post=25102"}],"curies":[{"name":"wp","href":"https:\/\/api.w.org\/{rel}","templated":true}]}}