{"id":25101,"date":"2020-12-24T10:19:22","date_gmt":"2020-12-24T09:19:22","guid":{"rendered":"https:\/\/www.interbusinesschamber.com\/produit\/genestin-forte-compresse-30-comprimes\/"},"modified":"2020-12-25T14:30:04","modified_gmt":"2020-12-25T13:30:04","slug":"genestin-forte-compresse-30-comprimes","status":"publish","type":"product","link":"https:\/\/www.sopha-sahara.com\/en\/product\/genestin-forte-compresse-30-comprimes\/","title":{"rendered":"Genestin Forte Compresse 30 comprim\u00e9s"},"content":{"rendered":"<div class=\"prodsch_txt\">\n<div>\n<div>\n<div>\n<div>\n<div>\n<div>\n<div>\n<div><strong>PHARMALIFE RESEARCH GENESTIN FORTE COMPRESSE<\/strong><\/div>\n<\/div>\n<\/div>\n<\/div>\n<\/div>\n<\/div>\n<p>Compl\u00e9ment alimentaire<\/p>\n<p>GENESTIN FORTE est un compl\u00e9ment alimentaire \u00e0 base de cimicifuga, soja, tr\u00e8fle rouge et alpha-alpha, utile pour lutter contre les troubles de la m\u00e9nopause.<\/p>\n<p><\/p>\n<p>Une aide naturelle contre les troubles caus\u00e9s par la m\u00e9nopause. Complement nutritionnel a base d\u2019extraits naturels de soja, cimicifuga, trefle, equisetum, et medicago.<\/p>\n<p>RECOMMENDATION: Un \u00e0 deux comprim\u00e9s par jour \u00e0 prendre avec un verre d\u2019eau avant les principaux repas.<\/p>\n<p>CONTENU NET 27 grammes<\/p>\n<p>STOCKAGE: Garder dans un endroit frais et sec.<\/p><\/div>\n<div>\u00a0<\/p>\n<div>\n<h4 class=\"tabnut_tit\">INFORMATION NUTRITIONNELLE<\/h4>\n<div class=\"tabnut_table\">\n<table class=\"iaftable iaftable_temp\" cellspacing=\"0\">\n<tbody>\n<tr>\n<td class=\"tabnut_medsep-top\">\n<div>\n<div>\n<div>\n<p><strong>Analyse moyenne<\/strong><\/p>\n<\/div>\n<\/div>\n<\/div>\n<\/td>\n<td class=\"tabnut_medsep-top\"><strong>Par dose quotidienne (2 comprim\u00e9s)<\/strong><\/td>\n<\/tr>\n<tr>\n<td class=\"tabnut_medsep-btm\">Act\u00e9e \u00e0 grappe noire rhizome e.s.<\/td>\n<td class=\"tabnut_medsep-btm\">200mg<\/td>\n<\/tr>\n<tr>\n<td>Graines de soja e.s.<\/td>\n<td>187,5mg<\/td>\n<\/tr>\n<tr>\n<td>Tr\u00e8fle rouge usine e.s.<\/td>\n<td>62,5mg<\/td>\n<\/tr>\n<tr>\n<td>Pr\u00eale parties a\u00e9riennes e.s.<\/td>\n<td>50mg<\/td>\n<\/tr>\n<tr>\n<td>Alfa-Alfa usine e.s.<\/td>\n<td>50mg<\/td>\n<\/tr>\n<tr>\n<td class=\"tabnut_medsep-top\">Total des isoflavones<\/td>\n<td class=\"tabnut_medsep-top\">80mg<\/td>\n<\/tr>\n<tr>\n<td class=\"tabnut_medsep-btm\" colspan=\"2\"><strong>Ingr\u00e9dients:\u00a0<\/strong>Extrait de Soja titr\u00e9 \u00e0 40% en isoflavones et \u00e0 5% en saponines, Extrait de Trifolium pratense (Tr\u00e8fle) titr\u00e9 \u00e0 5% en isoflavones (biocaine a + biocaine b et glucosides), Extrait de Cimicifuga racemosa (Cierge d\u2019argent) titr\u00e9 \u00e0 2,5% en triterp\u00e8nes, Extrait d\u2019Equisetum arvense (Pr\u00eale) titr\u00e9 \u00e0 7% en silicium organique, Extrait de Medicago sativa (Luzerne).<\/td>\n<\/tr>\n<\/tbody>\n<\/table>\n<\/div>\n<\/div>\n<p>\u00a0<\/p><\/div>\n<div>\n<div>\u00a0<\/div>\n<\/div>\n<\/div>\n<\/div>\n<div class=\"prodsch_avvert\">Ne pas d\u00e9passer la dose journali\u00e8re recommand\u00e9e.<br \/>Pour l'utilisation du produit et pour la dur\u00e9e, consulter votre m\u00e9decin.<br \/>D\u00e9conseill\u00e9 en cas de troubles h\u00e9patiques.<br \/>D\u00e9conseill\u00e9 \u00e0 l'usage chez les femmes ayant des ant\u00e9c\u00e9dents personnels ou familiaux de cancer du sein.<\/p>\n<div>Lisez attentivement l\u2019\u00e9tiquette et les informations concernant le produit ainsi que le mode d\u2019emploi.<br \/>Ne pas d\u00e9passer la dose journali\u00e8re indiqu\u00e9e.<br \/>Tenir hors de port\u00e9e des jeunes enfants.<br \/>Les compl\u00e9ments alimentaires ne soient utilis\u00e9s comme substituts d'un r\u00e9gime alimentaire vari\u00e9.<\/div>\n<div>IAF network vous rappelled l\u2019importance d\u2019une alimentation vari\u00e9e et \u00e9quilibr\u00e9e et \u00e0 un mode de vie sain.<\/div>\n<\/div>","protected":false},"excerpt":{"rendered":"<p class=\"productabstract\">Pharmalife Research Genestin Forte Compresse 30 comprim\u00e9s. GENESTIN FORTE est un compl\u00e9ment alimentaire \u00e0 base de cimicifuga, soja, tr\u00e8fle rouge et alpha-alpha, utile pour lutter contre les troubles de la m\u00e9nopause.<\/p>","protected":false},"featured_media":25291,"template":"","meta":{"arc_restricted_post":false},"product_cat":[49,347],"product_tag":[],"_links":{"self":[{"href":"https:\/\/www.sopha-sahara.com\/en\/wp-json\/wp\/v2\/product\/25101"}],"collection":[{"href":"https:\/\/www.sopha-sahara.com\/en\/wp-json\/wp\/v2\/product"}],"about":[{"href":"https:\/\/www.sopha-sahara.com\/en\/wp-json\/wp\/v2\/types\/product"}],"wp:featuredmedia":[{"embeddable":true,"href":"https:\/\/www.sopha-sahara.com\/en\/wp-json\/wp\/v2\/media\/25291"}],"wp:attachment":[{"href":"https:\/\/www.sopha-sahara.com\/en\/wp-json\/wp\/v2\/media?parent=25101"}],"wp:term":[{"taxonomy":"product_cat","embeddable":true,"href":"https:\/\/www.sopha-sahara.com\/en\/wp-json\/wp\/v2\/product_cat?post=25101"},{"taxonomy":"product_tag","embeddable":true,"href":"https:\/\/www.sopha-sahara.com\/en\/wp-json\/wp\/v2\/product_tag?post=25101"}],"curies":[{"name":"wp","href":"https:\/\/api.w.org\/{rel}","templated":true}]}}