{"id":25100,"date":"2020-12-24T10:19:21","date_gmt":"2020-12-24T09:19:21","guid":{"rendered":"https:\/\/www.interbusinesschamber.com\/produit\/biomelatonin-15-comprimes\/"},"modified":"2020-12-25T12:31:34","modified_gmt":"2020-12-25T11:31:34","slug":"biomelatonin-15-comprimes","status":"publish","type":"product","link":"https:\/\/www.sopha-sahara.com\/en\/product\/biomelatonin-15-comprimes\/","title":{"rendered":"BioMelatonin 15 comprim\u00e9s"},"content":{"rendered":"<div class=\"prodsch_txt\">\n<div>\n<div>\n<div>\n<div>\n<div>\n<div>\n<div>\n<div>\n<div>\n<div><strong>PHARMALIFE RESEARCH BIOMELATONIN<\/strong><\/div>\n<\/div>\n<\/div>\n<\/div>\n<\/div>\n<\/div>\n<\/div>\n<\/div>\n<p>Compl\u00e9ment alimentaire<\/p>\n<p>Compl\u00e9ment nutritionnel \u00e0 base d\u2019extraits v\u00e9g\u00e9taux et m\u00e9latonine.<\/p>\n<p>Gr\u00e2ce \u00e0 ses principes actifs, Biomelatonin est capable de lutter efficacement contre les perturbations du rythme du sommeil \u00e9veill\u00e9, d\u2019assister le repos nocturne, de l\u2019insomnie et de calmer les \u00e9tats de nervosit\u00e9. Utile pour contrer le d\u00e9calage horaire.<\/p>\n<p>RECOMMENDATION: M\u00e9latonine, Scutellaire, Houblon, Escholtzia.<\/p>\n<p>CONTENU NET 15 grammes<\/p>\n<p>STOCKAGE: Garder dans un endroit frais et sec.<\/p><\/div>\n<div>\u00a0<\/p>\n<div>\n<h4 class=\"tabnut_tit\">INFORMATION NUTRITIONNELLE<\/h4>\n<div class=\"tabnut_table\">\n<table class=\"iaftable iaftable_temp\" cellspacing=\"0\" align=\"center\">\n<tbody>\n<tr>\n<td class=\"tabnut_medsep-top\">\n<div>\n<div>\n<div>\n<p><strong>Analyse moyenne<\/strong><\/p>\n<\/div>\n<\/div>\n<\/div>\n<\/td>\n<td class=\"tabnut_medsep-top\"><strong>Par 100g<\/strong><\/td>\n<td class=\"tabnut_medsep-top\"><strong>Par dose quotidienne (1 comprim\u00e9)<\/strong><\/td>\n<\/tr>\n<tr>\n<td class=\"tabnut_medsep-btm\">\n<div>Escolzia e.s.<\/div>\n<\/td>\n<td class=\"tabnut_medsep-btm\">\n<div>44,4g<\/div>\n<\/td>\n<td class=\"tabnut_medsep-btm\">\n<div>0,4g<\/div>\n<\/td>\n<\/tr>\n<tr>\n<td>Houblon e.s.<br \/>dont la rutine<\/td>\n<td>\n<div>11,1g<\/div>\n<div>44,4mg<\/div>\n<\/td>\n<td>\n<div>0,1g<\/div>\n<div>0,4mg<\/div>\n<\/td>\n<\/tr>\n<tr>\n<td>Scutellaria e.s.<br \/>dont baicalina<\/td>\n<td>\n<div>5,6g<\/div>\n<div>1,6g<\/div>\n<\/td>\n<td>\n<div>0,05g<\/div>\n<div>0,014g<\/div>\n<\/td>\n<\/tr>\n<tr>\n<td class=\"tabnut_medsep-top\">\n<div>M\u00e9latonine<\/div>\n<\/td>\n<td class=\"tabnut_medsep-top\">\n<div>\n<div>111mg<\/div>\n<\/div>\n<\/td>\n<td class=\"tabnut_medsep-top\">\n<div>1,0mg<\/div>\n<\/td>\n<\/tr>\n<tr>\n<td class=\"tabnut_medsep-btm\" colspan=\"3\"><strong>Ingr\u00e9dients:\u00a0<\/strong>M\u00e9latonine, Scutellaire, Houblon, Escholtzia.<\/td>\n<\/tr>\n<\/tbody>\n<\/table>\n<\/div>\n<\/div>\n<p>\u00a0<\/p><\/div>\n<div>\n<div>\u00a0<\/div>\n<\/div>\n<div class=\"iaf_ingred tabnut_table\"><strong>Ingr\u00e9dients:<\/strong>\u00a0extrait sec Escholtzia (Eschscholzia californica, maltodextrine) agent de charge: cellulose microcristalline; Extrait sec de houblon inflorescences femelles (Humulus lupulus, maltodextrine) titr\u00e9 \u00e0 0,4% en rutine, agent de charge: phosphate de calcium; Extrait sec Scutellaria racine (Scutellaria baicalensis de) titr\u00e9 \u00e0 30% en baicalin, anti-agglom\u00e9rants: st\u00e9arate de magn\u00e9sium, dioxyde de silicium, de la poussi\u00e8re Melatonin.<\/div>\n<\/div>\n<\/div>\n<div class=\"prodsch_avvert\">\n<div>Lisez attentivement l\u2019\u00e9tiquette et les informations concernant le produit ainsi que le mode d\u2019emploi.<br \/>Ne pas d\u00e9passer la dose journali\u00e8re indiqu\u00e9e.<br \/>Tenir hors de port\u00e9e des jeunes enfants.<br \/>Les compl\u00e9ments alimentaires ne soient utilis\u00e9s comme substituts d'un r\u00e9gime alimentaire vari\u00e9.<\/div>\n<div>IAF network vous rappelled l\u2019importance d\u2019une alimentation vari\u00e9e et \u00e9quilibr\u00e9e et \u00e0 un mode de vie sain.<\/div>\n<\/div>","protected":false},"excerpt":{"rendered":"<p>Pharmalife Research BioMelatonin 15 comprim\u00e9s. Gr\u00e2ce \u00e0 ses principes actifs, Biomelatonin est capable de lutter efficacement contre les perturbations du rythme du sommeil \u00e9veill\u00e9, d\u2019assister le repos nocturne, de l\u2019insomnie et de calmer les \u00e9tats de nervosit\u00e9. Utile pour contrer le d\u00e9calage horaire.<\/p>","protected":false},"featured_media":25236,"template":"","meta":{"arc_restricted_post":false},"product_cat":[49,347],"product_tag":[],"_links":{"self":[{"href":"https:\/\/www.sopha-sahara.com\/en\/wp-json\/wp\/v2\/product\/25100"}],"collection":[{"href":"https:\/\/www.sopha-sahara.com\/en\/wp-json\/wp\/v2\/product"}],"about":[{"href":"https:\/\/www.sopha-sahara.com\/en\/wp-json\/wp\/v2\/types\/product"}],"wp:featuredmedia":[{"embeddable":true,"href":"https:\/\/www.sopha-sahara.com\/en\/wp-json\/wp\/v2\/media\/25236"}],"wp:attachment":[{"href":"https:\/\/www.sopha-sahara.com\/en\/wp-json\/wp\/v2\/media?parent=25100"}],"wp:term":[{"taxonomy":"product_cat","embeddable":true,"href":"https:\/\/www.sopha-sahara.com\/en\/wp-json\/wp\/v2\/product_cat?post=25100"},{"taxonomy":"product_tag","embeddable":true,"href":"https:\/\/www.sopha-sahara.com\/en\/wp-json\/wp\/v2\/product_tag?post=25100"}],"curies":[{"name":"wp","href":"https:\/\/api.w.org\/{rel}","templated":true}]}}