{"id":25099,"date":"2020-12-24T10:19:20","date_gmt":"2020-12-24T09:19:20","guid":{"rendered":"https:\/\/www.interbusinesschamber.com\/produit\/nopressil-30-comprimes\/"},"modified":"2020-12-25T15:16:04","modified_gmt":"2020-12-25T14:16:04","slug":"nopressil-30-comprimes","status":"publish","type":"product","link":"https:\/\/www.sopha-sahara.com\/en\/product\/nopressil-30-comprimes\/","title":{"rendered":"NoPressil 30 comprim\u00e9s"},"content":{"rendered":"<div class=\"prodsch_txt\">\n<div>\n<div>\n<div>\n<div>\n<div>\n<div>\n<div>\n<div>\n<div>\n<div>\n<div><strong>PHARMALIFE RESEARCH NOPRESSIL<\/strong><\/div>\n<\/div>\n<\/div>\n<\/div>\n<\/div>\n<\/div>\n<\/div>\n<\/div>\n<\/div>\n<p>Compl\u00e9ment alimentaire<\/p>\n<p>NOPRESSIL est un compl\u00e9ment alimentaire \u00e0 base d'extrait d'Orthosiphon, utile pour drainer les fluides corporels.<\/p>\n<p>CONTENU NET 27 grammes<\/p>\n<p>STOCKAGE: Garder dans un endroit frais et sec.<\/p><\/div>\n<div>\u00a0<\/p>\n<div>\n<h4 class=\"tabnut_tit\">INFORMATION NUTRITIONNELLE<\/h4>\n<div class=\"tabnut_table\">\n<table class=\"iaftable iaftable_temp\" cellspacing=\"0\" align=\"center\">\n<tbody>\n<tr>\n<td class=\"tabnut_medsep-top\">\n<div>\n<div>\n<div>\n<p><strong>Analyse moyenne<\/strong><\/p>\n<\/div>\n<\/div>\n<\/div>\n<\/td>\n<td class=\"tabnut_medsep-top\"><strong>Par 100g<\/strong><\/td>\n<td class=\"tabnut_medsep-top\"><strong>Par dose quotidienne (2 comprim\u00e9s)<\/strong><\/td>\n<\/tr>\n<tr>\n<td class=\"tabnut_medsep-btm\">Valeur \u00e9nerg\u00e9tique<\/td>\n<td class=\"tabnut_medsep-btm\">372,7Kcal \/ 1582,1KJ<\/td>\n<td class=\"tabnut_medsep-btm\">6,71Kcal \/ 28,48KJ<\/td>\n<\/tr>\n<tr>\n<td>Prot\u00e9ines<\/td>\n<td>1,8g<\/td>\n<td>0,032g<\/td>\n<\/tr>\n<tr>\n<td>Glucides<\/td>\n<td>88,0g<\/td>\n<td>1,584g<\/td>\n<\/tr>\n<tr>\n<td>Lipides<\/td>\n<td>1,5g<\/td>\n<td>0,027g<\/td>\n<\/tr>\n<tr>\n<td>Hibiscus fleurs e.s.<\/td>\n<td>44,4g<\/td>\n<td>0,8g<\/td>\n<\/tr>\n<tr>\n<td>Orthosiphon laisse e.s.<\/td>\n<td>11,1g<\/td>\n<td>0,2g<\/td>\n<\/tr>\n<tr>\n<td>Olive laisse e.s.<\/td>\n<td>11,1g<\/td>\n<td>0,2g<\/td>\n<\/tr>\n<tr>\n<td>Bulbe d'ail e.s.<\/td>\n<td>11,1g<\/td>\n<td>0,2g<\/td>\n<\/tr>\n<tr>\n<td class=\"tabnut_medsep-top\">Fleurs d'aub\u00e9pine et les feuilles e.s.<\/td>\n<td class=\"tabnut_medsep-top\">11,1g<\/td>\n<td class=\"tabnut_medsep-top\">0,2g<\/td>\n<\/tr>\n<tr>\n<td class=\"tabnut_medsep-btm\" colspan=\"3\">\n<div>\n<div>\n<div>\n<div>\n<div>\n<div>\n<div>\n<div>* Pourcentage des valeurs journali\u00e8res bas\u00e9 sur un r\u00e9gime de 2000 calories<\/div>\n<\/div>\n<\/div>\n<\/div>\n<\/div>\n<\/div>\n<\/div>\n<\/div>\n<\/td>\n<\/tr>\n<tr>\n<td colspan=\"3\">\n<div>\n<div>\n<div>\n<div>\n<div>\u2020 Valeurs journali\u00e8res non \u00e9tablies<\/div>\n<\/div>\n<\/div>\n<\/div>\n<\/div>\n<\/td>\n<\/tr>\n<\/tbody>\n<\/table>\n<\/div>\n<\/div>\n<p>\u00a0<\/p><\/div>\n<div>\n<div>\u00a0<\/div>\n<\/div>\n<div class=\"iaf_ingred tabnut_table\"><strong>Ingr\u00e9dients:<\/strong>\u00a0Roselle, Orthosiphon, feuilles d'olive, l'ail, l'aub\u00e9pine.<\/div>\n<\/div>\n<\/div>\n<div class=\"prodsch_avvert\">\n<div>Lisez attentivement l\u2019\u00e9tiquette et les informations concernant le produit ainsi que le mode d\u2019emploi.<br \/>Ne pas d\u00e9passer la dose journali\u00e8re indiqu\u00e9e.<br \/>Tenir hors de port\u00e9e des jeunes enfants.<br \/>Les compl\u00e9ments alimentaires ne soient utilis\u00e9s comme substituts d'un r\u00e9gime alimentaire vari\u00e9.<\/div>\n<div>IAF network vous rappelled l\u2019importance d\u2019une alimentation vari\u00e9e et \u00e9quilibr\u00e9e et \u00e0 un mode de vie sain.<\/div>\n<\/div>","protected":false},"excerpt":{"rendered":"<p class=\"productabstract\">Pharmalife Research NoPressil 30 comprim\u00e9s. NOPRESSIL est un compl\u00e9ment alimentaire \u00e0 base d&rsquo;extrait d&rsquo;Orthosiphon, utile pour drainer les fluides corporels.<\/p>","protected":false},"featured_media":25330,"template":"","meta":{"arc_restricted_post":false},"product_cat":[49,347],"product_tag":[],"_links":{"self":[{"href":"https:\/\/www.sopha-sahara.com\/en\/wp-json\/wp\/v2\/product\/25099"}],"collection":[{"href":"https:\/\/www.sopha-sahara.com\/en\/wp-json\/wp\/v2\/product"}],"about":[{"href":"https:\/\/www.sopha-sahara.com\/en\/wp-json\/wp\/v2\/types\/product"}],"wp:featuredmedia":[{"embeddable":true,"href":"https:\/\/www.sopha-sahara.com\/en\/wp-json\/wp\/v2\/media\/25330"}],"wp:attachment":[{"href":"https:\/\/www.sopha-sahara.com\/en\/wp-json\/wp\/v2\/media?parent=25099"}],"wp:term":[{"taxonomy":"product_cat","embeddable":true,"href":"https:\/\/www.sopha-sahara.com\/en\/wp-json\/wp\/v2\/product_cat?post=25099"},{"taxonomy":"product_tag","embeddable":true,"href":"https:\/\/www.sopha-sahara.com\/en\/wp-json\/wp\/v2\/product_tag?post=25099"}],"curies":[{"name":"wp","href":"https:\/\/api.w.org\/{rel}","templated":true}]}}