{"id":25098,"date":"2020-12-24T10:19:19","date_gmt":"2020-12-24T09:19:19","guid":{"rendered":"https:\/\/www.interbusinesschamber.com\/produit\/ginkolin-30-comprimes\/"},"modified":"2020-12-25T14:31:30","modified_gmt":"2020-12-25T13:31:30","slug":"ginkolin-30-comprimes","status":"publish","type":"product","link":"https:\/\/www.sopha-sahara.com\/en\/product\/ginkolin-30-comprimes\/","title":{"rendered":"Ginkolin 30 comprim\u00e9s"},"content":{"rendered":"<div class=\"prodsch_txt\">\n<div>\n<div>\n<div>\n<div>\n<div>\n<div>\n<div>\n<div>\n<div><strong>PHARMALIFE RESEARCH GINKOLIN<\/strong><\/div>\n<\/div>\n<\/div>\n<\/div>\n<\/div>\n<\/div>\n<\/div>\n<p>Compl\u00e9ment alimentaire<\/p>\n<p>GINKOLIN est un compl\u00e9ment alimentaire en vitamines B, contenant \u00e9galement de la vitamine E et de la l\u00e9cithine de soja, ayant une activit\u00e9 antioxydante.<\/p>\n<p>RECOMMENDATION: Un comprim\u00e9 le matin et un le soir \u00e0 prendre avec un verre d\u2019eau avant les principaux repas. Un emploi quotidien prolong\u00e9 est pr\u00e9conis\u00e9 pendant au moins deux ou trois mois.<\/p>\n<p>CONTENU NET 24 grammes<\/p>\n<p>STOCKAGE: Garder dans un endroit frais et sec.<\/p><\/div>\n<div>\u00a0<\/p>\n<div>\n<h4 class=\"tabnut_tit\">INFORMATION NUTRITIONNELLE<\/h4>\n<div class=\"tabnut_table\">\n<table class=\"iaftable iaftable_temp\" cellspacing=\"0\" align=\"center\">\n<tbody>\n<tr>\n<td class=\"tabnut_medsep-top\">\n<div>\n<div>\n<p><strong>Analyse moyenne<\/strong><\/p>\n<\/div>\n<\/div>\n<\/td>\n<td class=\"tabnut_medsep-top\"><strong>Par 100g<\/strong><\/td>\n<td class=\"tabnut_medsep-top\"><strong>Par dose quotidienne (2 comprim\u00e9s)<\/strong><\/td>\n<td class=\"tabnut_medsep-top\"><strong>*% AJR<\/strong><\/td>\n<\/tr>\n<tr>\n<td class=\"tabnut_medsep-btm\">Vitamine E<\/td>\n<td class=\"tabnut_medsep-btm\">480mg<\/td>\n<td class=\"tabnut_medsep-btm\">7,68mg<\/td>\n<td class=\"tabnut_medsep-btm\">64%<\/td>\n<\/tr>\n<tr>\n<td>Vitamine B1<\/td>\n<td>100mg<\/td>\n<td>1,6mg<\/td>\n<td>145,5%<\/td>\n<\/tr>\n<tr>\n<td>Vitamine B2<\/td>\n<td>100mg<\/td>\n<td>1,6mg<\/td>\n<td>114,2%<\/td>\n<\/tr>\n<tr>\n<td>Vitamine B6<\/td>\n<td>100mg<\/td>\n<td>1,6mg<\/td>\n<td>114,2%<\/td>\n<\/tr>\n<tr>\n<td>Pantoth\u00e9nate de calcium<\/td>\n<td>320mg<\/td>\n<td>5,12mg<\/td>\n<td>85%<\/td>\n<\/tr>\n<tr>\n<td>Nicotinamide<\/td>\n<td>1120mg<\/td>\n<td>18,0mg<\/td>\n<td>112,5%<\/td>\n<\/tr>\n<tr>\n<td>Vitamine B12<\/td>\n<td>62,5mcg<\/td>\n<td>1,0mcg<\/td>\n<td>40%<\/td>\n<\/tr>\n<tr>\n<td>Whitania racine e.s.<\/td>\n<td>31,25g<\/td>\n<td>0,5g<\/td>\n<td>\u00a0<\/td>\n<\/tr>\n<tr>\n<td>Feuilles de Ginkgo e.s.<\/td>\n<td>10,0g<\/td>\n<td>0,16g<\/td>\n<td>\u00a0<\/td>\n<\/tr>\n<tr>\n<td>Racine de ginseng e.s.<\/td>\n<td>6,25g<\/td>\n<td>0,1g<\/td>\n<td>\u00a0<\/td>\n<\/tr>\n<tr>\n<td>graines e.s.<\/td>\n<td>3,13g<\/td>\n<td>0,05g<\/td>\n<td>\u00a0<\/td>\n<\/tr>\n<tr>\n<td class=\"tabnut_medsep-top\">L\u00e9cithine de soja<\/td>\n<td class=\"tabnut_medsep-top\">12,5g<\/td>\n<td class=\"tabnut_medsep-top\">0,2g<\/td>\n<td class=\"tabnut_medsep-top\">\u00a0<\/td>\n<\/tr>\n<tr>\n<td class=\"tabnut_medsep-btm\" colspan=\"4\">\n<div>\n<div>\n<div>\n<div>* Pourcentage des valeurs journali\u00e8res bas\u00e9 sur un r\u00e9gime de 2000 calories<\/div>\n<\/div>\n<\/div>\n<\/div>\n<\/td>\n<\/tr>\n<tr>\n<td colspan=\"4\">\u2020 Valeurs journali\u00e8res non \u00e9tablies<\/td>\n<\/tr>\n<tr>\n<td colspan=\"4\"><strong>Ingr\u00e9dients:\u00a0<\/strong>Extrait sec de Vitis Vinifera titr\u00e9 \u00e0 95% en OPC (Oligom\u00e8res procyanidoliques) et Resveratrol 0,01%. Extrait sec de Ginkgo Biloba titr\u00e9 \u00e0 24% de flavoglycosides de Ginkgo, et 6% de triterp\u00e8nes lactones. Exempt d\u2019acides ginkgoliques. Extrait sec de Panax Ginseng titr\u00e9 \u00e0 14% de ginsenosides - rapport rgl \u2013 rbl 50% Extrait sec de Withamnia titr\u00e9 \u00e0 5% de withanolides L\u00e9cithine de Soja Vitamine E Vitamine B5, B1, B2, B6, B3, B12.<\/td>\n<\/tr>\n<\/tbody>\n<\/table>\n<\/div>\n<\/div>\n<p>\u00a0<\/p><\/div>\n<div>\n<div>\u00a0<\/div>\n<\/div>\n<\/div>\n<\/div>\n<div class=\"prodsch_avvert\">Consultez votre m\u00e9decin en cas de prise simultan\u00e9e d'anticoagulants.<br \/>D\u00e9conseill\u00e9 aux femmes enceintes et allaitantes.<\/p>\n<div>Lisez attentivement l\u2019\u00e9tiquette et les informations concernant le produit ainsi que le mode d\u2019emploi.<br \/>Ne pas d\u00e9passer la dose journali\u00e8re indiqu\u00e9e.<br \/>Tenir hors de port\u00e9e des jeunes enfants.<br \/>Les compl\u00e9ments alimentaires ne soient utilis\u00e9s comme substituts d'un r\u00e9gime alimentaire vari\u00e9.<\/div>\n<div>IAF network vous rappelled l\u2019importance d\u2019une alimentation vari\u00e9e et \u00e9quilibr\u00e9e et \u00e0 un mode de vie sain.<\/div>\n<\/div>","protected":false},"excerpt":{"rendered":"<p>Pharmalife Research Ginkolin 30 comprim\u00e9s. GINKOLIN est un compl\u00e9ment alimentaire en vitamines B, contenant \u00e9galement de la vitamine E et de la l\u00e9cithine de soja, ayant une activit\u00e9 antioxydante.<\/p>","protected":false},"featured_media":25293,"template":"","meta":{"arc_restricted_post":false},"product_cat":[49,347],"product_tag":[],"_links":{"self":[{"href":"https:\/\/www.sopha-sahara.com\/en\/wp-json\/wp\/v2\/product\/25098"}],"collection":[{"href":"https:\/\/www.sopha-sahara.com\/en\/wp-json\/wp\/v2\/product"}],"about":[{"href":"https:\/\/www.sopha-sahara.com\/en\/wp-json\/wp\/v2\/types\/product"}],"wp:featuredmedia":[{"embeddable":true,"href":"https:\/\/www.sopha-sahara.com\/en\/wp-json\/wp\/v2\/media\/25293"}],"wp:attachment":[{"href":"https:\/\/www.sopha-sahara.com\/en\/wp-json\/wp\/v2\/media?parent=25098"}],"wp:term":[{"taxonomy":"product_cat","embeddable":true,"href":"https:\/\/www.sopha-sahara.com\/en\/wp-json\/wp\/v2\/product_cat?post=25098"},{"taxonomy":"product_tag","embeddable":true,"href":"https:\/\/www.sopha-sahara.com\/en\/wp-json\/wp\/v2\/product_tag?post=25098"}],"curies":[{"name":"wp","href":"https:\/\/api.w.org\/{rel}","templated":true}]}}