{"id":25097,"date":"2020-12-24T10:19:18","date_gmt":"2020-12-24T09:19:18","guid":{"rendered":"https:\/\/www.interbusinesschamber.com\/produit\/ferrolife-30-comprimes\/"},"modified":"2020-12-25T14:17:47","modified_gmt":"2020-12-25T13:17:47","slug":"ferrolife-30-comprimes","status":"publish","type":"product","link":"https:\/\/www.sopha-sahara.com\/en\/product\/ferrolife-30-comprimes\/","title":{"rendered":"Ferrolife 30 comprim\u00e9s"},"content":{"rendered":"<div class=\"prodsch_txt\">\n<div>\n<div>\n<div>\n<div>\n<div>\n<div>\n<div>\n<div>\n<div><strong>PHARMALIFE RESEARCH FERROLIFE<\/strong><\/div>\n<\/div>\n<\/div>\n<\/div>\n<\/div>\n<\/div>\n<\/div>\n<p>Compl\u00e9ment alimentaire<\/p>\n<p>FERROLIFE est un suppl\u00e9ment contenant une source naturelle de fer d\u00e9riv\u00e9 du germe de bl\u00e9 et une source hautement biodisponible, le gluconate de fer.<\/p>\n<p>CONTENU NET 27,3 grammes<\/p>\n<p>STOCKAGE: Garder dans un endroit frais et sec.<\/p><\/div>\n<div>\u00a0<\/p>\n<div>\n<h4 class=\"tabnut_tit\">INFORMATION NUTRITIONNELLE<\/h4>\n<div class=\"tabnut_table\">\n<table class=\"iaftable iaftable_temp\" cellspacing=\"0\" align=\"center\">\n<tbody>\n<tr>\n<td class=\"tabnut_medsep-top\">\n<div>\n<div>\n<p><strong>Analyse moyenne<\/strong><\/p>\n<\/div>\n<\/div>\n<\/td>\n<td class=\"tabnut_medsep-top\"><strong>Par 100g<\/strong><\/td>\n<td class=\"tabnut_medsep-top\"><strong>Par dose quotidienne (1 comprim\u00e9s)<\/strong><\/td>\n<td class=\"tabnut_medsep-top\"><strong>*% AJR<\/strong><\/td>\n<\/tr>\n<tr>\n<td class=\"tabnut_medsep-btm\">Zinc<\/td>\n<td class=\"tabnut_medsep-btm\">1649mg<\/td>\n<td class=\"tabnut_medsep-btm\">15mg<\/td>\n<td class=\"tabnut_medsep-btm\">150%<\/td>\n<\/tr>\n<tr>\n<td>Fer<\/td>\n<td>1539mg<\/td>\n<td>14mg<\/td>\n<td>100%<\/td>\n<\/tr>\n<tr>\n<td>Cuivre<\/td>\n<td>132mg<\/td>\n<td>1,2mg<\/td>\n<td>120%<\/td>\n<\/tr>\n<tr>\n<td>Vitamine C<\/td>\n<td>6593mg<\/td>\n<td>60mg<\/td>\n<td>75%<\/td>\n<\/tr>\n<tr>\n<td>Vitamine B12<\/td>\n<td>110mcg<\/td>\n<td>1,0mcg<\/td>\n<td>40%<\/td>\n<\/tr>\n<tr>\n<td>Camomille e.s.<\/td>\n<td>22g<\/td>\n<td>0,2g<\/td>\n<td>\u00a0<\/td>\n<\/tr>\n<tr>\n<td>Germe de bl\u00e9 e.s.<\/td>\n<td>22g<\/td>\n<td>0,2g<\/td>\n<td>\u00a0<\/td>\n<\/tr>\n<tr>\n<td class=\"tabnut_medsep-top\">Acerola e.s.<\/td>\n<td class=\"tabnut_medsep-top\">5,5g<\/td>\n<td class=\"tabnut_medsep-top\">0,05g<\/td>\n<td class=\"tabnut_medsep-top\">\u00a0<\/td>\n<\/tr>\n<tr>\n<td class=\"tabnut_medsep-btm\" colspan=\"4\">\n<div>\n<div>\n<div>\n<div>* Pourcentage des valeurs journali\u00e8res bas\u00e9 sur un r\u00e9gime de 2000 calories<\/div>\n<\/div>\n<\/div>\n<\/div>\n<\/td>\n<\/tr>\n<tr>\n<td colspan=\"4\">\u2020 Valeurs journali\u00e8res non \u00e9tablies<\/td>\n<\/tr>\n<\/tbody>\n<\/table>\n<\/div>\n<\/div>\n<p>\u00a0<\/p><\/div>\n<div>\n<div>\u00a0<\/div>\n<\/div>\n<div class=\"iaf_ingred tabnut_table\"><strong>Ingr\u00e9dients:<\/strong>\u00a0Camomille (Matricaria recutita) d'extrait sec titr\u00e9 \u00e0 4% en apig\u00e9nine (22%), le germe de bl\u00e9 (Triticum aestivum) extrait sec (22%), le gluconate de fer, gluconate de zinc, de la cellulose, de la vitamine C, l'ac\u00e9rola (Malpighia glabra) extrait sec (5,5%), le phosphate de calcium, anti-agglom\u00e9rant: dioxyde de silicium; st\u00e9arate de magn\u00e9sium, le gluconate de cuivre, de la vitamine B12.<\/div>\n<\/div>\n<\/div>\n<div class=\"prodsch_avvert\">\n<div>Lisez attentivement l\u2019\u00e9tiquette et les informations concernant le produit ainsi que le mode d\u2019emploi.<br \/>Ne pas d\u00e9passer la dose journali\u00e8re indiqu\u00e9e.<br \/>Tenir hors de port\u00e9e des jeunes enfants.<br \/>Les compl\u00e9ments alimentaires ne soient utilis\u00e9s comme substituts d'un r\u00e9gime alimentaire vari\u00e9.<\/div>\n<div>IAF network vous rappelled l\u2019importance d\u2019une alimentation vari\u00e9e et \u00e9quilibr\u00e9e et \u00e0 un mode de vie sain.<\/div>\n<\/div>","protected":false},"excerpt":{"rendered":"<p>Pharmalife Research Ferrolife 30 comprim\u00e9s. FERROLIFE est un suppl\u00e9ment contenant une source naturelle de fer d\u00e9riv\u00e9 du germe de bl\u00e9 et une source hautement biodisponible, le gluconate de fer.<\/p>","protected":false},"featured_media":25277,"template":"","meta":{"arc_restricted_post":false},"product_cat":[49,347],"product_tag":[],"_links":{"self":[{"href":"https:\/\/www.sopha-sahara.com\/en\/wp-json\/wp\/v2\/product\/25097"}],"collection":[{"href":"https:\/\/www.sopha-sahara.com\/en\/wp-json\/wp\/v2\/product"}],"about":[{"href":"https:\/\/www.sopha-sahara.com\/en\/wp-json\/wp\/v2\/types\/product"}],"wp:featuredmedia":[{"embeddable":true,"href":"https:\/\/www.sopha-sahara.com\/en\/wp-json\/wp\/v2\/media\/25277"}],"wp:attachment":[{"href":"https:\/\/www.sopha-sahara.com\/en\/wp-json\/wp\/v2\/media?parent=25097"}],"wp:term":[{"taxonomy":"product_cat","embeddable":true,"href":"https:\/\/www.sopha-sahara.com\/en\/wp-json\/wp\/v2\/product_cat?post=25097"},{"taxonomy":"product_tag","embeddable":true,"href":"https:\/\/www.sopha-sahara.com\/en\/wp-json\/wp\/v2\/product_tag?post=25097"}],"curies":[{"name":"wp","href":"https:\/\/api.w.org\/{rel}","templated":true}]}}