{"id":25096,"date":"2020-12-24T10:19:13","date_gmt":"2020-12-24T09:19:13","guid":{"rendered":"https:\/\/www.interbusinesschamber.com\/produit\/diuretil-forte-45-comprimes\/"},"modified":"2020-12-25T14:09:57","modified_gmt":"2020-12-25T13:09:57","slug":"diuretil-forte-45-comprimes","status":"publish","type":"product","link":"https:\/\/www.sopha-sahara.com\/en\/product\/diuretil-forte-45-comprimes\/","title":{"rendered":"Diuretil Forte 45 comprim\u00e9s"},"content":{"rendered":"<div class=\"prodsch_txt\">\n<div>\n<div>\n<div>\n<div>\n<div>\n<div>\n<div>\n<div>\n<div>\n<div>\n<div>\n<div><strong>PHARMALIFE RESEARCH DIURETIL FORTE<\/strong><\/div>\n<\/div>\n<\/div>\n<\/div>\n<\/div>\n<\/div>\n<\/div>\n<\/div>\n<\/div>\n<\/div>\n<p>Compl\u00e9ment alimentaire<\/p>\n<p>Compl\u00e9ment alimentaire \u00e0 base d'extraits de plantes utile en cas de gonflement, de r\u00e9tention d'eau, de gain de poids li\u00e9 \u00e0 l'accumulation de liquides, d'hypertension.<\/p>\n<p>CONTENU NET 42,75 grammes<\/p>\n<p>STOCKAGE: Garder dans un endroit frais et sec.<\/p><\/div>\n<div>\u00a0<\/p>\n<div>\n<h4 class=\"tabnut_tit\">INFORMATION NUTRITIONNELLE<\/h4>\n<div class=\"tabnut_table\">\n<table class=\"iaftable iaftable_temp\" cellspacing=\"0\" align=\"center\">\n<tbody>\n<tr>\n<td class=\"tabnut_medsep-top\">\n<div>\n<div>\n<div>\n<p><strong>Analyse moyenne<\/strong><\/p>\n<\/div>\n<\/div>\n<\/div>\n<\/td>\n<td class=\"tabnut_medsep-top\"><strong>Par 100g<\/strong><\/td>\n<td class=\"tabnut_medsep-top\"><strong>Par dose quotidienne (4 comprim\u00e9s)<\/strong><\/td>\n<\/tr>\n<tr>\n<td class=\"tabnut_medsep-btm\">Lespedeza e.s.<\/td>\n<td class=\"tabnut_medsep-btm\">31,58g<\/td>\n<td class=\"tabnut_medsep-btm\">1,2g<\/td>\n<\/tr>\n<tr>\n<td>Pilosella e.s.<\/td>\n<td>26,32g<\/td>\n<td>1,0g<\/td>\n<\/tr>\n<tr>\n<td>Queue de cerise e.s.<\/td>\n<td>21,05g<\/td>\n<td>0,8g<\/td>\n<\/tr>\n<\/tbody>\n<\/table>\n<\/div>\n<\/div>\n<p>\u00a0<\/p><\/div>\n<div>\n<div>\u00a0<\/div>\n<\/div>\n<div class=\"iaf_ingred tabnut_table\"><strong>Ingr\u00e9dients:<\/strong>\u00a0lespedeza (Lespedeza capitata) d'extrait sec, \u00c9pervi\u00e8re (piloselle) d'extrait sec, tige de cerise (Prunus avium) extrait sec, cellulose, st\u00e9arate de magn\u00e9sium, anti-agglom\u00e9rant: dioxyde de silicium.<\/div>\n<\/div>\n<\/div>\n<div class=\"prodsch_avvert\">\n<div>Lisez attentivement l\u2019\u00e9tiquette et les informations concernant le produit ainsi que le mode d\u2019emploi.<br \/>Ne pas d\u00e9passer la dose journali\u00e8re indiqu\u00e9e.<br \/>Tenir hors de port\u00e9e des jeunes enfants.<br \/>Les compl\u00e9ments alimentaires ne soient utilis\u00e9s comme substituts d'un r\u00e9gime alimentaire vari\u00e9.<\/div>\n<div>IAF network vous rappelled l\u2019importance d\u2019une alimentation vari\u00e9e et \u00e9quilibr\u00e9e et \u00e0 un mode de vie sain.<\/div>\n<\/div>","protected":false},"excerpt":{"rendered":"<p>Pharmalife Research Diuretil Forte 45 comprim\u00e9s. Compl\u00e9ment alimentaire \u00e0 base d&rsquo;extraits de plantes utile en cas de gonflement, de r\u00e9tention d&rsquo;eau, de gain de poids li\u00e9 \u00e0 l&rsquo;accumulation de liquides, d&rsquo;hypertension.<\/p>","protected":false},"featured_media":25270,"template":"","meta":{"arc_restricted_post":false},"product_cat":[49,347],"product_tag":[],"_links":{"self":[{"href":"https:\/\/www.sopha-sahara.com\/en\/wp-json\/wp\/v2\/product\/25096"}],"collection":[{"href":"https:\/\/www.sopha-sahara.com\/en\/wp-json\/wp\/v2\/product"}],"about":[{"href":"https:\/\/www.sopha-sahara.com\/en\/wp-json\/wp\/v2\/types\/product"}],"wp:featuredmedia":[{"embeddable":true,"href":"https:\/\/www.sopha-sahara.com\/en\/wp-json\/wp\/v2\/media\/25270"}],"wp:attachment":[{"href":"https:\/\/www.sopha-sahara.com\/en\/wp-json\/wp\/v2\/media?parent=25096"}],"wp:term":[{"taxonomy":"product_cat","embeddable":true,"href":"https:\/\/www.sopha-sahara.com\/en\/wp-json\/wp\/v2\/product_cat?post=25096"},{"taxonomy":"product_tag","embeddable":true,"href":"https:\/\/www.sopha-sahara.com\/en\/wp-json\/wp\/v2\/product_tag?post=25096"}],"curies":[{"name":"wp","href":"https:\/\/api.w.org\/{rel}","templated":true}]}}