{"id":25095,"date":"2020-12-24T10:19:10","date_gmt":"2020-12-24T09:19:10","guid":{"rendered":"https:\/\/www.interbusinesschamber.com\/produit\/biostatine-forte-60-comprimes\/"},"modified":"2020-12-25T12:32:08","modified_gmt":"2020-12-25T11:32:08","slug":"biostatine-forte-60-comprimes","status":"publish","type":"product","link":"https:\/\/www.sopha-sahara.com\/en\/product\/biostatine-forte-60-comprimes\/","title":{"rendered":"Biostatine Forte 60 comprim\u00e9s"},"content":{"rendered":"<div class=\"prodsch_txt\">\n<div>\n<div>\n<div>\n<div>\n<div>\n<div>\n<div>\n<div>\n<div>\n<div>\n<div>\n<div>\n<div><strong>PHARMALIFE RESEARCH BIOSTATINE FORTE<\/strong><\/div>\n<\/div>\n<\/div>\n<\/div>\n<\/div>\n<\/div>\n<\/div>\n<\/div>\n<\/div>\n<\/div>\n<\/div>\n<p>Compl\u00e9ment alimentaire<\/p>\n<p>Complement nutritionnel \u00e0 base de Riz rouge ferment\u00e9, Artichaut et Citroflavono\u00efdes.<\/p>\n<p>Les ingr\u00e9dients v\u00e9g\u00e9taux contenus dans Biostatin montrent une activit\u00e9 synergique capable de r\u00e9duire en peu de temps (6-8 semaines) et sans effets ind\u00e9sirables, le niveau de cholest\u00e9rol plasmatique! Seulement 2 comprim\u00e9s par jour! Il est bien tol\u00e9r\u00e9 de tous et est un alli\u00e9 pour le bien \u00eatre du coeur et des art\u00e8res. Produit notifi\u00e9 aupr\u00e8s du Minist\u00e8re de la Sant\u00e9.<\/p>\n<p>CONTENU NET 48 grammes<\/p>\n<p>STOCKAGE: Garder dans un endroit frais et sec.<\/p><\/div>\n<div>\u00a0<\/p>\n<div>\n<h4 class=\"tabnut_tit\">INFORMATION NUTRITIONNELLE<\/h4>\n<div class=\"tabnut_table\">\n<table class=\"iaftable iaftable_temp\" cellspacing=\"0\" align=\"center\">\n<tbody>\n<tr>\n<td class=\"tabnut_medsep-top\">\n<div>\n<div>\n<div>\n<p><strong>Analyse moyenne<\/strong><\/p>\n<\/div>\n<\/div>\n<\/div>\n<\/td>\n<td class=\"tabnut_medsep-top\"><strong>Par 100g<\/strong><\/td>\n<td class=\"tabnut_medsep-top\"><strong>Par dose quotidienne (2 comprim\u00e9s)<\/strong><\/td>\n<\/tr>\n<tr>\n<td class=\"tabnut_medsep-btm\">Levure de riz rouge<\/td>\n<td class=\"tabnut_medsep-btm\">41,87g<\/td>\n<td class=\"tabnut_medsep-btm\">0,67g<\/td>\n<\/tr>\n<tr>\n<td>Monacolin K<\/td>\n<td>625mg<\/td>\n<td>10,0mg<\/td>\n<\/tr>\n<tr>\n<td>Artichaut e.s.<\/td>\n<td>6,25g<\/td>\n<td>0,1g<\/td>\n<\/tr>\n<tr>\n<td>Cynarine<\/td>\n<td>156,25mg<\/td>\n<td>2,5mg<\/td>\n<\/tr>\n<tr>\n<td class=\"tabnut_medsep-top\">Citroflavono\u00efdes<\/td>\n<td class=\"tabnut_medsep-top\">3,75g<\/td>\n<td class=\"tabnut_medsep-top\">0,06g<\/td>\n<\/tr>\n<tr>\n<td class=\"tabnut_medsep-btm\" colspan=\"3\"><strong>Ingr\u00e9dients:\u00a0<\/strong>Extrait d\u2019artichaut, Riz ferment\u00e9, Monascus purpureus (levure de riz rouge), Citroflavono\u00efdes extraits d\u2019agrumes, Artichaut (Cynara scolymus), Le riz rouge ferment\u00e9 (Monascus purpureus), Les Citroflavono\u00efdes.<\/td>\n<\/tr>\n<\/tbody>\n<\/table>\n<\/div>\n<\/div>\n<p>\u00a0<\/p><\/div>\n<div>\n<div>\u00a0<\/div>\n<\/div>\n<\/div>\n<\/div>\n<div class=\"prodsch_avvert\">Ne pas utiliser pendant la grossesse.<br \/>Demander conseil \u00e0 votre m\u00e9decin avant l'emploi.<br \/>D\u00e9conseill\u00e9 aux femmes enceintes, allaitantes, et en cas de traitement hypolip\u00e9miant.<\/p>\n<div>Lisez attentivement l\u2019\u00e9tiquette et les informations concernant le produit ainsi que le mode d\u2019emploi.<br \/>Ne pas d\u00e9passer la dose journali\u00e8re indiqu\u00e9e.<br \/>Tenir hors de port\u00e9e des jeunes enfants.<br \/>Les compl\u00e9ments alimentaires ne soient utilis\u00e9s comme substituts d'un r\u00e9gime alimentaire vari\u00e9.<\/div>\n<div>IAF network vous rappelled l\u2019importance d\u2019une alimentation vari\u00e9e et \u00e9quilibr\u00e9e et \u00e0 un mode de vie sain.<\/div>\n<\/div>","protected":false},"excerpt":{"rendered":"<p>Pharmalife Research Biostatine Forte 60 comprim\u00e9s. Les ingr\u00e9dients v\u00e9g\u00e9taux contenus dans BIOSTATINE exercent une activit\u00e9 synergique capable de r\u00e9duire en peu de temps (6-8 semaines) et sans effets ind\u00e9sirables les niveaux de cholest\u00e9rol plasmatique.<\/p>","protected":false},"featured_media":25237,"template":"","meta":{"arc_restricted_post":false},"product_cat":[49,347],"product_tag":[],"_links":{"self":[{"href":"https:\/\/www.sopha-sahara.com\/en\/wp-json\/wp\/v2\/product\/25095"}],"collection":[{"href":"https:\/\/www.sopha-sahara.com\/en\/wp-json\/wp\/v2\/product"}],"about":[{"href":"https:\/\/www.sopha-sahara.com\/en\/wp-json\/wp\/v2\/types\/product"}],"wp:featuredmedia":[{"embeddable":true,"href":"https:\/\/www.sopha-sahara.com\/en\/wp-json\/wp\/v2\/media\/25237"}],"wp:attachment":[{"href":"https:\/\/www.sopha-sahara.com\/en\/wp-json\/wp\/v2\/media?parent=25095"}],"wp:term":[{"taxonomy":"product_cat","embeddable":true,"href":"https:\/\/www.sopha-sahara.com\/en\/wp-json\/wp\/v2\/product_cat?post=25095"},{"taxonomy":"product_tag","embeddable":true,"href":"https:\/\/www.sopha-sahara.com\/en\/wp-json\/wp\/v2\/product_tag?post=25095"}],"curies":[{"name":"wp","href":"https:\/\/api.w.org\/{rel}","templated":true}]}}