{"id":25094,"date":"2020-12-24T10:19:08","date_gmt":"2020-12-24T09:19:08","guid":{"rendered":"https:\/\/www.interbusinesschamber.com\/produit\/apis-forte-30ml\/"},"modified":"2020-12-25T11:29:23","modified_gmt":"2020-12-25T10:29:23","slug":"apis-forte-30ml","status":"publish","type":"product","link":"https:\/\/www.sopha-sahara.com\/en\/product\/apis-forte-30ml\/","title":{"rendered":"Apis Forte 30ml"},"content":{"rendered":"<div class=\"prodsch_txt\">\n<div>\n<div>\n<div>\n<div>\n<div>\n<div>\n<div>\n<div>\n<div>\n<div>\n<div>\n<div>\n<div>\n<div>\n<div><strong>PHARMALIFE RESEARCH APIS FORTE<\/strong><\/div>\n<\/div>\n<\/div>\n<\/div>\n<\/div>\n<\/div>\n<\/div>\n<\/div>\n<\/div>\n<\/div>\n<\/div>\n<\/div>\n<\/div>\n<p>Compl\u00e9ment alimentaire<\/p>\n<p>Lenitif pour la gorge et la cavite laryngienne.<\/p>\n<p>Apis forte spray est efficace dans les cas d'inflammation de la gorge et des muqueuses, comme par exemple la pharyngite et la tonsillite. Ses ingr\u00e9dients actifs assurent des effets rapides.<\/p>\n<p>RECOMMENDATION: \u00a0Usage quotidien. 3 \u00e0 4 vaporisations, 3 fois par jour.<\/p>\n<p>CONTENU NET: 30ml<\/p>\n<p>STOCKAGE: Garder dans un endroit frais et sec.<\/p><\/div>\n<div>\u00a0<\/p>\n<div>\n<h4 class=\"tabnut_tit\">INFORMATION NUTRITIONNELLE<\/h4>\n<div class=\"tabnut_table\">\n<table class=\"iaftable iaftable_temp\" cellspacing=\"0\" align=\"center\">\n<tbody>\n<tr>\n<td class=\"tabnut_medsep-top\">\n<div>\n<div>\n<div>\n<p><strong>Analyse moyenne<\/strong><\/p>\n<\/div>\n<\/div>\n<\/div>\n<\/td>\n<td class=\"tabnut_medsep-top\"><strong>Par dose quotidienne (12 paiements)<\/strong><\/td>\n<\/tr>\n<tr>\n<td class=\"tabnut_medsep-btm\">Propolis e.i.<br \/>dont galangine<\/td>\n<td class=\"tabnut_medsep-btm\">\n<div>600mg<\/div>\n<div>72mg<\/div>\n<\/td>\n<\/tr>\n<tr>\n<td>Huile essentielle de menthe poivr\u00e9e<\/td>\n<td>18mg<\/td>\n<\/tr>\n<tr>\n<td>Huile essentielle de thym<\/td>\n<td>18mg<\/td>\n<\/tr>\n<tr>\n<td class=\"tabnut_medsep-top\">Huile essentielle de sauge<\/td>\n<td class=\"tabnut_medsep-top\">12mg<\/td>\n<\/tr>\n<tr>\n<td class=\"tabnut_medsep-btm\" colspan=\"2\"><strong>Ingr\u00e9dients:\u00a0<\/strong>jus de pomme concentr\u00e9, extrait sec de Propolis, alcool \u00e9thylique, huile essentielle de Menthe poivr\u00e9e (Mentha piperita), huile essentielle de Thym (Thymus vulgaris), huile essentielle de Sauge sclar\u00e9e (Salvia sclarea).<\/td>\n<\/tr>\n<\/tbody>\n<\/table>\n<\/div>\n<\/div>\n<p>\u00a0<\/p><\/div>\n<div>\n<div>\u00a0<\/div>\n<\/div>\n<\/div>\n<\/div>\n<div class=\"prodsch_avvert\">\n<div>Lisez attentivement l\u2019\u00e9tiquette et les informations concernant le produit ainsi que le mode d\u2019emploi.<br \/>Ne pas d\u00e9passer la dose journali\u00e8re indiqu\u00e9e.<br \/>Tenir hors de port\u00e9e des jeunes enfants.<br \/>Les compl\u00e9ments alimentaires ne soient utilis\u00e9s comme substituts d'un r\u00e9gime alimentaire vari\u00e9.<\/div>\n<div>IAF network vous rappelled l\u2019importance d\u2019une alimentation vari\u00e9e et \u00e9quilibr\u00e9e et \u00e0 un mode de vie sain.<\/div>\n<\/div>","protected":false},"excerpt":{"rendered":"<p>Pharmalife Research Apis Forte 30ml. Le spray oral puissant d&rsquo;Apis peut \u00eatre utile dans l&rsquo;inflammation de la gorge et des muqueuses de la cavit\u00e9 buccale.<\/p>","protected":false},"featured_media":25182,"template":"","meta":{"arc_restricted_post":false},"product_cat":[49,347],"product_tag":[],"_links":{"self":[{"href":"https:\/\/www.sopha-sahara.com\/en\/wp-json\/wp\/v2\/product\/25094"}],"collection":[{"href":"https:\/\/www.sopha-sahara.com\/en\/wp-json\/wp\/v2\/product"}],"about":[{"href":"https:\/\/www.sopha-sahara.com\/en\/wp-json\/wp\/v2\/types\/product"}],"wp:featuredmedia":[{"embeddable":true,"href":"https:\/\/www.sopha-sahara.com\/en\/wp-json\/wp\/v2\/media\/25182"}],"wp:attachment":[{"href":"https:\/\/www.sopha-sahara.com\/en\/wp-json\/wp\/v2\/media?parent=25094"}],"wp:term":[{"taxonomy":"product_cat","embeddable":true,"href":"https:\/\/www.sopha-sahara.com\/en\/wp-json\/wp\/v2\/product_cat?post=25094"},{"taxonomy":"product_tag","embeddable":true,"href":"https:\/\/www.sopha-sahara.com\/en\/wp-json\/wp\/v2\/product_tag?post=25094"}],"curies":[{"name":"wp","href":"https:\/\/api.w.org\/{rel}","templated":true}]}}