{"id":25093,"date":"2020-12-24T10:19:04","date_gmt":"2020-12-24T09:19:04","guid":{"rendered":"https:\/\/www.interbusinesschamber.com\/produit\/drenlife-detox-500ml\/"},"modified":"2020-12-25T14:11:42","modified_gmt":"2020-12-25T13:11:42","slug":"drenlife-detox-500ml","status":"publish","type":"product","link":"https:\/\/www.sopha-sahara.com\/en\/product\/drenlife-detox-500ml\/","title":{"rendered":"Drenlife Detox 500ml"},"content":{"rendered":"<div class=\"prodsch_txt\">\n<div>\n<div>\n<div>\n<div>\n<div>\n<div>\n<div>\n<div>\n<div>\n<div>\n<div>\n<div>\n<div>\n<div>\n<div>\n<div>\n<div><strong>PHARMALIFE RESEARCH DRENLIFE DETOX<\/strong><\/div>\n<\/div>\n<\/div>\n<\/div>\n<\/div>\n<\/div>\n<\/div>\n<\/div>\n<\/div>\n<\/div>\n<\/div>\n<\/div>\n<\/div>\n<\/div>\n<\/div>\n<p>Compl\u00e9ment alimentaire<\/p>\n<p>DRENLIFE DETOX est un compl\u00e9ment alimentaire \u00e0 base de p\u00e9doncules Cerise, Pilosella et Pissenlit favorisant le drainage des fluides corporels.<\/p>\n<p>CONTENU NET: 500ml<\/p>\n<p>STOCKAGE: Garder dans un endroit frais et sec.<\/p><\/div>\n<div>\u00a0<\/p>\n<div>\n<h4 class=\"tabnut_tit\">INFORMATION NUTRITIONNELLE<\/h4>\n<div class=\"tabnut_table\">\n<table class=\"iaftable iaftable_temp\" cellspacing=\"0\" align=\"center\">\n<tbody>\n<tr>\n<td class=\"tabnut_medsep-top\">\n<div>\n<div>\n<div>\n<p><strong>Analyse moyenne<\/strong><\/p>\n<\/div>\n<\/div>\n<\/div>\n<\/td>\n<td class=\"tabnut_medsep-top\"><strong>Par 100ml<br \/><\/strong><\/td>\n<td class=\"tabnut_medsep-top\"><strong>Par dose quotidienne (30ml)<\/strong><\/td>\n<td class=\"tabnut_medsep-top\"><strong>*% AJR<\/strong><\/td>\n<\/tr>\n<tr>\n<td class=\"tabnut_medsep-btm\">Jet de jus de cerise s\u00e9ch\u00e9e<\/td>\n<td class=\"tabnut_medsep-btm\">4,0g<\/td>\n<td class=\"tabnut_medsep-btm\">1,2g<\/td>\n<td class=\"tabnut_medsep-btm\">\u00a0<\/td>\n<\/tr>\n<tr>\n<td>Queue de cerise e.s.<\/td>\n<td>0,80g<\/td>\n<td>0,240g<\/td>\n<td>\u00a0<\/td>\n<\/tr>\n<tr>\n<td>Pilosella racine e.s.<\/td>\n<td>0,80g<\/td>\n<td>0,240g<\/td>\n<td>\u00a0<\/td>\n<\/tr>\n<tr>\n<td>Artichaut laisse e.s.<\/td>\n<td>0,60g<\/td>\n<td>0,180g<\/td>\n<td>\u00a0<\/td>\n<\/tr>\n<tr>\n<td>Racine de pissenlit e.s.<\/td>\n<td>0,60g<\/td>\n<td>0,180g<\/td>\n<td>\u00a0<\/td>\n<\/tr>\n<tr>\n<td>Fruits Rose Musqu\u00e9e e.s.<br \/>dont la vitamine C<\/td>\n<td>\n<div>0,32g<\/div>\n<div>160mg<\/div>\n<\/td>\n<td>\n<div>0,096g<\/div>\n<div>48mg<\/div>\n<\/td>\n<td>\n<div>\u00a0<\/div>\n<div>60%<\/div>\n<\/td>\n<\/tr>\n<tr>\n<td>Graines de chardon-Marie e.s.<\/td>\n<td>0,10g<\/td>\n<td>0,030g<\/td>\n<td>\u00a0<\/td>\n<\/tr>\n<tr>\n<td class=\"tabnut_medsep-top\">Vitamine B6<\/td>\n<td class=\"tabnut_medsep-top\">2,0mg<\/td>\n<td class=\"tabnut_medsep-top\">0,7mg<\/td>\n<td class=\"tabnut_medsep-top\">50%<\/td>\n<\/tr>\n<tr>\n<td class=\"tabnut_medsep-btm\" colspan=\"4\">\n<div>\n<div>\n<div>\n<div>\n<div>\n<div>\n<div>* Pourcentage des valeurs journali\u00e8res bas\u00e9 sur un r\u00e9gime de 2000 calories<\/div>\n<\/div>\n<\/div>\n<\/div>\n<\/div>\n<\/div>\n<\/div>\n<\/td>\n<\/tr>\n<tr>\n<td colspan=\"4\">\n<div>\n<div>\n<div>\n<div>\n<div>\n<div>\n<div>\n<div>\u2020 Valeurs journali\u00e8res non \u00e9tablies<\/div>\n<\/div>\n<\/div>\n<\/div>\n<\/div>\n<\/div>\n<\/div>\n<\/div>\n<\/td>\n<\/tr>\n<\/tbody>\n<\/table>\n<\/div>\n<\/div>\n<p>\u00a0<\/p><\/div>\n<div>\n<div>\u00a0<\/div>\n<\/div>\n<div class=\"iaf_ingred tabnut_table\"><strong>Ingr\u00e9dients:<\/strong>\u00a0Eau d\u00e9min\u00e9ralis\u00e9e, s\u00e9ch\u00e9 par pulv\u00e9risation de jus de fruits cerise (Prunus Cerasus, maltodextrine), extrait sec queue de cerise (Prunus Cerasus, maltodextrine), extrait sec Pilosella racine (piloselle, maltodextrine), extrait sec de feuilles d'artichaut (Cynara scolymus, maltodextrine), le pissenlit sec racine (Taraxacum officinale extrait de, maltodextrine), fruits secs extrait de rose musqu\u00e9e (\u00e9glantier, maltodextrine) titr\u00e9 \u00e0 50% en vitamine C, couleur: rouge de betterave; ar\u00f4me; sorbate de potassium, graines s\u00e8ches extrait de chardon-Marie (Milk Thistle, de maltodextrine); : conservateur \u00e9dulcorant: sucralose, vitamine B6 (chlorhydrate de pyridoxine).<\/div>\n<\/div>\n<\/div>\n<div class=\"prodsch_avvert\">\n<div>Lisez attentivement l\u2019\u00e9tiquette et les informations concernant le produit ainsi que le mode d\u2019emploi.<br \/>Ne pas d\u00e9passer la dose journali\u00e8re indiqu\u00e9e.<br \/>Tenir hors de port\u00e9e des jeunes enfants.<br \/>Les compl\u00e9ments alimentaires ne soient utilis\u00e9s comme substituts d'un r\u00e9gime alimentaire vari\u00e9.<\/div>\n<div>IAF network vous rappelled l\u2019importance d\u2019une alimentation vari\u00e9e et \u00e9quilibr\u00e9e et \u00e0 un mode de vie sain.<\/div>\n<\/div>","protected":false},"excerpt":{"rendered":"<p>Pharmalife Research Drenlife Detox 500ml. DRENLIFE DETOX est un compl\u00e9ment alimentaire \u00e0 base de p\u00e9doncules Cerise, Pilosella et Pissenlit favorisant le drainage des fluides corporels.<\/p>","protected":false},"featured_media":25271,"template":"","meta":{"arc_restricted_post":false},"product_cat":[49,347],"product_tag":[],"_links":{"self":[{"href":"https:\/\/www.sopha-sahara.com\/en\/wp-json\/wp\/v2\/product\/25093"}],"collection":[{"href":"https:\/\/www.sopha-sahara.com\/en\/wp-json\/wp\/v2\/product"}],"about":[{"href":"https:\/\/www.sopha-sahara.com\/en\/wp-json\/wp\/v2\/types\/product"}],"wp:featuredmedia":[{"embeddable":true,"href":"https:\/\/www.sopha-sahara.com\/en\/wp-json\/wp\/v2\/media\/25271"}],"wp:attachment":[{"href":"https:\/\/www.sopha-sahara.com\/en\/wp-json\/wp\/v2\/media?parent=25093"}],"wp:term":[{"taxonomy":"product_cat","embeddable":true,"href":"https:\/\/www.sopha-sahara.com\/en\/wp-json\/wp\/v2\/product_cat?post=25093"},{"taxonomy":"product_tag","embeddable":true,"href":"https:\/\/www.sopha-sahara.com\/en\/wp-json\/wp\/v2\/product_tag?post=25093"}],"curies":[{"name":"wp","href":"https:\/\/api.w.org\/{rel}","templated":true}]}}