{"id":25092,"date":"2020-12-24T10:19:01","date_gmt":"2020-12-24T09:19:01","guid":{"rendered":"https:\/\/www.interbusinesschamber.com\/produit\/drenlife-diur-500ml\/"},"modified":"2020-12-25T14:13:20","modified_gmt":"2020-12-25T13:13:20","slug":"drenlife-diur-500ml","status":"publish","type":"product","link":"https:\/\/www.sopha-sahara.com\/en\/product\/drenlife-diur-500ml\/","title":{"rendered":"Drenlife Diur 500ml"},"content":{"rendered":"<div class=\"prodsch_txt\">\n<div>\n<div>\n<div>\n<div>\n<div>\n<div>\n<div>\n<div>\n<div>\n<div>\n<div>\n<div>\n<div>\n<div>\n<div>\n<div>\n<div><strong>PHARMALIFE RESEARCH DRENLIFE DIUR<\/strong><\/div>\n<\/div>\n<\/div>\n<\/div>\n<\/div>\n<\/div>\n<\/div>\n<\/div>\n<\/div>\n<\/div>\n<\/div>\n<\/div>\n<\/div>\n<\/div>\n<\/div>\n<p>Compl\u00e9ment alimentaire<\/p>\n<p>DRENLIFE DIUR est un compl\u00e9ment alimentaire \u00e0 base de cerise p\u00e9doncule, piloselle, \u00e9quis\u00e9tum, sureau et th\u00e9 vert qui favorise le drainage des fluides corporels.<\/p>\n<p>CONTENU NET: 500ml<\/p>\n<p>STOCKAGE: Garder dans un endroit frais et sec.<\/p><\/div>\n<div>\u00a0<\/p>\n<div>\n<h4 class=\"tabnut_tit\">INFORMATION NUTRITIONNELLE<\/h4>\n<div class=\"tabnut_table\">\n<table class=\"iaftable iaftable_temp\" cellspacing=\"0\" align=\"center\">\n<tbody>\n<tr>\n<td class=\"tabnut_medsep-top\">\n<div>\n<div>\n<div>\n<p><strong>Analyse moyenne<\/strong><\/p>\n<\/div>\n<\/div>\n<\/div>\n<\/td>\n<td class=\"tabnut_medsep-top\"><strong>Par 100ml<br \/><\/strong><\/td>\n<td class=\"tabnut_medsep-top\"><strong>Par dose quotidienne (40ml)<\/strong><\/td>\n<\/tr>\n<tr>\n<td class=\"tabnut_medsep-btm\">Jet de jus de cerise s\u00e9ch\u00e9e<\/td>\n<td class=\"tabnut_medsep-btm\">4,0g<\/td>\n<td class=\"tabnut_medsep-btm\">1,6g<\/td>\n<\/tr>\n<tr>\n<td><span id=\"result_box\" class=\"short_text\" lang=\"fr\">Jus de sureau\u00a0<span class=\"hps alt-edited\">s\u00e9ch\u00e9 par pulv\u00e9risation<\/span><\/span><\/td>\n<td>1,2g<\/td>\n<td>0,48g<\/td>\n<\/tr>\n<tr>\n<td><span id=\"result_box\" class=\"short_text\" lang=\"fr\">Queue de cerise e.s.<\/span><\/td>\n<td>1,2g<\/td>\n<td>0,48g<\/td>\n<\/tr>\n<tr>\n<td><span id=\"result_box\" class=\"short_text\" lang=\"fr\">Pilosella racine e.s.<\/span><\/td>\n<td>1,2g<\/td>\n<td>0,48g<\/td>\n<\/tr>\n<tr>\n<td><span id=\"result_box\" class=\"short_text\" lang=\"fr\">Pr\u00eale herbe e.s.<\/span><\/td>\n<td>1,2g<\/td>\n<td>0,48g<\/td>\n<\/tr>\n<tr>\n<td><span id=\"result_box\" class=\"short_text\" lang=\"fr\">Feuilles de th\u00e9 vert e.s.<\/span><\/td>\n<td>0,4g<\/td>\n<td>0,16g<\/td>\n<\/tr>\n<\/tbody>\n<\/table>\n<\/div>\n<\/div>\n<p>\u00a0<\/p><\/div>\n<div>\n<div>\u00a0<\/div>\n<\/div>\n<div class=\"iaf_ingred tabnut_table\"><strong>Ingr\u00e9dients:<\/strong>\u00a0Eau d\u00e9min\u00e9ralis\u00e9e, s\u00e9ch\u00e9 par pulv\u00e9risation de jus de fruit de cerise (Prunus Cerasus, maltodextrine), s\u00e9ch\u00e9 par pulv\u00e9risation de jus de fruits de sureau (Sambucus nigra, maltodextrine), extrait sec queue de cerise (Prunus Cerasus, maltodextrine), Pilosella sec extrait de racine (Hieracium \u00e9pervi\u00e8re, maltodextrine), extrait sec de pr\u00eale (Equisetum arvense, maltodextrine), extrait sec verte de feuilles de th\u00e9 (Camellia sinensis, maltodextrine); ar\u00f4me; \u00e9dulcorant: sucralose; conservateur: sorbate de potassium.<\/div>\n<\/div>\n<\/div>\n<div class=\"prodsch_avvert\">D\u00e9conseill\u00e9 en dehors des repas, ainsi que aux enfants, adolescents, femmes enceintes ou allaitantes.<\/p>\n<div>Lisez attentivement l\u2019\u00e9tiquette et les informations concernant le produit ainsi que le mode d\u2019emploi.<br \/>Ne pas d\u00e9passer la dose journali\u00e8re indiqu\u00e9e.<br \/>Tenir hors de port\u00e9e des jeunes enfants.<br \/>Les compl\u00e9ments alimentaires ne soient utilis\u00e9s comme substituts d'un r\u00e9gime alimentaire vari\u00e9.<\/div>\n<div>IAF network vous rappelled l\u2019importance d\u2019une alimentation vari\u00e9e et \u00e9quilibr\u00e9e et \u00e0 un mode de vie sain.<\/div>\n<\/div>","protected":false},"excerpt":{"rendered":"<p>Pharmalife Research Drenlife Diur 500ml. DRENLIFE DIUR est un compl\u00e9ment alimentaire \u00e0 base de cerise p\u00e9doncule, piloselle, \u00e9quis\u00e9tum, sureau et th\u00e9 vert qui favorise le drainage des fluides corporels.<\/p>","protected":false},"featured_media":25272,"template":"","meta":{"arc_restricted_post":false},"product_cat":[49,347],"product_tag":[],"_links":{"self":[{"href":"https:\/\/www.sopha-sahara.com\/en\/wp-json\/wp\/v2\/product\/25092"}],"collection":[{"href":"https:\/\/www.sopha-sahara.com\/en\/wp-json\/wp\/v2\/product"}],"about":[{"href":"https:\/\/www.sopha-sahara.com\/en\/wp-json\/wp\/v2\/types\/product"}],"wp:featuredmedia":[{"embeddable":true,"href":"https:\/\/www.sopha-sahara.com\/en\/wp-json\/wp\/v2\/media\/25272"}],"wp:attachment":[{"href":"https:\/\/www.sopha-sahara.com\/en\/wp-json\/wp\/v2\/media?parent=25092"}],"wp:term":[{"taxonomy":"product_cat","embeddable":true,"href":"https:\/\/www.sopha-sahara.com\/en\/wp-json\/wp\/v2\/product_cat?post=25092"},{"taxonomy":"product_tag","embeddable":true,"href":"https:\/\/www.sopha-sahara.com\/en\/wp-json\/wp\/v2\/product_tag?post=25092"}],"curies":[{"name":"wp","href":"https:\/\/api.w.org\/{rel}","templated":true}]}}