{"id":25091,"date":"2020-12-24T10:18:58","date_gmt":"2020-12-24T09:18:58","guid":{"rendered":"https:\/\/www.interbusinesschamber.com\/produit\/drenlife-linfodren-500ml\/"},"modified":"2020-12-25T14:14:43","modified_gmt":"2020-12-25T13:14:43","slug":"drenlife-linfodren-500ml","status":"publish","type":"product","link":"https:\/\/www.sopha-sahara.com\/en\/product\/drenlife-linfodren-500ml\/","title":{"rendered":"Drenlife Linfodren 500ml"},"content":{"rendered":"<div class=\"prodsch_txt\">\n<div>\n<div>\n<div>\n<div>\n<div>\n<div>\n<div>\n<div>\n<div>\n<div>\n<div>\n<div>\n<div>\n<div>\n<div>\n<div>\n<div><strong>PHARMALIFE RESEARCH DRENLIFE LINFODREN<\/strong><\/div>\n<\/div>\n<\/div>\n<\/div>\n<\/div>\n<\/div>\n<\/div>\n<\/div>\n<\/div>\n<\/div>\n<\/div>\n<\/div>\n<\/div>\n<\/div>\n<\/div>\n<p>Compl\u00e9ment alimentaire<\/p>\n<p>DRENLIFE LINFODREN est un compl\u00e9ment alimentaire \u00e0 base de p\u00e9doncule de Cerisier, d'A\u00een\u00e9 et de Pilosella qui favorise le drainage des fluides corporels.<\/p>\n<p>CONTENU NET: 500ml<\/p>\n<p>STOCKAGE: Garder dans un endroit frais et sec.<\/p><\/div>\n<div>\u00a0<\/p>\n<div>\n<h4 class=\"tabnut_tit\">INFORMATION NUTRITIONNELLE<\/h4>\n<div class=\"tabnut_table\">\n<table class=\"iaftable iaftable_temp\" cellspacing=\"0\" align=\"center\">\n<tbody>\n<tr>\n<td class=\"tabnut_medsep-top\">\n<div>\n<div>\n<div>\n<p><strong>Analyse moyenne<\/strong><\/p>\n<\/div>\n<\/div>\n<\/div>\n<\/td>\n<td class=\"tabnut_medsep-top\"><strong>Par 100ml<br \/><\/strong><\/td>\n<td class=\"tabnut_medsep-top\"><strong>Par dose quotidienne (40ml)<\/strong><\/td>\n<td class=\"tabnut_medsep-top\"><strong>*% AJR<\/strong><\/td>\n<\/tr>\n<tr>\n<td class=\"tabnut_medsep-btm\">Jet de jus de cerise s\u00e9ch\u00e9e<\/td>\n<td class=\"tabnut_medsep-btm\">4,0g<\/td>\n<td class=\"tabnut_medsep-btm\">1,60g<\/td>\n<td class=\"tabnut_medsep-btm\">\u00a0<\/td>\n<\/tr>\n<tr>\n<td><span id=\"result_box\" class=\"short_text\" lang=\"fr\">Sureau pulv\u00e9risation fruits secs<\/span><\/td>\n<td>1,2g<\/td>\n<td>0,48g<\/td>\n<td>\u00a0<\/td>\n<\/tr>\n<tr>\n<td><span id=\"result_box\" class=\"short_text\" lang=\"fr\">La vigne rouge laisse e.s.<\/span><\/td>\n<td>0,1g<\/td>\n<td>0,04g<\/td>\n<td>\u00a0<\/td>\n<\/tr>\n<tr>\n<td>B<span id=\"result_box\" class=\"short_text\" lang=\"fr\">ioflavono\u00efdes<\/span><\/td>\n<td>0,48g<\/td>\n<td>0,19g<\/td>\n<td>\u00a0<\/td>\n<\/tr>\n<tr>\n<td><span id=\"result_box\" class=\"short_text\" lang=\"fr\">Queue de cerise e.s.<\/span><\/td>\n<td>0,8g<\/td>\n<td>0,32g<\/td>\n<td>\u00a0<\/td>\n<\/tr>\n<tr>\n<td><span id=\"result_box\" class=\"short_text\" lang=\"en\"><span id=\"result_box\" class=\"short_text\" lang=\"fr\"><span class=\"hps\">Fruits Rose Musqu\u00e9e e.s.<br \/>dont la vitamine C<\/span><\/span><\/span><\/td>\n<td>\n<div>0,6g<\/div>\n<div>300mg<\/div>\n<\/td>\n<td>\n<div>0,24g<\/div>\n<div>120mg<\/div>\n<\/td>\n<td>\n<div>\u00a0<\/div>\n<div>120%<\/div>\n<\/td>\n<\/tr>\n<tr>\n<td class=\"tabnut_medsep-top\"><span id=\"result_box\" class=\"short_text\" lang=\"fr\">Pilosella racine e.s.<\/span><\/td>\n<td class=\"tabnut_medsep-top\">0,6g<\/td>\n<td class=\"tabnut_medsep-top\">0,24g<\/td>\n<td class=\"tabnut_medsep-top\">\u00a0<\/td>\n<\/tr>\n<tr>\n<td class=\"tabnut_medsep-btm\" colspan=\"4\">\n<div>\n<div>\n<div>\n<div>\n<div>* Pourcentage des valeurs journali\u00e8res bas\u00e9 sur un r\u00e9gime de 2000 calories<\/div>\n<\/div>\n<\/div>\n<\/div>\n<\/div>\n<\/td>\n<\/tr>\n<tr>\n<td colspan=\"4\">\n<div>\u2020 Valeurs journali\u00e8res non \u00e9tablies<\/div>\n<\/td>\n<\/tr>\n<\/tbody>\n<\/table>\n<\/div>\n<\/div>\n<p>\u00a0<\/p><\/div>\n<div>\n<div>\u00a0<\/div>\n<\/div>\n<div class=\"iaf_ingred tabnut_table\"><strong>Ingr\u00e9dients:<\/strong>\u00a0Eau d\u00e9min\u00e9ralis\u00e9e, s\u00e9ch\u00e9 par pulv\u00e9risation de jus de fruit de cerise (Prunus Cerasus, maltodextrine), s\u00e9ch\u00e9 par pulv\u00e9risation de jus de fruits de sureau (Sambucus nigra, maltodextrine), extrait sec de feuilles de vigne rouge (Vitis vinifera, maltodextrine), bioflavono\u00efdes de fruits d'agrumes, extrait sec tiges de cerise (Prunus cerasus, maltodextrine), fruits secs extrait de rose musqu\u00e9e (\u00e9glantier, maltodextrine) titr\u00e9 \u00e0 50% de vitamine C, extrait sec de pilosella racine (piloselle, maltodextrine), l'ar\u00f4me; \u00e9dulcorant: sucralose; conservateur: sorbate de potassium.<\/div>\n<\/div>\n<\/div>\n<div class=\"prodsch_avvert\">Ne pas utiliser pendant la grossesse.<\/p>\n<div>Lisez attentivement l\u2019\u00e9tiquette et les informations concernant le produit ainsi que le mode d\u2019emploi.<br \/>Ne pas d\u00e9passer la dose journali\u00e8re indiqu\u00e9e.<br \/>Tenir hors de port\u00e9e des jeunes enfants.<br \/>Les compl\u00e9ments alimentaires ne soient utilis\u00e9s comme substituts d'un r\u00e9gime alimentaire vari\u00e9.<\/div>\n<div>IAF network vous rappelled l\u2019importance d\u2019une alimentation vari\u00e9e et \u00e9quilibr\u00e9e et \u00e0 un mode de vie sain.<\/div>\n<\/div>","protected":false},"excerpt":{"rendered":"<p>Pharmalife Research Drenlife Linfodren 500ml. DRENLIFE LINFODREN est un compl\u00e9ment alimentaire \u00e0 base de p\u00e9doncule de Cerisier, d&rsquo;A\u00een\u00e9 et de Pilosella qui favorise le drainage des fluides corporels.<\/p>","protected":false},"featured_media":25273,"template":"","meta":{"arc_restricted_post":false},"product_cat":[49,347],"product_tag":[],"_links":{"self":[{"href":"https:\/\/www.sopha-sahara.com\/en\/wp-json\/wp\/v2\/product\/25091"}],"collection":[{"href":"https:\/\/www.sopha-sahara.com\/en\/wp-json\/wp\/v2\/product"}],"about":[{"href":"https:\/\/www.sopha-sahara.com\/en\/wp-json\/wp\/v2\/types\/product"}],"wp:featuredmedia":[{"embeddable":true,"href":"https:\/\/www.sopha-sahara.com\/en\/wp-json\/wp\/v2\/media\/25273"}],"wp:attachment":[{"href":"https:\/\/www.sopha-sahara.com\/en\/wp-json\/wp\/v2\/media?parent=25091"}],"wp:term":[{"taxonomy":"product_cat","embeddable":true,"href":"https:\/\/www.sopha-sahara.com\/en\/wp-json\/wp\/v2\/product_cat?post=25091"},{"taxonomy":"product_tag","embeddable":true,"href":"https:\/\/www.sopha-sahara.com\/en\/wp-json\/wp\/v2\/product_tag?post=25091"}],"curies":[{"name":"wp","href":"https:\/\/api.w.org\/{rel}","templated":true}]}}