{"id":25090,"date":"2020-12-24T10:18:54","date_gmt":"2020-12-24T09:18:54","guid":{"rendered":"https:\/\/www.interbusinesschamber.com\/produit\/epattiva-concentrato-fluido-500ml\/"},"modified":"2020-12-25T14:16:12","modified_gmt":"2020-12-25T13:16:12","slug":"epattiva-concentrato-fluido-500ml","status":"publish","type":"product","link":"https:\/\/www.sopha-sahara.com\/en\/product\/epattiva-concentrato-fluido-500ml\/","title":{"rendered":"Epattiva Concentrato Fluido 500ml"},"content":{"rendered":"<div class=\"prodsch_txt\">\n<div>\n<div>\n<div>\n<div>\n<div>\n<div>\n<div>\n<div>\n<div>\n<div>\n<div>\n<div>\n<div>\n<div>\n<div>\n<div>\n<div>\n<div><strong>PHARMALIFE RESEARCH EPATTIVA CONCENTRATO FLUIDO<\/strong><\/div>\n<\/div>\n<\/div>\n<\/div>\n<\/div>\n<\/div>\n<\/div>\n<\/div>\n<\/div>\n<\/div>\n<\/div>\n<\/div>\n<\/div>\n<\/div>\n<\/div>\n<\/div>\n<p>Compl\u00e9ment alimentaire<\/p>\n<p>Le concentr\u00e9 de fluide \u00e9pactif s'active naturellement, facilite la digestion, soulage la sensation de gonflement post-prandial, r\u00e9duit le m\u00e9t\u00e9orisme et les flatulences.<\/p>\n<p>CONTENU NET: 500ml<\/p>\n<p>STOCKAGE: Garder dans un endroit frais et sec.<\/p><\/div>\n<div>\u00a0<\/p>\n<div>\n<h4 class=\"tabnut_tit\">INFORMATION NUTRITIONNELLE<\/h4>\n<div class=\"tabnut_table\">\n<table class=\"iaftable iaftable_temp\" cellspacing=\"0\" align=\"center\">\n<tbody>\n<tr>\n<td class=\"tabnut_medsep-top\">\n<div>\n<div>\n<div>\n<p><strong>Analyse moyenne<\/strong><\/p>\n<\/div>\n<\/div>\n<\/div>\n<\/td>\n<td class=\"tabnut_medsep-top\"><strong>Par 100ml<br \/><\/strong><\/td>\n<td class=\"tabnut_medsep-top\"><strong>Par 2 cuill\u00e8res \u00e0 soupe (30 ml)<\/strong><\/td>\n<\/tr>\n<tr>\n<td class=\"tabnut_medsep-btm\">Artichaut laisse e.s.<\/td>\n<td class=\"tabnut_medsep-btm\">1,67g<\/td>\n<td class=\"tabnut_medsep-btm\">0,5g<\/td>\n<\/tr>\n<tr>\n<td>Conduit de fum\u00e9e sommit\u00e9s fleuries e.s.<\/td>\n<td>0,67g<\/td>\n<td>0,2g<\/td>\n<\/tr>\n<tr>\n<td>Thistle fruits e.s.<\/td>\n<td>0,33g<\/td>\n<td>0,1g<\/td>\n<\/tr>\n<\/tbody>\n<\/table>\n<\/div>\n<\/div>\n<p>\u00a0<\/p><\/div>\n<div>\n<div>\u00a0<\/div>\n<\/div>\n<div class=\"iaf_ingred tabnut_table\"><strong>Ingr\u00e9dients:<\/strong>\u00a0Eau d\u00e9min\u00e9ralis\u00e9e, fructose, jus de citron, extrait sec de feuilles d'artichaut (Cynara de scolymus), extrait sec de la floraison tops Fumaria (Fumaria officinalis), extrait sec de fruits m\u00fbrs Marian Thistle (Milk Thistle), conservateur: sorbate de potassium; Fenouil fruit (Foeniculum vulgare) d'huile essentielle, sommit\u00e9s fleuries (Mentha piperita) huile essentielle.<\/div>\n<\/div>\n<\/div>\n<div class=\"prodsch_avvert\">La portion journali\u00e8re recommand\u00e9e ne doit pas conduire \u00e0 une ingestion d'estragole sup\u00e9rieure \u00e0 0.05 mg\/kg de poids corporel pour les enfants de moins de 12 ans.<\/p>\n<div>Lisez attentivement l\u2019\u00e9tiquette et les informations concernant le produit ainsi que le mode d\u2019emploi.<br \/>Ne pas d\u00e9passer la dose journali\u00e8re indiqu\u00e9e.<br \/>Tenir hors de port\u00e9e des jeunes enfants.<br \/>Les compl\u00e9ments alimentaires ne soient utilis\u00e9s comme substituts d'un r\u00e9gime alimentaire vari\u00e9.<\/div>\n<div>IAF network vous rappelled l\u2019importance d\u2019une alimentation vari\u00e9e et \u00e9quilibr\u00e9e et \u00e0 un mode de vie sain.<\/div>\n<\/div>","protected":false},"excerpt":{"rendered":"<p>Pharmalife Research Epattiva Concentrato Fluido 500ml. Le concentr\u00e9 de fluide \u00e9pactif s&rsquo;active naturellement, facilite la digestion, soulage la sensation de gonflement post-prandial, r\u00e9duit le m\u00e9t\u00e9orisme et les flatulences.<\/p>","protected":false},"featured_media":25274,"template":"","meta":{"arc_restricted_post":false},"product_cat":[49,347],"product_tag":[],"_links":{"self":[{"href":"https:\/\/www.sopha-sahara.com\/en\/wp-json\/wp\/v2\/product\/25090"}],"collection":[{"href":"https:\/\/www.sopha-sahara.com\/en\/wp-json\/wp\/v2\/product"}],"about":[{"href":"https:\/\/www.sopha-sahara.com\/en\/wp-json\/wp\/v2\/types\/product"}],"wp:featuredmedia":[{"embeddable":true,"href":"https:\/\/www.sopha-sahara.com\/en\/wp-json\/wp\/v2\/media\/25274"}],"wp:attachment":[{"href":"https:\/\/www.sopha-sahara.com\/en\/wp-json\/wp\/v2\/media?parent=25090"}],"wp:term":[{"taxonomy":"product_cat","embeddable":true,"href":"https:\/\/www.sopha-sahara.com\/en\/wp-json\/wp\/v2\/product_cat?post=25090"},{"taxonomy":"product_tag","embeddable":true,"href":"https:\/\/www.sopha-sahara.com\/en\/wp-json\/wp\/v2\/product_tag?post=25090"}],"curies":[{"name":"wp","href":"https:\/\/api.w.org\/{rel}","templated":true}]}}