{"id":25089,"date":"2020-12-24T10:18:46","date_gmt":"2020-12-24T09:18:46","guid":{"rendered":"https:\/\/www.interbusinesschamber.com\/produit\/olio-di-mandorle-dolci-200ml\/"},"modified":"2020-12-25T15:17:53","modified_gmt":"2020-12-25T14:17:53","slug":"olio-di-mandorle-dolci-200ml","status":"publish","type":"product","link":"https:\/\/www.sopha-sahara.com\/en\/product\/olio-di-mandorle-dolci-200ml\/","title":{"rendered":"Olio di Mandorle dolci 200ml"},"content":{"rendered":"<div><strong>PHARMALIFE RESEARCH OLIO DI MANDORLE DOLCI<\/strong><\/div>\n<div>Huile d'amande douce<\/p>\n<p>L\u2019huile d\u2019amande douce est obtenue par pression \u00e0 froid d\u2019amandes douces. Elle est la plus traditionnellement connue et utilis\u00e9e en cosm\u00e9tique pour ses propri\u00e9t\u00e9s \u00e9mollientes, apaisantes et nourrissantes pour l\u2019\u00e9piderme.<\/p>\n<p>CONTENU NET: 200ml<\/p>\n<p>INGR\u00c9DIENTS: Prunus Amygdalus Dulcis Oil.<\/p>\n<p>STOCKAGE: Garder dans un endroit frais et sec.<\/p><\/div>","protected":false},"excerpt":{"rendered":"<p class=\"productabstract\">Pharmalife Research Olio di Mandorle dolci 200ml. L\u2019huile d\u2019amande douce est obtenue par pression \u00e0 froid d\u2019amandes douces. Elle est la plus traditionnellement connue et utilis\u00e9e en cosm\u00e9tique pour ses propri\u00e9t\u00e9s \u00e9mollientes, apaisantes et nourrissantes pour l\u2019\u00e9piderme.<\/p>","protected":false},"featured_media":25331,"template":"","meta":{"arc_restricted_post":false},"product_cat":[49,347],"product_tag":[],"_links":{"self":[{"href":"https:\/\/www.sopha-sahara.com\/en\/wp-json\/wp\/v2\/product\/25089"}],"collection":[{"href":"https:\/\/www.sopha-sahara.com\/en\/wp-json\/wp\/v2\/product"}],"about":[{"href":"https:\/\/www.sopha-sahara.com\/en\/wp-json\/wp\/v2\/types\/product"}],"wp:featuredmedia":[{"embeddable":true,"href":"https:\/\/www.sopha-sahara.com\/en\/wp-json\/wp\/v2\/media\/25331"}],"wp:attachment":[{"href":"https:\/\/www.sopha-sahara.com\/en\/wp-json\/wp\/v2\/media?parent=25089"}],"wp:term":[{"taxonomy":"product_cat","embeddable":true,"href":"https:\/\/www.sopha-sahara.com\/en\/wp-json\/wp\/v2\/product_cat?post=25089"},{"taxonomy":"product_tag","embeddable":true,"href":"https:\/\/www.sopha-sahara.com\/en\/wp-json\/wp\/v2\/product_tag?post=25089"}],"curies":[{"name":"wp","href":"https:\/\/api.w.org\/{rel}","templated":true}]}}