{"id":25088,"date":"2020-12-24T10:18:41","date_gmt":"2020-12-24T09:18:41","guid":{"rendered":"https:\/\/www.interbusinesschamber.com\/produit\/immuno-plus-60-comprimes\/"},"modified":"2020-12-25T14:37:59","modified_gmt":"2020-12-25T13:37:59","slug":"immuno-plus-60-comprimes","status":"publish","type":"product","link":"https:\/\/www.sopha-sahara.com\/en\/product\/immuno-plus-60-comprimes\/","title":{"rendered":"Immuno Plus 60 comprim\u00e9s"},"content":{"rendered":"<div class=\"prodsch_txt\">\n<div>\n<div>\n<div><strong>PHARMALIFE RESEARCH IMMUNO PLUS<\/strong><\/div>\n<p>Compl\u00e9ment alimentaire<\/p>\n<p>Compl\u00e9ment nutritionnel enrichi en vitamines, sels min\u00e9raux et antioxydants avec des extraits naturels de: Uncaria tomentosa, Curcuma longa, Astragalus membranaceus, Eleuterococcus senticosus et Algue spiruline.<\/p>\n<p>NATURAL IMMUNO PLUS est un compl\u00e9ment nutritionnel dont l\u2019importante action modulatrice des d\u00e9fenses immunitaires a \u00e9t\u00e9 confirm\u00e9e par de nombreuses \u00e9tudes. La base naturelle du produit contenant des extraits titr\u00e9s et standardis\u00e9s d\u2019Uncaria Tomentosa (griffe de chat), Astragalus Membranaceus (Astragale), Curcuma Longa (safran des Indes), Eleuterococcus senticosus (ginseng sib\u00e9rien) et Algue Spiruline est reconnue pour renforcer la fonction immunitaire. NATURAL IMMUNO PLUS est indiqu\u00e9 pour pr\u00e9venir les effets nocifs des radicaux libres, pour combler d\u2019\u00e9ventuelles carences nutritionnelles et pour satisfaire, au besoin, un apport suppl\u00e9mentaire de substances nour r issantes afin de faciliter le fonctionnement physiologique du syst\u00e8me immunitaire, notamment au cours de maladies chroniques d\u00e9g\u00e9n\u00e9ratives, de maladies inflammatoires et infectieuses chroniques ou r\u00e9cidivantes. NATURAL IMMUNO PLUS permet d\u2019augmenter les d\u00e9fenses de l\u2019organisme, de combattre les effets nocifs caus\u00e9s par les radicaux libres, de satisfaire le besoin quotidien en ingr\u00e9dients qui renforcent et prot\u00e8gent notre organisme. NATURAL IMMUNO UT PLUS, gr\u00e2ce notamment \u00e0 l\u2019extrait titr\u00e9 et standardis\u00e9 d\u2019Uncaria Tomentosa (griffe de chat) active nos d\u00e9fenses, nous prot\u00e8ge contre les effets nocifs des radicaux libres et nous aide pendant les p\u00e9riodes ou notre organisme. Produit notifi\u00e9 aupr\u00e8s du Minist\u00e8re de la Sant\u00e9.<\/p>\n<p>RECOMMENDATION: 2 comprim\u00e9s par jour avec de l\u2019eau.<\/p>\n<p>CONTENU NET 51 grammes<\/p>\n<p>STOCKAGE: Garder dans un endroit frais et sec.<\/p><\/div>\n<div>\u00a0<\/p>\n<div>\n<h4 class=\"tabnut_tit\">INFORMATION NUTRITIONNELLE<\/h4>\n<div class=\"tabnut_table\">\n<table class=\"iaftable iaftable_temp\" cellspacing=\"0\">\n<tbody>\n<tr>\n<td class=\"tabnut_medsep-top\">\n<div>\n<p><strong>Analyse moyenne<\/strong><\/p>\n<\/div>\n<\/td>\n<td class=\"tabnut_medsep-top\"><strong>Par dose quotidienne (2 comprim\u00e9s)<\/strong><\/td>\n<td class=\"tabnut_medsep-top\"><strong>*% AJR<\/strong><\/td>\n<\/tr>\n<tr>\n<td class=\"tabnut_medsep-btm\">Astragale e.s.<\/td>\n<td class=\"tabnut_medsep-btm\">0,52g<\/td>\n<td class=\"tabnut_medsep-btm\">\u00a0<\/td>\n<\/tr>\n<tr>\n<td>\n<div>Eleutherococcus e.s.<\/div>\n<\/td>\n<td>\n<div>0,23g<\/div>\n<\/td>\n<td>\u00a0<\/td>\n<\/tr>\n<tr>\n<td>\n<div>Rose Musqu\u00e9e e.s.<\/div>\n<\/td>\n<td>\n<div>0,21g<\/div>\n<\/td>\n<td>\u00a0<\/td>\n<\/tr>\n<tr>\n<td>\n<div>Uncaria e.s.<\/div>\n<\/td>\n<td>\n<div>0,13g<\/div>\n<\/td>\n<td>\u00a0<\/td>\n<\/tr>\n<tr>\n<td>\n<div>Curcuma e.s.<\/div>\n<\/td>\n<td>\n<div>0,0026g<\/div>\n<\/td>\n<td>\u00a0<\/td>\n<\/tr>\n<tr>\n<td>Spiruline en poudre<\/td>\n<td>\n<div>0,08g<\/div>\n<\/td>\n<td>\u00a0<\/td>\n<\/tr>\n<tr>\n<td>\n<div>Vitamine C<\/div>\n<\/td>\n<td>\n<div>105mg<\/div>\n<\/td>\n<td>131%<\/td>\n<\/tr>\n<tr>\n<td>\n<div>Vitamine E<\/div>\n<\/td>\n<td>\n<div>7,8mg<\/div>\n<\/td>\n<td>65%<\/td>\n<\/tr>\n<tr>\n<td>\n<div>B\u00eata carot\u00e8ne<\/div>\n<\/td>\n<td>\n<div>3,66mg<\/div>\n<\/td>\n<td>\u00a0<\/td>\n<\/tr>\n<tr>\n<td>\n<div>Zinc<\/div>\n<\/td>\n<td>\n<div>10mg<\/div>\n<\/td>\n<td>100%<\/td>\n<\/tr>\n<tr>\n<td>\n<div>Cuivre<\/div>\n<\/td>\n<td>\n<div>1mg<\/div>\n<\/td>\n<td>100<\/td>\n<\/tr>\n<tr>\n<td class=\"tabnut_medsep-top\">\n<div>S\u00e9l\u00e9nium<\/div>\n<\/td>\n<td class=\"tabnut_medsep-top\">55mcg<\/td>\n<td class=\"tabnut_medsep-top\">100<\/td>\n<\/tr>\n<tr>\n<td class=\"tabnut_medsep-btm\" colspan=\"3\">\n<div>* Pourcentage des valeurs journali\u00e8res bas\u00e9 sur un r\u00e9gime de 2000 calories<\/div>\n<\/td>\n<\/tr>\n<tr>\n<td colspan=\"3\">\n<div><strong>Ingr\u00e9dients:\u00a0<\/strong>Vitamine E, B\u00e9tacarot\u00e8ne, Cynorrhodon, S\u00e9l\u00e9nium, Zinc, Bioflavono\u00efdes, Cuivre, Curcuma longa (safran des Indes), Uncaria tomentosa (griffe de chat) e.s, Astragalus membranaceus (Astragale), Eleuterococcus senticosus (ginseng sib\u00e9rien)<\/div>\n<\/td>\n<\/tr>\n<\/tbody>\n<\/table>\n<\/div>\n<\/div>\n<p>\u00a0<\/p><\/div>\n<\/div>\n<\/div>\n<div class=\"prodsch_avvert\">Ne pas utiliser pendant la grossesse.<\/p>\n<div>Lisez attentivement l\u2019\u00e9tiquette et les informations concernant le produit ainsi que le mode d\u2019emploi.<br \/>Ne pas d\u00e9passer la dose journali\u00e8re indiqu\u00e9e.<br \/>Tenir hors de port\u00e9e des jeunes enfants.<br \/>Les compl\u00e9ments alimentaires ne soient utilis\u00e9s comme substituts d'un r\u00e9gime alimentaire vari\u00e9.<\/div>\n<div>IAF network vous rappelled l\u2019importance d\u2019une alimentation vari\u00e9e et \u00e9quilibr\u00e9e et \u00e0 un mode de vie sain.<\/div>\n<\/div>","protected":false},"excerpt":{"rendered":"<p>Pharmalife Research Immuno Plus 60 comprim\u00e9s. Compl\u00e9ment nutritionnel enrichi en vitamines, sels min\u00e9raux et antioxydants avec des extraits naturels de: Uncaria tomentosa, Curcuma longa, Astragalus membranaceus, Eleuterococcus senticosus et Algue spiruline.<\/p>","protected":false},"featured_media":25302,"template":"","meta":{"arc_restricted_post":false},"product_cat":[49,347],"product_tag":[],"_links":{"self":[{"href":"https:\/\/www.sopha-sahara.com\/en\/wp-json\/wp\/v2\/product\/25088"}],"collection":[{"href":"https:\/\/www.sopha-sahara.com\/en\/wp-json\/wp\/v2\/product"}],"about":[{"href":"https:\/\/www.sopha-sahara.com\/en\/wp-json\/wp\/v2\/types\/product"}],"wp:featuredmedia":[{"embeddable":true,"href":"https:\/\/www.sopha-sahara.com\/en\/wp-json\/wp\/v2\/media\/25302"}],"wp:attachment":[{"href":"https:\/\/www.sopha-sahara.com\/en\/wp-json\/wp\/v2\/media?parent=25088"}],"wp:term":[{"taxonomy":"product_cat","embeddable":true,"href":"https:\/\/www.sopha-sahara.com\/en\/wp-json\/wp\/v2\/product_cat?post=25088"},{"taxonomy":"product_tag","embeddable":true,"href":"https:\/\/www.sopha-sahara.com\/en\/wp-json\/wp\/v2\/product_tag?post=25088"}],"curies":[{"name":"wp","href":"https:\/\/api.w.org\/{rel}","templated":true}]}}