{"id":25087,"date":"2020-12-24T10:18:37","date_gmt":"2020-12-24T09:18:37","guid":{"rendered":"https:\/\/www.interbusinesschamber.com\/produit\/artiglio-del-diavolo-100-60-comprimes\/"},"modified":"2020-12-25T11:47:12","modified_gmt":"2020-12-25T10:47:12","slug":"artiglio-del-diavolo-100-60-comprimes","status":"publish","type":"product","link":"https:\/\/www.sopha-sahara.com\/en\/product\/artiglio-del-diavolo-100-60-comprimes\/","title":{"rendered":"Artiglio del Diavolo 100% _ 60 comprim\u00e9s"},"content":{"rendered":"<div class=\"prodsch_txt\">\n<div>\n<div>\n<div><strong>PHARMALIFE RESEARCH ARTIGLIO DEL DIAVOLO 100%<\/strong><\/div>\n<p>Compl\u00e9ment alimentaire<\/p>\n<p>Compl\u00e9ment alimentaire \u00e0 base d\u2019extrait d\u2019herbes de la griffe du diable.<\/p>\n<p>CONTENU NET 30 grammes<\/p>\n<p>STOCKAGE: Garder dans un endroit frais et sec.<\/p><\/div>\n<div>\u00a0<\/p>\n<div>\n<h4 class=\"tabnut_tit\">INFORMATION NUTRITIONNELLE<\/h4>\n<div class=\"tabnut_table\">\n<table class=\"iaftable iaftable_temp\" cellspacing=\"0\">\n<tbody>\n<tr>\n<td class=\"tabnut_medsep-top\">\n<div>\n<p><strong>Analyse moyenne<\/strong><\/p>\n<\/div>\n<\/td>\n<td class=\"tabnut_medsep-top\"><strong>Par 100g<\/strong><\/td>\n<td class=\"tabnut_medsep-top\"><strong>Par dose (4 comprim\u00e9s)<\/strong><\/td>\n<\/tr>\n<tr>\n<td class=\"tabnut_medsep-btm\">Racine de griffe du diable e.s.<br \/>dont harpagosides<\/td>\n<td class=\"tabnut_medsep-btm\">\n<div>60g<\/div>\n<div>6g<\/div>\n<\/td>\n<td class=\"tabnut_medsep-btm\">\n<div>1,2g<\/div>\n<p>0,12g<\/td>\n<\/tr>\n<\/tbody>\n<\/table>\n<\/div>\n<\/div>\n<p>\u00a0<\/p><\/div>\n<div>\u00a0<\/div>\n<div class=\"iaf_ingred tabnut_table\"><strong>Ingr\u00e9dients:<\/strong>\u00a0extrait sec de la griffe du diable (Harpagophytum procumbens) titr\u00e9 \u00e0 10% en harpagosides, agents gonflants: cellulose microcristalline, phosphate de calcium; agents anti-agglom\u00e9rant: st\u00e9arate de magn\u00e9sium, dioxyde de silicium.<\/div>\n<\/div>\n<\/div>\n<div class=\"prodsch_avvert\">\n<div>Lisez attentivement l\u2019\u00e9tiquette et les informations concernant le produit ainsi que le mode d\u2019emploi.<br \/>Ne pas d\u00e9passer la dose journali\u00e8re indiqu\u00e9e.<br \/>Tenir hors de port\u00e9e des jeunes enfants.<br \/>Les compl\u00e9ments alimentaires ne soient utilis\u00e9s comme substituts d'un r\u00e9gime alimentaire vari\u00e9.<\/div>\n<div>IAF network vous rappelled l\u2019importance d\u2019une alimentation vari\u00e9e et \u00e9quilibr\u00e9e et \u00e0 un mode de vie sain.<\/div>\n<\/div>","protected":false},"excerpt":{"rendered":"<p>Pharmalife Research Artiglio del Diavolo 100% 60 comprim\u00e9s. Compl\u00e9ment alimentaire \u00e0 base d\u2019extrait d\u2019herbes de la griffe du diable.<\/p>","protected":false},"featured_media":25195,"template":"","meta":{"arc_restricted_post":false},"product_cat":[49,347],"product_tag":[],"_links":{"self":[{"href":"https:\/\/www.sopha-sahara.com\/en\/wp-json\/wp\/v2\/product\/25087"}],"collection":[{"href":"https:\/\/www.sopha-sahara.com\/en\/wp-json\/wp\/v2\/product"}],"about":[{"href":"https:\/\/www.sopha-sahara.com\/en\/wp-json\/wp\/v2\/types\/product"}],"wp:featuredmedia":[{"embeddable":true,"href":"https:\/\/www.sopha-sahara.com\/en\/wp-json\/wp\/v2\/media\/25195"}],"wp:attachment":[{"href":"https:\/\/www.sopha-sahara.com\/en\/wp-json\/wp\/v2\/media?parent=25087"}],"wp:term":[{"taxonomy":"product_cat","embeddable":true,"href":"https:\/\/www.sopha-sahara.com\/en\/wp-json\/wp\/v2\/product_cat?post=25087"},{"taxonomy":"product_tag","embeddable":true,"href":"https:\/\/www.sopha-sahara.com\/en\/wp-json\/wp\/v2\/product_tag?post=25087"}],"curies":[{"name":"wp","href":"https:\/\/api.w.org\/{rel}","templated":true}]}}