{"id":25086,"date":"2020-12-24T10:18:33","date_gmt":"2020-12-24T09:18:33","guid":{"rendered":"https:\/\/www.interbusinesschamber.com\/produit\/flebostax-30-comprimes\/"},"modified":"2020-12-25T14:20:54","modified_gmt":"2020-12-25T13:20:54","slug":"flebostax-30-comprimes","status":"publish","type":"product","link":"https:\/\/www.sopha-sahara.com\/en\/product\/flebostax-30-comprimes\/","title":{"rendered":"Flebostax 30 comprim\u00e9s"},"content":{"rendered":"<div class=\"prodsch_txt\">\n<div>\n<div><strong>PHARMALIFE RESEARCH FLEBOSTAX<br \/><\/strong>Compl\u00e9ment alimentaire<\/p>\n<p>FIebostax est un compl\u00e9ment alimentaire \u00e0 base d'extraits de plantes tels que le marronnier, les graines de vigne, les feuilles de vigne rouge, utile pour favoriser le trophisme physiologique de la microcirculation. \u00e0 la fonctionnalit\u00e9 de la circulation veineuse et en cas de jambes lourdes.<\/p>\n<p>CONTENU NET 25,5 grammes<\/p>\n<p>STOCKAGE: Garder dans un endroit frais et sec.<\/p><\/div>\n<div>\u00a0<\/div>\n<div>\n<div>\n<h4 class=\"tabnut_tit\">INFORMATION NUTRITIONNELLE<\/h4>\n<div class=\"tabnut_table\">\n<table class=\"iaftable\" cellspacing=\"0\">\n<tbody>\n<tr>\n<td class=\"tabnut_medsep-top\">\n<div>\n<p><strong>Analyse moyenne<\/strong><\/p>\n<\/div>\n<\/td>\n<td class=\"tabnut_medsep-top\"><strong>Par 100g<\/strong><\/td>\n<td class=\"tabnut_medsep-top\"><strong>Par dose quotidienne (2 capsules)<\/strong><\/td>\n<\/tr>\n<tr>\n<td class=\"tabnut_medsep-btm\">Feuilles de vigne rouge e.s.<\/td>\n<td class=\"tabnut_medsep-btm\">\n<div>23,53g<\/div>\n<\/td>\n<td class=\"tabnut_medsep-btm\">\n<div>0,40g<\/div>\n<\/td>\n<\/tr>\n<tr>\n<td>Marronnier\u00a0e.s.<\/td>\n<td>\n<div>11,76g<\/div>\n<\/td>\n<td>\n<div>0,20g<\/div>\n<\/td>\n<\/tr>\n<tr>\n<td>Bioflavono\u00efdes<\/td>\n<td>\n<div>7,06g<\/div>\n<\/td>\n<td>\n<div>0,12g<\/div>\n<\/td>\n<\/tr>\n<tr>\n<td>Rose Musqu\u00e9e e.s.<\/td>\n<td>\n<div>9,41g<\/div>\n<\/td>\n<td>\n<div>0,16g<\/div>\n<\/td>\n<\/tr>\n<tr>\n<td>Vis graines e.s.<\/td>\n<td>\n<div>7,06g<\/div>\n<\/td>\n<td>\n<div>0,12g<\/div>\n<\/td>\n<\/tr>\n<\/tbody>\n<\/table>\n<\/div>\n<\/div>\n<p>\u00a0<\/p><\/div>\n<div>\u00a0<\/div>\n<div class=\"iaf_ingred tabnut_table\"><strong>Ingr\u00e9dients:\u00a0<\/strong>Cheval \u00e9corce de ch\u00e2taigne (Aesculus hippocastanum) d'extrait sec, feuilles de vigne rouge (Vitis vinifera) extrait sec, bioflavono\u00efdes, graines de vigne (Vitis vinifera) extrait sec, sauvage de fruits rose (Rosa canina) extrait, la cellulose, le phosphate de calcium, le st\u00e9arate de magn\u00e9sium sec, du dioxyde de silicium<\/div>\n<\/div>\n<\/div>\n<div class=\"prodsch_avvert\">Ne pas utiliser pendant la grossesse.<\/p>\n<div>Lisez attentivement l\u2019\u00e9tiquette et les informations concernant le produit ainsi que le mode d\u2019emploi.<br \/>Ne pas d\u00e9passer la dose journali\u00e8re indiqu\u00e9e.<br \/>Tenir hors de port\u00e9e des jeunes enfants.<br \/>Les compl\u00e9ments alimentaires ne soient utilis\u00e9s comme substituts d'un r\u00e9gime alimentaire vari\u00e9.<\/div>\n<div>IAF network vous rappelled l\u2019importance d\u2019une alimentation vari\u00e9e et \u00e9quilibr\u00e9e et \u00e0 un mode de vie sain.<\/div>\n<\/div>","protected":false},"excerpt":{"rendered":"<p>Pharmalife Research Flebostax 30 comprim\u00e9s. FIebostax est un compl\u00e9ment alimentaire \u00e0 base d&rsquo;extraits de plantes tels que le marronnier, les graines de vigne, les feuilles de vigne rouge, utile pour favoriser le trophisme physiologique de la microcirculation. \u00e0 la fonctionnalit\u00e9 de la circulation veineuse et en cas de jambes lourdes.<\/p>","protected":false},"featured_media":25279,"template":"","meta":{"arc_restricted_post":false},"product_cat":[49,347],"product_tag":[],"_links":{"self":[{"href":"https:\/\/www.sopha-sahara.com\/en\/wp-json\/wp\/v2\/product\/25086"}],"collection":[{"href":"https:\/\/www.sopha-sahara.com\/en\/wp-json\/wp\/v2\/product"}],"about":[{"href":"https:\/\/www.sopha-sahara.com\/en\/wp-json\/wp\/v2\/types\/product"}],"wp:featuredmedia":[{"embeddable":true,"href":"https:\/\/www.sopha-sahara.com\/en\/wp-json\/wp\/v2\/media\/25279"}],"wp:attachment":[{"href":"https:\/\/www.sopha-sahara.com\/en\/wp-json\/wp\/v2\/media?parent=25086"}],"wp:term":[{"taxonomy":"product_cat","embeddable":true,"href":"https:\/\/www.sopha-sahara.com\/en\/wp-json\/wp\/v2\/product_cat?post=25086"},{"taxonomy":"product_tag","embeddable":true,"href":"https:\/\/www.sopha-sahara.com\/en\/wp-json\/wp\/v2\/product_tag?post=25086"}],"curies":[{"name":"wp","href":"https:\/\/api.w.org\/{rel}","templated":true}]}}