{"id":25085,"date":"2020-12-24T10:18:29","date_gmt":"2020-12-24T09:18:29","guid":{"rendered":"https:\/\/www.interbusinesschamber.com\/produit\/mirtillo-100-frutto-attivo-concentrato-500ml\/"},"modified":"2020-12-25T15:11:08","modified_gmt":"2020-12-25T14:11:08","slug":"mirtillo-100-frutto-attivo-concentrato-500ml","status":"publish","type":"product","link":"https:\/\/www.sopha-sahara.com\/en\/product\/mirtillo-100-frutto-attivo-concentrato-500ml\/","title":{"rendered":"Mirtillo 100% Frutto Attivo Concentrato 500ml"},"content":{"rendered":"<div class=\"prodsch_txt\">\n<div>\n<div>\n<div><strong>PHARMALIFE RESEARCH MIRTILLO 100% FRUTTO ATTIVO CONCENTRATO<\/strong><\/div>\n<p>Compl\u00e9ment alimentaire<\/p>\n<p>Le fruit actif \u00e0 100% de myrtille est un compl\u00e9ment alimentaire \u00e0 base de jus de myrtille pur et concentr\u00e9, ayant des propri\u00e9t\u00e9s antioxydantes, prot\u00e9geant le syst\u00e8me veineux et favorisant le m\u00e9canisme de la vision.<\/p>\n<p>CONTENU NET: 500ml<\/p>\n<p>STOCKAGE: Garder dans un endroit frais et sec.<\/p><\/div>\n<div>\u00a0<\/div>\n<div>\n<div>\n<h4 class=\"tabnut_tit\">INFORMATION NUTRITIONNELLE<\/h4>\n<div class=\"tabnut_table\">\n<table class=\"iaftable\" cellspacing=\"0\">\n<tbody>\n<tr>\n<td class=\"tabnut_medsep-top\">\n<div>\n<p><strong>Analyse moyenne<\/strong><\/p>\n<\/div>\n<\/td>\n<td class=\"tabnut_medsep-top\"><strong>Par 100ml<\/strong><\/td>\n<td class=\"tabnut_medsep-top\"><strong>Par 30ml (*% AJR)<br \/><\/strong><\/td>\n<\/tr>\n<tr>\n<td class=\"tabnut_medsep-btm\">Jus de myrtille s\u00e9ch\u00e9e par pulv\u00e9risation<\/td>\n<td class=\"tabnut_medsep-btm\">\n<div>15,0g<\/div>\n<\/td>\n<td class=\"tabnut_medsep-btm\">\n<div>4,5g<\/div>\n<\/td>\n<\/tr>\n<tr>\n<td class=\"tabnut_medsep-top\">Vitamine B2<\/td>\n<td class=\"tabnut_medsep-top\">\n<div>4,8mg<\/div>\n<\/td>\n<td class=\"tabnut_medsep-top\">\n<div>1,4mg (100%)<\/div>\n<\/td>\n<\/tr>\n<tr>\n<td class=\"tabnut_medsep-btm\" colspan=\"3\">\n<div>* Pourcentage des valeurs journali\u00e8res bas\u00e9 sur un r\u00e9gime de 2000 calories<\/div>\n<\/td>\n<\/tr>\n<\/tbody>\n<\/table>\n<\/div>\n<\/div>\n<p>\u00a0<\/p><\/div>\n<div>\u00a0<\/div>\n<div class=\"iaf_ingred tabnut_table\"><strong>Ingr\u00e9dients:\u00a0<\/strong>Eau d\u00e9min\u00e9ralis\u00e9e, s\u00e9ch\u00e9 par pulv\u00e9risation de jus de fruits de canneberge (Vaccinium myrtillus, maltodextrine), myrtille ar\u00f4me, conservateurs: sorbate de potassium; \u00e9dulcorant: sucralose; Riboflavine (vitamine B2), de l'acide citrique<\/div>\n<\/div>\n<\/div>\n<div class=\"prodsch_avvert\">\n<div>Lisez attentivement l\u2019\u00e9tiquette et les informations concernant le produit ainsi que le mode d\u2019emploi.<br \/>Ne pas d\u00e9passer la dose journali\u00e8re indiqu\u00e9e.<br \/>Tenir hors de port\u00e9e des jeunes enfants.<br \/>Les compl\u00e9ments alimentaires ne soient utilis\u00e9s comme substituts d'un r\u00e9gime alimentaire vari\u00e9.<\/div>\n<div>IAF network vous rappelled l\u2019importance d\u2019une alimentation vari\u00e9e et \u00e9quilibr\u00e9e et \u00e0 un mode de vie sain.<\/div>\n<\/div>","protected":false},"excerpt":{"rendered":"<p>Pharmalife Research Mirtillo 100% Frutto Attivo Concentrato 500ml. Le fruit actif \u00e0 100% de myrtille est un compl\u00e9ment alimentaire \u00e0 base de jus de myrtille pur et concentr\u00e9, ayant des propri\u00e9t\u00e9s antioxydantes, prot\u00e9geant le syst\u00e8me veineux et favorisant le m\u00e9canisme de la vision.<\/p>","protected":false},"featured_media":25322,"template":"","meta":{"arc_restricted_post":false},"product_cat":[49,347],"product_tag":[],"_links":{"self":[{"href":"https:\/\/www.sopha-sahara.com\/en\/wp-json\/wp\/v2\/product\/25085"}],"collection":[{"href":"https:\/\/www.sopha-sahara.com\/en\/wp-json\/wp\/v2\/product"}],"about":[{"href":"https:\/\/www.sopha-sahara.com\/en\/wp-json\/wp\/v2\/types\/product"}],"wp:featuredmedia":[{"embeddable":true,"href":"https:\/\/www.sopha-sahara.com\/en\/wp-json\/wp\/v2\/media\/25322"}],"wp:attachment":[{"href":"https:\/\/www.sopha-sahara.com\/en\/wp-json\/wp\/v2\/media?parent=25085"}],"wp:term":[{"taxonomy":"product_cat","embeddable":true,"href":"https:\/\/www.sopha-sahara.com\/en\/wp-json\/wp\/v2\/product_cat?post=25085"},{"taxonomy":"product_tag","embeddable":true,"href":"https:\/\/www.sopha-sahara.com\/en\/wp-json\/wp\/v2\/product_tag?post=25085"}],"curies":[{"name":"wp","href":"https:\/\/api.w.org\/{rel}","templated":true}]}}