{"id":25084,"date":"2020-12-24T10:18:20","date_gmt":"2020-12-24T09:18:20","guid":{"rendered":"https:\/\/www.interbusinesschamber.com\/produit\/aloe-100-the-vert-1000ml\/"},"modified":"2020-12-25T11:20:24","modified_gmt":"2020-12-25T10:20:24","slug":"aloe-100-the-vert-1000ml","status":"publish","type":"product","link":"https:\/\/www.sopha-sahara.com\/en\/product\/aloe-100-the-vert-1000ml\/","title":{"rendered":"Aloe 100% Th\u00e9 Vert 1000ml"},"content":{"rendered":"<div class=\"prodsch_txt\">\n<div>\n<div><strong>PHARMALIFE RESEARCH ALOE 100% T\u00c8 VERDE<br \/><\/strong>Compl\u00e9ment alimentaire<\/p>\n<p>ALOE 100% &amp; T\u00c8 VERDE est un compl\u00e9ment alimentaire \u00e0 base d'extrait sec concentr\u00e9 \u00e0 200:1 d'Aloe gel, sans alo\u00efne, utile pour promouvoir les fonctions purifiantes du corps.<\/p>\n<p>CONTENU NET: 1000ml<\/p>\n<p>STOCKAGE: Garder dans un endroit frais et sec.<\/p><\/div>\n<div>\u00a0<\/div>\n<div>\n<div>\n<h4 class=\"tabnut_tit\">INFORMATION NUTRITIONNELLE<\/h4>\n<div class=\"tabnut_table\">\n<table class=\"iaftable\" cellspacing=\"0\">\n<tbody>\n<tr>\n<td class=\"tabnut_medsep-top\">\n<div>\n<p><strong>Analyse moyenne<\/strong><\/p>\n<\/div>\n<\/td>\n<td class=\"tabnut_medsep-top\"><strong>Par 100ml<\/strong><\/td>\n<td class=\"tabnut_medsep-top\"><strong>Par 60ml<br \/><\/strong><\/td>\n<\/tr>\n<tr>\n<td class=\"tabnut_medsep-btm\">Valeur \u00e9nerg\u00e9tique<\/td>\n<td class=\"tabnut_medsep-btm\">\n<div>7,5Kcal \/ 31,6KJ<\/div>\n<\/td>\n<td class=\"tabnut_medsep-btm\">\n<div>4,5Kcal \/ 18,9KJ<\/div>\n<\/td>\n<\/tr>\n<tr>\n<td>Prot\u00e9ine<\/td>\n<td>0,03g<\/td>\n<td>\n<div>0,02g<\/div>\n<\/td>\n<\/tr>\n<tr>\n<td>Glucides<\/td>\n<td>\n<div>1,8g<\/div>\n<\/td>\n<td>\n<div>1,08g<\/div>\n<\/td>\n<\/tr>\n<tr>\n<td>Lipides<\/td>\n<td>\n<div>0,01g<\/div>\n<\/td>\n<td>\n<div>&lt;0,01g<\/div>\n<\/td>\n<\/tr>\n<tr>\n<td>Aloe Vera gel e.s. 200: 1<\/td>\n<td>\n<div>1,01g<\/div>\n<\/td>\n<td>\n<div>0,6g<\/div>\n<\/td>\n<\/tr>\n<tr>\n<td>Th\u00e9 vert feuilles e.s.<br \/>dont polyph\u00e9nols<br \/>dont cat\u00e9chines<br \/>dont EGCG<\/td>\n<td>\n<div>400mg<\/div>\n<div>392mg<\/div>\n<div>294mg<\/div>\n<div>157mg<\/div>\n<\/td>\n<td>\n<div>240mg<\/div>\n<div>235mg<\/div>\n<div>176mg<\/div>\n<div>94mg<\/div>\n<\/td>\n<\/tr>\n<tr>\n<td class=\"tabnut_medsep-top\">Vitamine C<\/td>\n<td class=\"tabnut_medsep-top\">\n<div>400mg<\/div>\n<\/td>\n<td class=\"tabnut_medsep-top\">\n<div>240mg (300%*)<\/div>\n<\/td>\n<\/tr>\n<tr>\n<td class=\"tabnut_medsep-btm\" colspan=\"3\">\n<div>* Pourcentage des valeurs journali\u00e8res bas\u00e9 sur un r\u00e9gime de 2000 calories<\/div>\n<\/td>\n<\/tr>\n<\/tbody>\n<\/table>\n<\/div>\n<\/div>\n<p>\u00a0<\/p><\/div>\n<div>\u00a0<\/div>\n<div class=\"iaf_ingred tabnut_table\"><strong>Ingr\u00e9dients:\u00a0<\/strong>Eau d\u00e9min\u00e9ralis\u00e9e, extraits de feuilles d'Aloe vera gel sec (Aloe barbadensis, maltodextrine), la vitamine C, extrait sec verte de feuilles de th\u00e9 (Camellia sinensis, maltodextrine) normalis\u00e9 \u00e0 98% de polyph\u00e9nols, dont 75% de cat\u00e9chines et 40% epigallocatechinegallato, saveur de citron; conservateur: sorbate de potassium; \u00e9dulcorant: sucralose; acide citrique<\/div>\n<\/div>\n<\/div>\n<div class=\"prodsch_avvert\">D\u00e9conseill\u00e9 en dehors des repas, ainsi que aux enfants, adolescents, femmes enceintes ou allaitantes.<br \/>D\u00e9conseill\u00e9 aux enfants de moins de 12 ans, aux femmes enceintes et allaitantes.<br \/>Un usage prolong\u00e9 est d\u00e9conseill\u00e9.<\/p>\n<div>Lisez attentivement l\u2019\u00e9tiquette et les informations concernant le produit ainsi que le mode d\u2019emploi.<br \/>Ne pas d\u00e9passer la dose journali\u00e8re indiqu\u00e9e.<br \/>Tenir hors de port\u00e9e des jeunes enfants.<br \/>Les compl\u00e9ments alimentaires ne soient utilis\u00e9s comme substituts d'un r\u00e9gime alimentaire vari\u00e9.<\/div>\n<div>IAF network vous rappelled l\u2019importance d\u2019une alimentation vari\u00e9e et \u00e9quilibr\u00e9e et \u00e0 un mode de vie sain.<\/div>\n<\/div>","protected":false},"excerpt":{"rendered":"<p>Pharmalife Research Aloe 100% T\u00e8 Verde 1000ml. ALOE 100% &amp; T\u00c8 VERDE est un compl\u00e9ment alimentaire \u00e0 base d&rsquo;extrait sec concentr\u00e9 \u00e0 200% d&rsquo;Aloe gel, sans alo\u00efne, utile pour promouvoir les fonctions purifiantes du corps.<\/p>","protected":false},"featured_media":25172,"template":"","meta":{"arc_restricted_post":false},"product_cat":[49,347],"product_tag":[],"_links":{"self":[{"href":"https:\/\/www.sopha-sahara.com\/en\/wp-json\/wp\/v2\/product\/25084"}],"collection":[{"href":"https:\/\/www.sopha-sahara.com\/en\/wp-json\/wp\/v2\/product"}],"about":[{"href":"https:\/\/www.sopha-sahara.com\/en\/wp-json\/wp\/v2\/types\/product"}],"wp:featuredmedia":[{"embeddable":true,"href":"https:\/\/www.sopha-sahara.com\/en\/wp-json\/wp\/v2\/media\/25172"}],"wp:attachment":[{"href":"https:\/\/www.sopha-sahara.com\/en\/wp-json\/wp\/v2\/media?parent=25084"}],"wp:term":[{"taxonomy":"product_cat","embeddable":true,"href":"https:\/\/www.sopha-sahara.com\/en\/wp-json\/wp\/v2\/product_cat?post=25084"},{"taxonomy":"product_tag","embeddable":true,"href":"https:\/\/www.sopha-sahara.com\/en\/wp-json\/wp\/v2\/product_tag?post=25084"}],"curies":[{"name":"wp","href":"https:\/\/api.w.org\/{rel}","templated":true}]}}