{"id":25083,"date":"2020-12-24T10:18:16","date_gmt":"2020-12-24T09:18:16","guid":{"rendered":"https:\/\/www.interbusinesschamber.com\/produit\/aloe-100-arome-de-mangue-1000ml\/"},"modified":"2020-12-25T11:14:00","modified_gmt":"2020-12-25T10:14:00","slug":"aloe-100-arome-de-mangue-1000ml","status":"publish","type":"product","link":"https:\/\/www.sopha-sahara.com\/en\/product\/aloe-100-arome-de-mangue-1000ml\/","title":{"rendered":"Aloe 100% Ar\u00f4me de Mangue 1000ml"},"content":{"rendered":"<div class=\"prodsch_txt\">\n<div>\n<div>\n<div><strong>PHARMALIFE RESEARCH ALOE 100% AROMA MANGO<\/strong><\/div>\n<p>Compl\u00e9ment alimentaire<\/p>\n<p>ALOE ar\u00f4me \u00e0 100% de mangue est un compl\u00e9ment alimentaire \u00e0 base d'extrait sec de gel d'alo\u00e8s concentr\u00e9 sans alo\u00efne \u00e0 200: 1, utile pour promouvoir les fonctions de purification de l'organisme. Il contient de la vitamine C qui aide au fonctionnement normal du syst\u00e8me immunitaire, prot\u00e8ge le corps contre les dommages oxydatifs et r\u00e9duit la fatigue et la fatigue.<\/p>\n<p>CONTENU NET: 1000ml<\/p>\n<p>STOCKAGE: Garder dans un endroit frais et sec.<\/p><\/div>\n<div>\u00a0<\/p>\n<div>\n<h4 class=\"tabnut_tit\">INFORMATION NUTRITIONNELLE<\/h4>\n<div class=\"tabnut_table\">\n<table class=\"iaftable\" cellspacing=\"0\">\n<tbody>\n<tr>\n<td class=\"tabnut_medsep-top\">\n<div>\n<p><strong>Analyse moyenne<\/strong><\/p>\n<\/div>\n<\/td>\n<td class=\"tabnut_medsep-top\"><strong>Par 100ml<\/strong><\/td>\n<td class=\"tabnut_medsep-top\"><strong>Par 60ml<br \/><\/strong><\/td>\n<\/tr>\n<tr>\n<td class=\"tabnut_medsep-btm\">Valeur \u00e9nerg\u00e9tique<\/td>\n<td class=\"tabnut_medsep-btm\">\n<div>5,26Kcal \/ 22,33KJ<\/div>\n<\/td>\n<td class=\"tabnut_medsep-btm\">\n<div>3,15Kcal \/ 13,4KJ<\/div>\n<\/td>\n<\/tr>\n<tr>\n<td>\n<div>Graisses<\/div>\n<\/td>\n<td>\n<div>0,008g<\/div>\n<\/td>\n<td>\n<div>0,005g<\/div>\n<\/td>\n<\/tr>\n<tr>\n<td>Glucides<\/td>\n<td>\n<div>1,280g<\/div>\n<\/td>\n<td>\n<div>0,768g<\/div>\n<\/td>\n<\/tr>\n<tr>\n<td>Prot\u00e9ine<\/td>\n<td>\n<div>0,016g<\/div>\n<\/td>\n<td>\n<div>0,010g<\/div>\n<\/td>\n<\/tr>\n<tr>\n<td>Jus d'aloe vera e.s.<\/td>\n<td>\n<div>0,8g<\/div>\n<\/td>\n<td>\n<div>0,48g<\/div>\n<\/td>\n<\/tr>\n<tr>\n<td class=\"tabnut_medsep-top\">Vitamine C<\/td>\n<td class=\"tabnut_medsep-top\">\n<div>400mg<\/div>\n<\/td>\n<td class=\"tabnut_medsep-top\">\n<div>240mg (300%*)<\/div>\n<\/td>\n<\/tr>\n<tr>\n<td class=\"tabnut_medsep-btm\" colspan=\"3\">\n<div>* Pourcentage des valeurs journali\u00e8res bas\u00e9 sur un r\u00e9gime de 2000 calories<\/div>\n<\/td>\n<\/tr>\n<\/tbody>\n<\/table>\n<\/div>\n<\/div>\n<\/div>\n<div>\u00a0<\/div>\n<div>\u00a0<\/div>\n<div class=\"iaf_ingred tabnut_table\"><strong>Ingr\u00e9dients:\u00a0<\/strong>Eau d\u00e9min\u00e9ralis\u00e9e, s\u00e9ch\u00e9 Aloe extrait de vera gel (Aloe barbadensis, maltodextrine), la vitamine C, la saveur de mangue, conservateur: sorbate de potassium; \u00e9dulcorant: sucralose; acide citrique<\/div>\n<\/div>\n<\/div>\n<div class=\"prodsch_avvert\">D\u00e9conseill\u00e9 aux enfants de moins de 12 ans, aux femmes enceintes et allaitantes.<br \/>Un usage prolong\u00e9 est d\u00e9conseill\u00e9.<\/p>\n<div>Lisez attentivement l\u2019\u00e9tiquette et les informations concernant le produit ainsi que le mode d\u2019emploi.<br \/>Ne pas d\u00e9passer la dose journali\u00e8re indiqu\u00e9e.<br \/>Tenir hors de port\u00e9e des jeunes enfants.<br \/>Les compl\u00e9ments alimentaires ne soient utilis\u00e9s comme substituts d'un r\u00e9gime alimentaire vari\u00e9.<\/div>\n<div>IAF network vous rappelled l\u2019importance d\u2019une alimentation vari\u00e9e et \u00e9quilibr\u00e9e et \u00e0 un mode de vie sain.<\/div>\n<\/div>","protected":false},"excerpt":{"rendered":"<p>Pharmalife Research Aloe 100% Aroma Mango 1000ml. ALOE ar\u00f4me \u00e0 100% de mangue est un compl\u00e9ment alimentaire \u00e0 base d&rsquo;extrait sec de gel d&rsquo;alo\u00e8s concentr\u00e9 sans alo\u00efne \u00e0 200: 1, utile pour promouvoir les fonctions de purification de l&rsquo;organisme.<\/p>","protected":false},"featured_media":25167,"template":"","meta":{"arc_restricted_post":false},"product_cat":[49,347],"product_tag":[],"_links":{"self":[{"href":"https:\/\/www.sopha-sahara.com\/en\/wp-json\/wp\/v2\/product\/25083"}],"collection":[{"href":"https:\/\/www.sopha-sahara.com\/en\/wp-json\/wp\/v2\/product"}],"about":[{"href":"https:\/\/www.sopha-sahara.com\/en\/wp-json\/wp\/v2\/types\/product"}],"wp:featuredmedia":[{"embeddable":true,"href":"https:\/\/www.sopha-sahara.com\/en\/wp-json\/wp\/v2\/media\/25167"}],"wp:attachment":[{"href":"https:\/\/www.sopha-sahara.com\/en\/wp-json\/wp\/v2\/media?parent=25083"}],"wp:term":[{"taxonomy":"product_cat","embeddable":true,"href":"https:\/\/www.sopha-sahara.com\/en\/wp-json\/wp\/v2\/product_cat?post=25083"},{"taxonomy":"product_tag","embeddable":true,"href":"https:\/\/www.sopha-sahara.com\/en\/wp-json\/wp\/v2\/product_tag?post=25083"}],"curies":[{"name":"wp","href":"https:\/\/api.w.org\/{rel}","templated":true}]}}