{"id":25082,"date":"2020-12-24T10:18:12","date_gmt":"2020-12-24T09:18:12","guid":{"rendered":"https:\/\/www.interbusinesschamber.com\/produit\/allerdin-as-45-comprimes\/"},"modified":"2020-12-25T11:09:05","modified_gmt":"2020-12-25T10:09:05","slug":"allerdin-as-45-comprimes","status":"publish","type":"product","link":"https:\/\/www.sopha-sahara.com\/en\/product\/allerdin-as-45-comprimes\/","title":{"rendered":"Allerdin AS 45 comprim\u00e9s"},"content":{"rendered":"<div class=\"prodsch_txt\">\n<div>\n<div><strong>PHARMALIFE RESEARCH ALLERDIN AS<br \/><\/strong>Compl\u00e9ment alimentaire<\/p>\n<p>Allerdin AS est un compl\u00e9ment alimentaire \u00e0 base d'extraits de plantes, tels que l'extrait de Perilla, utile pour renforcer les d\u00e9fenses naturelles de l'organisme.<\/p>\n<p>CONTENU NET 42,75 grammes<\/p>\n<p>STOCKAGE: Garder dans un endroit frais et sec.<\/p><\/div>\n<div>\u00a0<\/div>\n<div>\n<div>\n<h4 class=\"tabnut_tit\">INFORMATION NUTRITIONNELLE<\/h4>\n<div class=\"tabnut_table\">\n<table class=\"iaftable\" cellspacing=\"0\">\n<tbody>\n<tr>\n<td class=\"tabnut_medsep-top\">\n<div>\n<p><strong>Analyse moyenne<\/strong><\/p>\n<\/div>\n<\/td>\n<td class=\"tabnut_medsep-top\"><strong>Par 100g<\/strong><\/td>\n<td class=\"tabnut_medsep-top\"><strong>Par dose quotidienne (4 comprim\u00e9s)<\/strong><\/td>\n<\/tr>\n<tr>\n<td class=\"tabnut_medsep-btm\">Adhatoda e.s.<\/td>\n<td class=\"tabnut_medsep-btm\">\n<div>12,63g<\/div>\n<\/td>\n<td class=\"tabnut_medsep-btm\">\n<div>0,48g<\/div>\n<\/td>\n<\/tr>\n<tr>\n<td>Perilla e.s.<\/td>\n<td>\n<div>10,52g<\/div>\n<\/td>\n<td>\n<div>0,40g<\/div>\n<\/td>\n<\/tr>\n<tr>\n<td>Romarin e.s.<\/td>\n<td>\n<div>10,52g<\/div>\n<\/td>\n<td>\n<div>0,40g<\/div>\n<\/td>\n<\/tr>\n<tr>\n<td>Th\u00e9 vert e.s.<\/td>\n<td>\n<div>8,42g<\/div>\n<\/td>\n<td>\n<div>0,32g<\/div>\n<\/td>\n<\/tr>\n<tr>\n<td>Ginkgo biloba e.s.<\/td>\n<td>\n<div>5,26g<\/div>\n<\/td>\n<td>\n<div>0,20g<\/div>\n<\/td>\n<\/tr>\n<tr>\n<td>R\u00e9glisse e.s.<\/td>\n<td>5,26g<\/td>\n<td>\n<div>0,20g<\/div>\n<\/td>\n<\/tr>\n<\/tbody>\n<\/table>\n<\/div>\n<\/div>\n<p>\u00a0<\/p><\/div>\n<div>\u00a0<\/div>\n<div class=\"iaf_ingred tabnut_table\"><strong>Ingr\u00e9dients:\u00a0<\/strong>agents de charge: phosphate de calcium, la cellulose microcristalline; Adhatoda extrait de feuilles s\u00e8ches (Adhatoda de vasica, maltodextrine), graines et feuilles extrait sec (Perilla frutescens, maltodextrine) Perilla, extrait de feuilles s\u00e8ches Rosemary (Rosmarinus officinalis, maltodextrine), feuille de th\u00e9 sec extrait vert (Camellia sinensis, maltodextrine), extrait sec de feuilles de Ginkgo biloba (Ginkgo biloba, maltodextrine), racine de r\u00e9glisse sec (Glycyrrhiza extrait de glabra, maltodextrine), des agents anti-agglom\u00e9rant: dioxyde de silicium, st\u00e9arate de magn\u00e9sium<\/div>\n<\/div>\n<\/div>\n<div class=\"prodsch_avvert\">D\u00e9conseill\u00e9 en dehors des repas, ainsi que aux enfants, adolescents, femmes enceintes ou allaitantes.<br \/>Consultez votre m\u00e9decin en cas de prise simultan\u00e9e d'anticoagulants.<br \/>D\u00e9conseill\u00e9 aux femmes enceintes et allaitantes.<br \/>Contient de la r\u00e9glisse: les personnes souffrant d'hypertension doivent \u00e9viter toute consommation excessive.<br \/>Ne pas utiliser pendant plus de 6 semaines sans avis m\u00e9dical, d\u00e9conseill\u00e9 aux enfants.<\/p>\n<div>Lisez attentivement l\u2019\u00e9tiquette et les informations concernant le produit ainsi que le mode d\u2019emploi.<br \/>Ne pas d\u00e9passer la dose journali\u00e8re indiqu\u00e9e.<br \/>Tenir hors de port\u00e9e des jeunes enfants.<br \/>Les compl\u00e9ments alimentaires ne soient utilis\u00e9s comme substituts d'un r\u00e9gime alimentaire vari\u00e9.<\/div>\n<div>IAF network vous rappelled l\u2019importance d\u2019une alimentation vari\u00e9e et \u00e9quilibr\u00e9e et \u00e0 un mode de vie sain.<\/div>\n<\/div>","protected":false},"excerpt":{"rendered":"<p>Pharmalife Research Allerdin AS 45 comprim\u00e9s. Allerdin AS est un compl\u00e9ment alimentaire \u00e0 base d&rsquo;extraits de plantes, tels que l&rsquo;extrait de Perilla, utile pour renforcer les d\u00e9fenses naturelles de l&rsquo;organisme.<\/p>","protected":false},"featured_media":25163,"template":"","meta":{"arc_restricted_post":false},"product_cat":[49,347],"product_tag":[],"_links":{"self":[{"href":"https:\/\/www.sopha-sahara.com\/en\/wp-json\/wp\/v2\/product\/25082"}],"collection":[{"href":"https:\/\/www.sopha-sahara.com\/en\/wp-json\/wp\/v2\/product"}],"about":[{"href":"https:\/\/www.sopha-sahara.com\/en\/wp-json\/wp\/v2\/types\/product"}],"wp:featuredmedia":[{"embeddable":true,"href":"https:\/\/www.sopha-sahara.com\/en\/wp-json\/wp\/v2\/media\/25163"}],"wp:attachment":[{"href":"https:\/\/www.sopha-sahara.com\/en\/wp-json\/wp\/v2\/media?parent=25082"}],"wp:term":[{"taxonomy":"product_cat","embeddable":true,"href":"https:\/\/www.sopha-sahara.com\/en\/wp-json\/wp\/v2\/product_cat?post=25082"},{"taxonomy":"product_tag","embeddable":true,"href":"https:\/\/www.sopha-sahara.com\/en\/wp-json\/wp\/v2\/product_tag?post=25082"}],"curies":[{"name":"wp","href":"https:\/\/api.w.org\/{rel}","templated":true}]}}