{"id":25081,"date":"2020-12-24T10:18:08","date_gmt":"2020-12-24T09:18:08","guid":{"rendered":"https:\/\/www.interbusinesschamber.com\/produit\/ansiovit-gocce-50ml\/"},"modified":"2020-12-25T11:27:04","modified_gmt":"2020-12-25T10:27:04","slug":"ansiovit-gocce-50ml","status":"publish","type":"product","link":"https:\/\/www.sopha-sahara.com\/en\/product\/ansiovit-gocce-50ml\/","title":{"rendered":"Ansiovit Gocce 50ml"},"content":{"rendered":"<div class=\"prodsch_txt\">\n<div>\n<div><strong>PHARMALIFE RESEARCH ANSIOVIT GOUTTES<br \/><\/strong>Compl\u00e9ment alimentaire<\/p>\n<p>Ansiovit Gocce est un suppl\u00e9ment \u00e0 base de Passiflora, Rhodiola et Scutellaria, des ingr\u00e9dients utiles pour exercer une activit\u00e9 relaxante et apaisante physiologique.\u00a0Les extraits pr\u00e9sents dans ANSIOVIT sont hautement purifi\u00e9s et biologiquement contr\u00f4l\u00e9s, titr\u00e9s et standardis\u00e9s en principes actifs.<\/p>\n<p>RECOMMENDATION: Nous conseillons de prendre 15-20 gouttes par jour.<\/p>\n<p>CONTENU NET: 50ml<\/p>\n<p>STOCKAGE: Garder dans un endroit frais et sec.<\/p><\/div>\n<div>\u00a0<\/div>\n<div>\n<div>\n<h4 class=\"tabnut_tit\">INFORMATION NUTRITIONNELLE<\/h4>\n<div class=\"tabnut_table\">\n<table class=\"iaftable\" cellspacing=\"0\">\n<tbody>\n<tr>\n<td class=\"tabnut_medsep-top\"><strong>Mean analysis<\/strong><\/td>\n<td class=\"tabnut_medsep-top\"><strong>Per 100ml<\/strong><\/td>\n<td class=\"tabnut_medsep-top\"><strong>Per daily dose (20 drops)<\/strong><\/td>\n<\/tr>\n<tr>\n<td class=\"tabnut_medsep-btm\">Energy value<\/td>\n<td class=\"tabnut_medsep-btm\">\n<div>81,4Kcal \/ 345,7KJ<\/div>\n<\/td>\n<td class=\"tabnut_medsep-btm\">\n<div>0,81Kcal \/ 3,46KJ<\/div>\n<\/td>\n<\/tr>\n<tr>\n<td>Protein<\/td>\n<td>\n<div>0,4g<\/div>\n<\/td>\n<td>\n<div>0,004g<\/div>\n<\/td>\n<\/tr>\n<tr>\n<td>Carbohydrates<\/td>\n<td>\n<div>19,5g<\/div>\n<\/td>\n<td>\n<div>0,195g<\/div>\n<\/td>\n<\/tr>\n<tr>\n<td>Lipids<\/td>\n<td>\n<div>0,2g<\/div>\n<\/td>\n<td>\n<div>0,002g<\/div>\n<\/td>\n<\/tr>\n<tr>\n<td>Passionflower plant e.s.<\/td>\n<td>\n<div>16,0g<\/div>\n<\/td>\n<td>\n<div>0,16g<\/div>\n<\/td>\n<\/tr>\n<tr>\n<td>Rhodiola root e.s.<\/td>\n<td>\n<div>2,0g<\/div>\n<\/td>\n<td>\n<div>0,02g<\/div>\n<\/td>\n<\/tr>\n<tr>\n<td class=\"tabnut_medsep-top\">Scutellaria root e.s.<\/td>\n<td class=\"tabnut_medsep-top\">\n<div>2,0g<\/div>\n<\/td>\n<td class=\"tabnut_medsep-top\">\n<div>0,02g<\/div>\n<\/td>\n<\/tr>\n<tr>\n<td class=\"tabnut_medsep-btm\" colspan=\"3\"><strong>Ingr\u00e9dients:\u00a0<\/strong>Eau d\u00e9min\u00e9ralis\u00e9e Passiflore (Passiflora incarnata) extrait sec, Rhodiola (Rhodiola rosea) extrait sec, Scutellaire (Scutellaria baicalensis) extrait sec, glyc\u00e9rol v\u00e9g\u00e9tal.<\/td>\n<\/tr>\n<\/tbody>\n<\/table>\n<\/div>\n<\/div>\n<p>\u00a0<\/p><\/div>\n<\/div>\n<\/div>\n<div class=\"prodsch_avvert\">\n<div>Lisez attentivement l\u2019\u00e9tiquette et les informations concernant le produit ainsi que le mode d\u2019emploi.<br \/>Ne pas d\u00e9passer la dose journali\u00e8re indiqu\u00e9e.<br \/>Tenir hors de port\u00e9e des jeunes enfants.<br \/>Les compl\u00e9ments alimentaires ne soient utilis\u00e9s comme substituts d'un r\u00e9gime alimentaire vari\u00e9.<\/div>\n<div>IAF network vous rappelled l\u2019importance d\u2019une alimentation vari\u00e9e et \u00e9quilibr\u00e9e et \u00e0 un mode de vie sain.<\/div>\n<\/div>","protected":false},"excerpt":{"rendered":"<p>Pharmalife Research Ansiovit Drops 50ml. Ansiovit Gocce est un suppl\u00e9ment \u00e0 base de Passiflora, Rhodiola et Scutellaria, des ingr\u00e9dients utiles pour exercer une activit\u00e9 relaxante et apaisante physiologique.<\/p>","protected":false},"featured_media":25179,"template":"","meta":{"arc_restricted_post":false},"product_cat":[49,347],"product_tag":[],"_links":{"self":[{"href":"https:\/\/www.sopha-sahara.com\/en\/wp-json\/wp\/v2\/product\/25081"}],"collection":[{"href":"https:\/\/www.sopha-sahara.com\/en\/wp-json\/wp\/v2\/product"}],"about":[{"href":"https:\/\/www.sopha-sahara.com\/en\/wp-json\/wp\/v2\/types\/product"}],"wp:featuredmedia":[{"embeddable":true,"href":"https:\/\/www.sopha-sahara.com\/en\/wp-json\/wp\/v2\/media\/25179"}],"wp:attachment":[{"href":"https:\/\/www.sopha-sahara.com\/en\/wp-json\/wp\/v2\/media?parent=25081"}],"wp:term":[{"taxonomy":"product_cat","embeddable":true,"href":"https:\/\/www.sopha-sahara.com\/en\/wp-json\/wp\/v2\/product_cat?post=25081"},{"taxonomy":"product_tag","embeddable":true,"href":"https:\/\/www.sopha-sahara.com\/en\/wp-json\/wp\/v2\/product_tag?post=25081"}],"curies":[{"name":"wp","href":"https:\/\/api.w.org\/{rel}","templated":true}]}}