{"id":25080,"date":"2020-12-24T10:18:03","date_gmt":"2020-12-24T09:18:03","guid":{"rendered":"https:\/\/www.interbusinesschamber.com\/produit\/audol-30-comprimes\/"},"modified":"2020-12-25T12:29:39","modified_gmt":"2020-12-25T11:29:39","slug":"audol-30-comprimes","status":"publish","type":"product","link":"https:\/\/www.sopha-sahara.com\/en\/product\/audol-30-comprimes\/","title":{"rendered":"Audol 30 comprim\u00e9s"},"content":{"rendered":"<div class=\"prodsch_txt\">\n<div>\n<div><strong>PHARMALIFE RESEARCH AUDOL<br \/><\/strong>Compl\u00e9ment alimentaire<\/p>\n<p>Audol est un compl\u00e9ment alimentaire \u00e0 base d'extraits de plantes tels que la grande camomille, le saule, l'arpagophytus, le gingembre, ingr\u00e9dients utiles pour favoriser la relaxation physiologique, r\u00e9duire les tensions musculaires du cou et de la t\u00eate et favoriser le bien-\u00eatre du syst\u00e8me musculo-squelettique.<\/p>\n<p>CONTENU NET 33 grammes<\/p>\n<p>STOCKAGE: Garder dans un endroit frais et sec.<\/p><\/div>\n<div>\u00a0<\/p>\n<div>\n<h4 class=\"tabnut_tit\">INFORMATION NUTRITIONNELLE<\/h4>\n<div class=\"tabnut_table\">\n<table class=\"iaftable\" cellspacing=\"0\">\n<tbody>\n<tr>\n<td class=\"tabnut_medsep-top\">\n<div>\n<p><strong>Analyse moyenne<\/strong><\/p>\n<\/div>\n<\/td>\n<td class=\"tabnut_medsep-top\"><strong>Par 100g<\/strong><\/td>\n<td class=\"tabnut_medsep-top\"><strong>Par dose quotidienne (2 comprim\u00e9s)<\/strong><\/td>\n<\/tr>\n<tr>\n<td class=\"tabnut_medsep-btm\">Valeur \u00e9nerg\u00e9tique<\/td>\n<td class=\"tabnut_medsep-btm\">\n<div>362,5Kcal \/ 1539KJ<\/div>\n<\/td>\n<td class=\"tabnut_medsep-btm\">\n<div>7,98kcal \/ 33,86KJ<\/div>\n<\/td>\n<\/tr>\n<tr>\n<td>Prot\u00e9ine<\/td>\n<td>\n<div>1,7g<\/div>\n<\/td>\n<td>\n<div>0,04g<\/div>\n<\/td>\n<\/tr>\n<tr>\n<td>Glucides<\/td>\n<td>\n<div>86g<\/div>\n<\/td>\n<td>\n<div>1,89g<\/div>\n<\/td>\n<\/tr>\n<tr>\n<td>Lipides<\/td>\n<td>\n<div>1,3g<\/div>\n<\/td>\n<td>\n<div>0,03g<\/div>\n<\/td>\n<\/tr>\n<tr>\n<td>Grande camomille e.s.<\/td>\n<td>\n<div>27,27g<\/div>\n<\/td>\n<td>\n<div>0,6g<\/div>\n<\/td>\n<\/tr>\n<tr>\n<td>Griffe du diable\u00a0e.s.<\/td>\n<td>\n<div>27,27g<\/div>\n<\/td>\n<td>\n<div>0,6g<\/div>\n<\/td>\n<\/tr>\n<tr>\n<td>Gingembre e.s.<\/td>\n<td>\n<div>20g<\/div>\n<\/td>\n<td>\n<div>0,44g<\/div>\n<\/td>\n<\/tr>\n<tr>\n<td>Saule e.s.<\/td>\n<td>\n<div>13,65g<\/div>\n<\/td>\n<td>\n<div>0,3g<\/div>\n<\/td>\n<\/tr>\n<\/tbody>\n<\/table>\n<\/div>\n<\/div>\n<p>\u00a0<\/p><\/div>\n<div>\u00a0<\/div>\n<div class=\"iaf_ingred tabnut_table\"><strong>Ingr\u00e9dients:\u00a0<\/strong>parties a\u00e9riennes Feverfew (Tanacetum de parthenium) extrait sec (27,27%), la racine de griffe du diable (Harpagophytum procumbens) extrait sec (27,27%), le rhizome de gingembre (Zingiber officinale) d'extrait sec (20%), l'\u00e9corce de saule (Salix alba) extrait sec (13,64%), de la cellulose, le phosphate de calcium, le st\u00e9arate de magn\u00e9sium, l'agent anti-agglom\u00e9rant: dioxyde de silicium<\/div>\n<\/div>\n<\/div>\n<div class=\"prodsch_avvert\">D\u00e9conseill\u00e9 aux personnes souffrant d'allergie aux d\u00e9riv\u00e9s salicyl\u00e9s.<\/p>\n<div>Lisez attentivement l\u2019\u00e9tiquette et les informations concernant le produit ainsi que le mode d\u2019emploi.<br \/>Ne pas d\u00e9passer la dose journali\u00e8re indiqu\u00e9e.<br \/>Tenir hors de port\u00e9e des jeunes enfants.<br \/>Les compl\u00e9ments alimentaires ne soient utilis\u00e9s comme substituts d'un r\u00e9gime alimentaire vari\u00e9.<\/div>\n<div>IAF network vous rappelled l\u2019importance d\u2019une alimentation vari\u00e9e et \u00e9quilibr\u00e9e et \u00e0 un mode de vie sain.<\/div>\n<\/div>","protected":false},"excerpt":{"rendered":"<p>Pharmalife Research Audol 30 comprim\u00e9s. Audol est un compl\u00e9ment alimentaire \u00e0 base d&rsquo;extraits de plantes tels que la grande camomille, le saule, l&rsquo;arpagophytus, le gingembre, ingr\u00e9dients utiles pour favoriser la relaxation physiologique, r\u00e9duire les tensions musculaires du cou et de la t\u00eate et favoriser le bien-\u00eatre du syst\u00e8me musculo-squelettique.<\/p>","protected":false},"featured_media":25233,"template":"","meta":{"arc_restricted_post":false},"product_cat":[49,347],"product_tag":[],"_links":{"self":[{"href":"https:\/\/www.sopha-sahara.com\/en\/wp-json\/wp\/v2\/product\/25080"}],"collection":[{"href":"https:\/\/www.sopha-sahara.com\/en\/wp-json\/wp\/v2\/product"}],"about":[{"href":"https:\/\/www.sopha-sahara.com\/en\/wp-json\/wp\/v2\/types\/product"}],"wp:featuredmedia":[{"embeddable":true,"href":"https:\/\/www.sopha-sahara.com\/en\/wp-json\/wp\/v2\/media\/25233"}],"wp:attachment":[{"href":"https:\/\/www.sopha-sahara.com\/en\/wp-json\/wp\/v2\/media?parent=25080"}],"wp:term":[{"taxonomy":"product_cat","embeddable":true,"href":"https:\/\/www.sopha-sahara.com\/en\/wp-json\/wp\/v2\/product_cat?post=25080"},{"taxonomy":"product_tag","embeddable":true,"href":"https:\/\/www.sopha-sahara.com\/en\/wp-json\/wp\/v2\/product_tag?post=25080"}],"curies":[{"name":"wp","href":"https:\/\/api.w.org\/{rel}","templated":true}]}}