{"id":25078,"date":"2020-12-24T10:17:54","date_gmt":"2020-12-24T09:17:54","guid":{"rendered":"https:\/\/www.interbusinesschamber.com\/produit\/glicefit-60-comprimes\/"},"modified":"2020-12-25T14:32:36","modified_gmt":"2020-12-25T13:32:36","slug":"glicefit-60-comprimes","status":"publish","type":"product","link":"https:\/\/www.sopha-sahara.com\/en\/product\/glicefit-60-comprimes\/","title":{"rendered":"GliceFit 60 comprim\u00e9s"},"content":{"rendered":"<div class=\"prodsch_txt\">\n<div>\n<div><strong>PHARMALIFE RESEARCH GLICEFIT<br \/><\/strong>Compl\u00e9ment alimentaire<\/p>\n<p>Glicefit est un suppl\u00e9ment nutritionnel \u00e0 base d'extraits de plantes tels que Lagerstroemia, Ginseng, Cinnamon et Fenugrec, ingr\u00e9dients utiles du m\u00e9tabolisme physiologique des sucres. Cela aide \u00e0 diminuer le taux glyc\u00e9mique.<\/p>\n<p>CONTENU NET 33 grammes<\/p>\n<p>STOCKAGE: Garder dans un endroit frais et sec.<\/p><\/div>\n<div>\u00a0<\/div>\n<div>\n<div>\n<h4 class=\"tabnut_tit\">INFORMATION NUTRITIONNELLE<\/h4>\n<div class=\"tabnut_table\">\n<table class=\"iaftable\" cellspacing=\"0\">\n<tbody>\n<tr>\n<td class=\"tabnut_medsep-top\">\n<div>\n<p><strong>Analyse moyenne<\/strong><\/p>\n<\/div>\n<\/td>\n<td class=\"tabnut_medsep-top\"><strong>Par 100g<\/strong><\/td>\n<td class=\"tabnut_medsep-top\"><strong>Par dose quotidienne (2 comprim\u00e9s)<\/strong><\/td>\n<\/tr>\n<tr>\n<td class=\"tabnut_medsep-btm\">Valeur \u00e9nerg\u00e9tique<\/td>\n<td class=\"tabnut_medsep-btm\">\n<div>344,4Kcal \/ 1462,2KJ<\/div>\n<\/td>\n<td class=\"tabnut_medsep-btm\">\n<div>3,79kcal \/ 16,08KJ<\/div>\n<\/td>\n<\/tr>\n<tr>\n<td>Prot\u00e9ine<\/td>\n<td>\n<div>1,4g<\/div>\n<\/td>\n<td>\n<div>0,02g<\/div>\n<\/td>\n<\/tr>\n<tr>\n<td>Glucides<\/td>\n<td>\n<div>82g<\/div>\n<\/td>\n<td>\n<div>0,90g<\/div>\n<\/td>\n<\/tr>\n<tr>\n<td>Lipides<\/td>\n<td>\n<div>1,2g<\/div>\n<\/td>\n<td>\n<div>0,01g<\/div>\n<\/td>\n<\/tr>\n<tr>\n<td>Hay grec\u00a0e.s.<\/td>\n<td>\n<div>27,27g<\/div>\n<\/td>\n<td>\n<div>0,3g<\/div>\n<\/td>\n<\/tr>\n<tr>\n<td>Cannelle e.s.<\/td>\n<td>\n<div>27,27g<\/div>\n<\/td>\n<td>\n<div>0,3g<\/div>\n<\/td>\n<\/tr>\n<tr>\n<td>Ginseng e.s.<\/td>\n<td>\n<div>10,91g<\/div>\n<\/td>\n<td>\n<div>0,12g<\/div>\n<\/td>\n<\/tr>\n<tr>\n<td>Lagerstroemia e.s.<\/td>\n<td>\n<div>9,09g<\/div>\n<\/td>\n<td>\n<div>0,1g<\/div>\n<\/td>\n<\/tr>\n<\/tbody>\n<\/table>\n<\/div>\n<\/div>\n<p>\u00a0<\/p><\/div>\n<div>\u00a0<\/div>\n<div class=\"iaf_ingred tabnut_table\"><strong>Ingr\u00e9dients:\u00a0<\/strong>demi Hay grec (Trigonella foenum-graecum) d'extrait sec, \u00e9corce de cannelle (Cinnamomum zeylanicum) d'extrait sec, la cellulose, la racine de ginseng (Panax ginseng) extrait sec, le phosphate de calcium, les feuilles Lagerstroemia (Lagerstroemia speciosa) extrait sec, st\u00e9arate de magn\u00e9sium, anti-agglom\u00e9rant: dioxyde de silicium<\/div>\n<\/div>\n<\/div>\n<div class=\"prodsch_avvert\">D\u00e9conseill\u00e9 aux femmes enceintes.<\/p>\n<div>Lisez attentivement l\u2019\u00e9tiquette et les informations concernant le produit ainsi que le mode d\u2019emploi.<br \/>Ne pas d\u00e9passer la dose journali\u00e8re indiqu\u00e9e.<br \/>Tenir hors de port\u00e9e des jeunes enfants.<br \/>Les compl\u00e9ments alimentaires ne soient utilis\u00e9s comme substituts d'un r\u00e9gime alimentaire vari\u00e9.<\/div>\n<div>IAF network vous rappelled l\u2019importance d\u2019une alimentation vari\u00e9e et \u00e9quilibr\u00e9e et \u00e0 un mode de vie sain.<\/div>\n<\/div>","protected":false},"excerpt":{"rendered":"<p>Pharmalife Research GliceFit 60 comprim\u00e9s. Glicefit est un suppl\u00e9ment nutritionnel \u00e0 base d&rsquo;extraits de plantes tels que Lagerstroemia, Ginseng, Cinnamon et Fenugrec, ingr\u00e9dients utiles du m\u00e9tabolisme physiologique des sucres. Cela aide \u00e0 diminuer le taux glyc\u00e9mique.<\/p>","protected":false},"featured_media":25295,"template":"","meta":{"arc_restricted_post":false},"product_cat":[49,347],"product_tag":[],"_links":{"self":[{"href":"https:\/\/www.sopha-sahara.com\/en\/wp-json\/wp\/v2\/product\/25078"}],"collection":[{"href":"https:\/\/www.sopha-sahara.com\/en\/wp-json\/wp\/v2\/product"}],"about":[{"href":"https:\/\/www.sopha-sahara.com\/en\/wp-json\/wp\/v2\/types\/product"}],"wp:featuredmedia":[{"embeddable":true,"href":"https:\/\/www.sopha-sahara.com\/en\/wp-json\/wp\/v2\/media\/25295"}],"wp:attachment":[{"href":"https:\/\/www.sopha-sahara.com\/en\/wp-json\/wp\/v2\/media?parent=25078"}],"wp:term":[{"taxonomy":"product_cat","embeddable":true,"href":"https:\/\/www.sopha-sahara.com\/en\/wp-json\/wp\/v2\/product_cat?post=25078"},{"taxonomy":"product_tag","embeddable":true,"href":"https:\/\/www.sopha-sahara.com\/en\/wp-json\/wp\/v2\/product_tag?post=25078"}],"curies":[{"name":"wp","href":"https:\/\/api.w.org\/{rel}","templated":true}]}}