{"id":25076,"date":"2020-12-24T10:17:48","date_gmt":"2020-12-24T09:17:48","guid":{"rendered":"https:\/\/www.interbusinesschamber.com\/produit\/pms-50-30-comprimes\/"},"modified":"2020-12-25T15:31:59","modified_gmt":"2020-12-25T14:31:59","slug":"pms-50-30-comprimes","status":"publish","type":"product","link":"https:\/\/www.sopha-sahara.com\/en\/product\/pms-50-30-comprimes\/","title":{"rendered":"PMS 50  (30 comprim\u00e9s)"},"content":{"rendered":"<div class=\"prodsch_txt\">\n<div>\n<div><strong>PHARMALIFE RESEARCH PMS 50<br \/><\/strong>Compl\u00e9ment alimentaire<\/p>\n<p>De nombreuses femmes en \u00e2ge de procr\u00e9er font r\u00e9f\u00e9rence \u00e0 une s\u00e9rie de sensations difficiles \u00e0 d\u00e9finir dans la phase postovulatoire du cycle menstruel, mais qui, dans certains cas, les perturbent \u00e0 un point qui les pousse \u00e0 demander un traitement.<\/p>\n<p>CONTENU NET 16,5 grammes<\/p>\n<p>STOCKAGE: Garder dans un endroit frais et sec.<\/p><\/div>\n<div>\u00a0<\/div>\n<div>\n<div>\n<h4 class=\"tabnut_tit\">INFORMATION NUTRITIONNELLE<\/h4>\n<div class=\"tabnut_table\">\n<table class=\"iaftable\" cellspacing=\"0\">\n<tbody>\n<tr>\n<td class=\"tabnut_medsep-top\">\n<div>\n<p><strong>Analyse moyenne<\/strong><\/p>\n<\/div>\n<\/td>\n<td class=\"tabnut_medsep-top\"><strong>Par 100g<\/strong><\/td>\n<td class=\"tabnut_medsep-top\"><strong>Par 2 comprim\u00e9s (*% AJR)<\/strong><\/td>\n<\/tr>\n<tr>\n<td class=\"tabnut_medsep-btm\">Valeur \u00e9nerg\u00e9tique<\/td>\n<td class=\"tabnut_medsep-btm\">\n<div>40,5Kcal \/ 171,5KJ<\/div>\n<\/td>\n<td class=\"tabnut_medsep-btm\">0,45Kcal \/ 1,89KJ<\/td>\n<\/tr>\n<tr>\n<td>Prot\u00e9ine<\/td>\n<td>\n<div>1,0g<\/div>\n<\/td>\n<td>\n<div>0,01g<\/div>\n<\/td>\n<\/tr>\n<tr>\n<td>Glucides<\/td>\n<td>\n<div>8,0g<\/div>\n<\/td>\n<td>\n<div>0,088g<\/div>\n<\/td>\n<\/tr>\n<tr>\n<td>Lipides<\/td>\n<td>\n<div>0,5g<\/div>\n<\/td>\n<td>\n<div>0,05g<\/div>\n<\/td>\n<\/tr>\n<tr>\n<td>Magn\u00e9sium<\/td>\n<td>\n<div>27300mg<\/div>\n<\/td>\n<td>\n<div>300mg (80%)<\/div>\n<\/td>\n<\/tr>\n<tr>\n<td>Vitamine E<\/td>\n<td>\n<div>909mg<\/div>\n<\/td>\n<td>\n<div>10mg (83%)<\/div>\n<\/td>\n<\/tr>\n<tr>\n<td>Vitamine B6<\/td>\n<td>\n<div>182mg<\/div>\n<\/td>\n<td>\n<div>2,0mg (143%)<\/div>\n<\/td>\n<\/tr>\n<tr>\n<td>Vitamine B2<\/td>\n<td>\n<div>146mg<\/div>\n<\/td>\n<td>\n<div>1,6mg (114%)<\/div>\n<\/td>\n<\/tr>\n<tr>\n<td>Vitamine B1<\/td>\n<td>\n<div>127mg<\/div>\n<\/td>\n<td>\n<div>1,4mg (127%)<\/div>\n<\/td>\n<\/tr>\n<tr>\n<td>Vitamine D3<\/td>\n<td>\n<div>455mcg<\/div>\n<\/td>\n<td>\n<div>5,0mcg (100%)<\/div>\n<\/td>\n<\/tr>\n<tr>\n<td class=\"tabnut_medsep-top\">Arbre sec chaste<\/td>\n<td class=\"tabnut_medsep-top\">\n<div>9,09g<\/div>\n<\/td>\n<td class=\"tabnut_medsep-top\">\n<div>0,1g<\/div>\n<\/td>\n<\/tr>\n<tr>\n<td class=\"tabnut_medsep-btm\" colspan=\"3\">\n<div>* Pourcentage des valeurs journali\u00e8res bas\u00e9 sur un r\u00e9gime de 2000 calories<\/div>\n<\/td>\n<\/tr>\n<\/tbody>\n<\/table>\n<\/div>\n<\/div>\n<p>\u00a0<\/p><\/div>\n<div>\u00a0<\/div>\n<div class=\"iaf_ingred tabnut_table\"><strong>Ingr\u00e9dients:\u00a0<\/strong>oxyde de magn\u00e9sium, cellulose microcristalline, chaste fruits de l'arbre (Vitex agnus castus) d'extrait sec, la vitamine E, anti-agglom\u00e9rant agents: le dioxyde de silicium, st\u00e9arate de magn\u00e9sium; La vitamine B6, la vitamine B2, la vitamine B1, vitamine D3<\/div>\n<\/div>\n<\/div>\n<div class=\"prodsch_avvert\">D\u00e9conseill\u00e9 \u00e0 l'usage chez les femmes ayant des ant\u00e9c\u00e9dents personnels ou familiaux de cancer du sein.<\/p>\n<div>Lisez attentivement l\u2019\u00e9tiquette et les informations concernant le produit ainsi que le mode d\u2019emploi.<br \/>Ne pas d\u00e9passer la dose journali\u00e8re indiqu\u00e9e.<br \/>Tenir hors de port\u00e9e des jeunes enfants.<br \/>Les compl\u00e9ments alimentaires ne soient utilis\u00e9s comme substituts d'un r\u00e9gime alimentaire vari\u00e9.<\/div>\n<div>IAF network vous rappelled l\u2019importance d\u2019une alimentation vari\u00e9e et \u00e9quilibr\u00e9e et \u00e0 un mode de vie sain.<\/div>\n<\/div>","protected":false},"excerpt":{"rendered":"<p>Pharmalife PMS 50 30 comprim\u00e9s. De nombreuses femmes en \u00e2ge de procr\u00e9er font r\u00e9f\u00e9rence \u00e0 une s\u00e9rie de sensations difficiles \u00e0 d\u00e9finir dans la phase postovulatoire du cycle menstruel, mais qui, dans certains cas, les perturbent \u00e0 un point qui les pousse \u00e0 demander un traitement.<\/p>","protected":false},"featured_media":25351,"template":"","meta":{"arc_restricted_post":false},"product_cat":[49,347],"product_tag":[],"_links":{"self":[{"href":"https:\/\/www.sopha-sahara.com\/en\/wp-json\/wp\/v2\/product\/25076"}],"collection":[{"href":"https:\/\/www.sopha-sahara.com\/en\/wp-json\/wp\/v2\/product"}],"about":[{"href":"https:\/\/www.sopha-sahara.com\/en\/wp-json\/wp\/v2\/types\/product"}],"wp:featuredmedia":[{"embeddable":true,"href":"https:\/\/www.sopha-sahara.com\/en\/wp-json\/wp\/v2\/media\/25351"}],"wp:attachment":[{"href":"https:\/\/www.sopha-sahara.com\/en\/wp-json\/wp\/v2\/media?parent=25076"}],"wp:term":[{"taxonomy":"product_cat","embeddable":true,"href":"https:\/\/www.sopha-sahara.com\/en\/wp-json\/wp\/v2\/product_cat?post=25076"},{"taxonomy":"product_tag","embeddable":true,"href":"https:\/\/www.sopha-sahara.com\/en\/wp-json\/wp\/v2\/product_tag?post=25076"}],"curies":[{"name":"wp","href":"https:\/\/api.w.org\/{rel}","templated":true}]}}