{"id":25075,"date":"2020-12-24T10:17:47","date_gmt":"2020-12-24T09:17:47","guid":{"rendered":"https:\/\/www.interbusinesschamber.com\/produit\/rinfoltil-60-comprimes\/"},"modified":"2020-12-25T15:41:03","modified_gmt":"2020-12-25T14:41:03","slug":"rinfoltil-60-comprimes","status":"publish","type":"product","link":"https:\/\/www.sopha-sahara.com\/en\/product\/rinfoltil-60-comprimes\/","title":{"rendered":"Rinfoltil 60 comprim\u00e9s"},"content":{"rendered":"<div class=\"prodsch_txt\">\n<div>\n<div><strong>PHARMALIFE RESEARCH RINFOLTIL<\/strong><\/div>\n<div>Compl\u00e9ment alimentaire<\/p>\n<p>Rinfoltil inhibe la 5-a-r\u00e9ductase, r\u00e9duisant ainsi la conversion de la testost\u00e9rone en di-hydrotestost\u00e9rone, et exerce une action antioxydante, nourrissante, k\u00e9ratinisante, stimulante, protectrice et fortifiante sur les cheveux et le cuir chevelu.<\/p>\n<p>RECOMMENDATION: prendre 4 comprim\u00e9s par jour une demi-heure avant les repas.<\/p>\n<p>CONTENU NET 51 grammes<\/p>\n<p>STOCKAGE: Garder dans un endroit frais et sec.<\/p>\n<div>\n<h4 class=\"tabnut_tit\">INFORMATION NUTRITIONNELLE<\/h4>\n<div class=\"tabnut_table\">\n<table class=\"iaftable\" cellspacing=\"0\">\n<tbody>\n<tr>\n<td class=\"tabnut_medsep-top\">\n<div>\n<p><strong>Analyse moyenne<\/strong><\/p>\n<\/div>\n<\/td>\n<td class=\"tabnut_medsep-top\"><strong>Par 100g<\/strong><\/td>\n<td class=\"tabnut_medsep-top\"><strong>Par dose quotidienne (4 comprim\u00e9s) (*% AJR)<\/strong><\/td>\n<\/tr>\n<tr>\n<td class=\"tabnut_medsep-btm\">Valeur \u00e9nerg\u00e9tique<\/td>\n<td class=\"tabnut_medsep-btm\">\n<div>308Kcal \/ 1301,5KJ<\/div>\n<\/td>\n<td class=\"tabnut_medsep-btm\">\n<div>10,47kcal \/ 44,25KJ<\/div>\n<\/td>\n<\/tr>\n<tr>\n<td>Prot\u00e9ine<\/td>\n<td>11,5g<\/td>\n<td>\n<div>0,39g<\/div>\n<\/td>\n<\/tr>\n<tr>\n<td>Glucides<\/td>\n<td>52g<\/td>\n<td>\n<div>1,77g<\/div>\n<\/td>\n<\/tr>\n<tr>\n<td>Lipides<\/td>\n<td>6,0g<\/td>\n<td>\n<div>0,20g<\/div>\n<\/td>\n<\/tr>\n<tr>\n<td>Calcium pantoth\u00e9nate<\/td>\n<td>180mg<\/td>\n<td>\n<div>6,0mg (100%)<\/div>\n<\/td>\n<\/tr>\n<tr>\n<td>Biotine<\/td>\n<td>2200mcg<\/td>\n<td>\n<div>75mcg (150%)<\/div>\n<\/td>\n<\/tr>\n<tr>\n<td>Vitamine C<\/td>\n<td>3530mg<\/td>\n<td>\n<div>120mg (150%)<\/div>\n<\/td>\n<\/tr>\n<tr>\n<td>Nicotinamide<\/td>\n<td>470mg<\/td>\n<td>\n<div>16mg (100%)<\/div>\n<\/td>\n<\/tr>\n<tr>\n<td>L-Lysine<\/td>\n<td>1176mg<\/td>\n<td>\n<div>40mg<\/div>\n<\/td>\n<\/tr>\n<tr>\n<td>L-Cyst\u00e9ine<\/td>\n<td>9650mg<\/td>\n<td>\n<div>328mg<\/div>\n<\/td>\n<\/tr>\n<tr>\n<td>Zinc<\/td>\n<td>294mg<\/td>\n<td>\n<div>10mg (100%)<\/div>\n<\/td>\n<\/tr>\n<tr>\n<td>Cuivre<\/td>\n<td>35,3mg<\/td>\n<td>1,2mg<\/td>\n<\/tr>\n<tr>\n<td>S\u00e9l\u00e9nium<\/td>\n<td>1617mcg<\/td>\n<td>55mcg<\/td>\n<\/tr>\n<tr>\n<td>Serenoa fruits\u00a0e.s.<\/td>\n<td>17,65g<\/td>\n<td>0,6g<\/td>\n<\/tr>\n<tr>\n<td class=\"tabnut_medsep-top\">Feuilles de th\u00e9 vert\u00a0e.s.<\/td>\n<td class=\"tabnut_medsep-top\">14,7g<\/td>\n<td class=\"tabnut_medsep-top\">0,5g<\/td>\n<\/tr>\n<tr>\n<td class=\"tabnut_medsep-btm\" colspan=\"3\">\n<div>* Pourcentage des valeurs journali\u00e8res bas\u00e9 sur un r\u00e9gime de 2000 calories<\/div>\n<\/td>\n<\/tr>\n<tr>\n<td colspan=\"3\">\n<div><strong>Ingr\u00e9dients:\u00a0<\/strong>Serenoa (Serenoa repens) extrait sec, th\u00e9 vert (Camellia sinensis) extrait sec, acides amin\u00e9s (cyst\u00e9ine et la lysine) Oligo-\u00e9l\u00e9ments (zinc ch\u00e9lat\u00e9, ch\u00e9late de cuivre, prot\u00e9inate de s\u00e9l\u00e9nium), vitamines (biotine, pantoth\u00e9nate de calcium, le nicotinamide, et de la vitamine C)<\/div>\n<\/td>\n<\/tr>\n<\/tbody>\n<\/table>\n<\/div>\n<\/div>\n<p>\u00a0<\/p><\/div>\n<\/div>\n<\/div>\n<div class=\"prodsch_avvert\">D\u00e9conseill\u00e9 en dehors des repas, ainsi que aux enfants, adolescents, femmes enceintes ou allaitantes.<br \/>Demander conseil \u00e0 votre m\u00e9decin avant l'emploi.<br \/>L'utilisation de ce produit est d\u00e9conseill\u00e9e aux femmes en \u00e2ge de procr\u00e9er et aux individus des deux sexes pendent le p\u00e9riode pr\u00e9pub\u00e9rale.<\/p>\n<div>Lisez attentivement l\u2019\u00e9tiquette et les informations concernant le produit ainsi que le mode d\u2019emploi.<br \/>Ne pas d\u00e9passer la dose journali\u00e8re indiqu\u00e9e.<br \/>Tenir hors de port\u00e9e des jeunes enfants.<br \/>Les compl\u00e9ments alimentaires ne soient utilis\u00e9s comme substituts d'un r\u00e9gime alimentaire vari\u00e9.<\/div>\n<div>IAF network vous rappelled l\u2019importance d\u2019une alimentation vari\u00e9e et \u00e9quilibr\u00e9e et \u00e0 un mode de vie sain.<\/div>\n<\/div>","protected":false},"excerpt":{"rendered":"<p>Pharmalife Research Rinfoltil 60 comprim\u00e9s. Rinfoltil inhibe la 5-a-r\u00e9ductase, r\u00e9duisant ainsi la conversion de la testost\u00e9rone en di-hydrotestost\u00e9rone, et exerce une action antioxydante, nourrissante, k\u00e9ratinisante, stimulante, protectrice et fortifiante sur les cheveux et le cuir chevelu.<\/p>","protected":false},"featured_media":25364,"template":"","meta":{"arc_restricted_post":false},"product_cat":[49,347],"product_tag":[],"_links":{"self":[{"href":"https:\/\/www.sopha-sahara.com\/en\/wp-json\/wp\/v2\/product\/25075"}],"collection":[{"href":"https:\/\/www.sopha-sahara.com\/en\/wp-json\/wp\/v2\/product"}],"about":[{"href":"https:\/\/www.sopha-sahara.com\/en\/wp-json\/wp\/v2\/types\/product"}],"wp:featuredmedia":[{"embeddable":true,"href":"https:\/\/www.sopha-sahara.com\/en\/wp-json\/wp\/v2\/media\/25364"}],"wp:attachment":[{"href":"https:\/\/www.sopha-sahara.com\/en\/wp-json\/wp\/v2\/media?parent=25075"}],"wp:term":[{"taxonomy":"product_cat","embeddable":true,"href":"https:\/\/www.sopha-sahara.com\/en\/wp-json\/wp\/v2\/product_cat?post=25075"},{"taxonomy":"product_tag","embeddable":true,"href":"https:\/\/www.sopha-sahara.com\/en\/wp-json\/wp\/v2\/product_tag?post=25075"}],"curies":[{"name":"wp","href":"https:\/\/api.w.org\/{rel}","templated":true}]}}