{"id":25074,"date":"2020-12-24T10:17:45","date_gmt":"2020-12-24T09:17:45","guid":{"rendered":"https:\/\/www.interbusinesschamber.com\/produit\/xobalin-forte-60-comprimes\/"},"modified":"2020-12-25T16:02:41","modified_gmt":"2020-12-25T15:02:41","slug":"xobalin-forte-60-comprimes","status":"publish","type":"product","link":"https:\/\/www.sopha-sahara.com\/en\/product\/xobalin-forte-60-comprimes\/","title":{"rendered":"Xobalin Forte 60 comprim\u00e9s"},"content":{"rendered":"<div class=\"prodsch_txt\">\n<div>\n<div><strong>PHARMALIFE RESEARCH XOBALIN FORTE<\/strong><\/div>\n<div>Compl\u00e9ment alimentaire<\/p>\n<p>XOBALIN FORTE est un produit naturel \u00e0 base de Nopalin\u00ae, un extrait sp\u00e9cial d'Opuntia streptacantha titr\u00e9 \u00e0 50% en polysaccharides, \u00e0 l'exclusion de Pharmalife Research, et Grifolite\u00ae, d'un extrait de Griffonia simplicifolia titr\u00e9 \u00e0 20% en 5-HTP (hydroxytryptophane).<\/p>\n<p>CONTENU NET 54 grammes<\/p>\n<p>STOCKAGE: Garder dans un endroit frais et sec.<\/p>\n<div>\n<h4 class=\"tabnut_tit\">INFORMATION NUTRITIONNELLE<\/h4>\n<div class=\"tabnut_table\">\n<table class=\"iaftable\" cellspacing=\"0\">\n<tbody>\n<tr>\n<td class=\"tabnut_medsep-top\">\n<div>\n<p><strong>Analyse moyenne<\/strong><\/p>\n<\/div>\n<\/td>\n<td class=\"tabnut_medsep-top\"><strong>Par 100g<\/strong><\/td>\n<td class=\"tabnut_medsep-top\"><strong>Par dose quotidienne (4 comprim\u00e9s)<\/strong><\/td>\n<\/tr>\n<tr>\n<td class=\"tabnut_medsep-btm\">Valeur \u00e9nerg\u00e9tique<\/td>\n<td class=\"tabnut_medsep-btm\">\n<div>341,4Kcal \/ 1449,5KJ<\/div>\n<\/td>\n<td class=\"tabnut_medsep-btm\">\n<div>12,3Kcal \/ 52,2KJ<\/div>\n<\/td>\n<\/tr>\n<tr>\n<td>Prot\u00e9ine<\/td>\n<td>\n<div>1,4g<\/div>\n<\/td>\n<td>\n<div>0,05g<\/div>\n<\/td>\n<\/tr>\n<tr>\n<td>Glucides<\/td>\n<td>\n<div>81,2g<\/div>\n<\/td>\n<td>\n<div>2,9g<\/div>\n<\/td>\n<\/tr>\n<tr>\n<td>Lipides<\/td>\n<td>1,2g<\/td>\n<td>\n<div>0,04g<\/div>\n<\/td>\n<\/tr>\n<tr>\n<td>Nopalin\u00ae parties a\u00e9riennes<\/td>\n<td>\n<div>33,3g<\/div>\n<\/td>\n<td>\n<div>1,2g<\/div>\n<\/td>\n<\/tr>\n<tr>\n<td>Rhodiola rosea racine extrait sec<\/td>\n<td>\n<div>16,7g<\/div>\n<\/td>\n<td>\n<div>0,6g<\/div>\n<\/td>\n<\/tr>\n<tr>\n<td>Feuilles de th\u00e9 vert extrait sec<\/td>\n<td>\n<div>11,1g<\/div>\n<\/td>\n<td>\n<div>0,4g<\/div>\n<\/td>\n<\/tr>\n<tr>\n<td>Graines de guarana extrait sec<br \/>dont caf\u00e9ine<\/td>\n<td>\n<div>11,1g<\/div>\n<div>1,1g<\/div>\n<\/td>\n<td>\n<div>0,4g<\/div>\n<div>0,04g<\/div>\n<\/td>\n<\/tr>\n<\/tbody>\n<\/table>\n<\/div>\n<\/div>\n<p>\u00a0<\/p><\/div>\n<div>\u00a0<\/div>\n<div class=\"iaf_ingred tabnut_table\"><strong>Ingr\u00e9dients:\u00a0<\/strong>lames Nopalin\u00ae (Opuntia streptacantha) de poussi\u00e8re, graines Grifolite\u00ae (Griffonia simplicifolia, maltodextrine) extrait sec titr\u00e9 \u00e0 20% en 5-hydroxytryptophane, cellulose microcristalline, povidone, anti-agglom\u00e9rant: st\u00e9arate de magn\u00e9sium, dioxyde de silicium. Produit exclusif avec NOPALIN\u00ae et GRIFOLITE\u00ae<\/div>\n<\/div>\n<\/div>\n<div class=\"prodsch_avvert\">Contient de la caf\u00e9ine, d\u00e9conseill\u00e9 aux enfants et aux femmes enceintes.<\/p>\n<div>Lisez attentivement l\u2019\u00e9tiquette et les informations concernant le produit ainsi que le mode d\u2019emploi.<br \/>Ne pas d\u00e9passer la dose journali\u00e8re indiqu\u00e9e.<br \/>Tenir hors de port\u00e9e des jeunes enfants.<br \/>Les compl\u00e9ments alimentaires ne soient utilis\u00e9s comme substituts d'un r\u00e9gime alimentaire vari\u00e9.<\/div>\n<div>IAF network vous rappelled l\u2019importance d\u2019une alimentation vari\u00e9e et \u00e9quilibr\u00e9e et \u00e0 un mode de vie sain.<\/div>\n<\/div>","protected":false},"excerpt":{"rendered":"<p>Pharmalife Research Xobalin Forte 60 comprim\u00e9s. XOBALIN FORTE est un produit naturel \u00e0 base de Nopalin\u00ae, un extrait sp\u00e9cial d&rsquo;Opuntia streptacantha titr\u00e9 \u00e0 50% en polysaccharides, \u00e0 l&rsquo;exclusion de Pharmalife Research, et Grifolite\u00ae, d&rsquo;un extrait de Griffonia simplicifolia titr\u00e9 \u00e0 20% en 5-HTP (hydroxytryptophane).<\/p>","protected":false},"featured_media":25389,"template":"","meta":{"arc_restricted_post":false},"product_cat":[49,347],"product_tag":[],"_links":{"self":[{"href":"https:\/\/www.sopha-sahara.com\/en\/wp-json\/wp\/v2\/product\/25074"}],"collection":[{"href":"https:\/\/www.sopha-sahara.com\/en\/wp-json\/wp\/v2\/product"}],"about":[{"href":"https:\/\/www.sopha-sahara.com\/en\/wp-json\/wp\/v2\/types\/product"}],"wp:featuredmedia":[{"embeddable":true,"href":"https:\/\/www.sopha-sahara.com\/en\/wp-json\/wp\/v2\/media\/25389"}],"wp:attachment":[{"href":"https:\/\/www.sopha-sahara.com\/en\/wp-json\/wp\/v2\/media?parent=25074"}],"wp:term":[{"taxonomy":"product_cat","embeddable":true,"href":"https:\/\/www.sopha-sahara.com\/en\/wp-json\/wp\/v2\/product_cat?post=25074"},{"taxonomy":"product_tag","embeddable":true,"href":"https:\/\/www.sopha-sahara.com\/en\/wp-json\/wp\/v2\/product_tag?post=25074"}],"curies":[{"name":"wp","href":"https:\/\/api.w.org\/{rel}","templated":true}]}}