{"id":25073,"date":"2020-12-24T10:17:43","date_gmt":"2020-12-24T09:17:43","guid":{"rendered":"https:\/\/www.interbusinesschamber.com\/produit\/tisana-instant-camomilla-200-grammes\/"},"modified":"2020-12-25T15:45:01","modified_gmt":"2020-12-25T14:45:01","slug":"tisana-instant-camomilla-200-grammes","status":"publish","type":"product","link":"https:\/\/www.sopha-sahara.com\/en\/product\/tisana-instant-camomilla-200-grammes\/","title":{"rendered":"Tisana Instant &#8211; Camomilla 200 grammes"},"content":{"rendered":"<div class=\"prodsch_txt\">\n<div>\n<div><strong>PHARMALIFE RESEARCH TISANA INSTANT - CAMOMILLA<br \/><\/strong><span id=\"result_box\" class=\"short_text\" lang=\"fr\">Tisane\u00a0<span class=\"hps alt-edited\">avec la camomille<\/span><\/span><\/p>\n<p>La TISANA Instant est une pr\u00e9paration \u00e0 base de granul\u00e9s, au go\u00fbt et \u00e0 la solubilit\u00e9 instantan\u00e9e. A base d\u2019extraits de fleur de Camomille (Matricaria recutita) tr\u00e8s pure, c\u2019est une boisson d\u00e9salt\u00e9rante avec des effets relaxants et reposants pour toute la famille, petits et grands. Les mati\u00e8res premi\u00e8res utilis\u00e9es dans la production de TISANA Instant sont soumises \u00e0 de nombreux contr\u00f4les de qualit\u00e9 pour garantir ce que la nature peut vous offrir de mieux. TISANA Instant, en granul\u00e9s peut se doser selon les go\u00fbts. Elle est simple et rapide \u00e0 pr\u00e9parer, il ne faut pas ajouter de sucre car elle est d\u00e9j\u00e0 sucr\u00e9e<\/p>\n<p>RECOMMENDATION:<\/p>\n<p>Pour les plus petits: verser dans le biberon 70 ml d\u2019eau ti\u00e8de, ajouter une petite cuill\u00e8re \u00e0 caf\u00e9 pleine (3 g) de TISANA Instant Camomille et m\u00e9langer.<\/p>\n<p>Pour les plus grands et les adultes: Ajouter une \u00e0 deux cuill\u00e8res \u00e0 caf\u00e9 de TISANA Instant Camomille dans une tasse d\u2019eau chaude et m\u00e9langer.<\/p>\n<p>CONTENU NET 200 grammes<\/p>\n<p>STOCKAGE: Garder dans un endroit frais et sec.<\/p><\/div>\n<div class=\"iaf_ingred tabnut_table\"><strong>Ingr\u00e9dients:<\/strong>\u00a0dextrose, saccharose, Camomille (Matricaria recutita) extrait sec (4%), sirop de glucose.<\/div>\n<\/div>\n<\/div>\n<div class=\"prodsch_avvert\">\n<div>IAF network vous rappelled l\u2019importance d\u2019une alimentation vari\u00e9e et \u00e9quilibr\u00e9e et \u00e0 un mode de vie sain.<\/div>\n<\/div>","protected":false},"excerpt":{"rendered":"<p>Pharmalife Research Tisana Instant &#8211; Camomilla 200g. La TISANA Instant est une pr\u00e9paration \u00e0 base de granul\u00e9s, au go\u00fbt et \u00e0 la solubilit\u00e9 instantan\u00e9e.<\/p>","protected":false},"featured_media":25374,"template":"","meta":{"arc_restricted_post":false},"product_cat":[49,347],"product_tag":[],"_links":{"self":[{"href":"https:\/\/www.sopha-sahara.com\/en\/wp-json\/wp\/v2\/product\/25073"}],"collection":[{"href":"https:\/\/www.sopha-sahara.com\/en\/wp-json\/wp\/v2\/product"}],"about":[{"href":"https:\/\/www.sopha-sahara.com\/en\/wp-json\/wp\/v2\/types\/product"}],"wp:featuredmedia":[{"embeddable":true,"href":"https:\/\/www.sopha-sahara.com\/en\/wp-json\/wp\/v2\/media\/25374"}],"wp:attachment":[{"href":"https:\/\/www.sopha-sahara.com\/en\/wp-json\/wp\/v2\/media?parent=25073"}],"wp:term":[{"taxonomy":"product_cat","embeddable":true,"href":"https:\/\/www.sopha-sahara.com\/en\/wp-json\/wp\/v2\/product_cat?post=25073"},{"taxonomy":"product_tag","embeddable":true,"href":"https:\/\/www.sopha-sahara.com\/en\/wp-json\/wp\/v2\/product_tag?post=25073"}],"curies":[{"name":"wp","href":"https:\/\/api.w.org\/{rel}","templated":true}]}}