{"id":25072,"date":"2020-12-24T10:17:42","date_gmt":"2020-12-24T09:17:42","guid":{"rendered":"https:\/\/www.interbusinesschamber.com\/produit\/tisana-instant-finocchio-200-grammes\/"},"modified":"2020-12-25T15:51:13","modified_gmt":"2020-12-25T14:51:13","slug":"tisana-instant-finocchio-200-grammes","status":"publish","type":"product","link":"https:\/\/www.sopha-sahara.com\/en\/product\/tisana-instant-finocchio-200-grammes\/","title":{"rendered":"Tisana Instant &#8211; Finocchio 200 grammes"},"content":{"rendered":"<div class=\"prodsch_txt\">\n<div>\n<div>\n<div><strong>PHARMALIFE RESEARCH TISANA INSTANT - FINOCCHIO<\/strong><\/div>\n<p>Tisane avec du fenouil<\/p>\n<p>La TISANA Instant est une pr\u00e9paration \u00e0 base de granul\u00e9s pr\u00eate \u00e0 l\u2019emploi, au go\u00fbt agr\u00e9able et rapidement soluble. Contenant du fenouil (Foeniculum vulgare) c\u2019est une boisson d\u00e9salt\u00e9rante, avec des effets apaisants pour toute la famille, grands et petits. Les mati\u00e8res premi\u00e8res utilis\u00e9es dans la production de TISANA Instant sont soumises \u00e0 de nombreux contr\u00f4les de qualit\u00e9 pour garantir ce que la nature peut nous offrir de mieux. TISANA Instant, sous forme de granul\u00e9s, peut se doser selon les go\u00fbts de chacun, est simple et rapide \u00e0 pr\u00e9parer. Il n\u2019est pas n\u00e9cessaire de rajouter de sucre car la pr\u00e9paration est d\u00e9j\u00e0 dos\u00e9e en sucre.<\/p>\n<p>RECOMMENDATION:<\/p>\n<p>Pour les plus petits: verser dans le biberon 70 ml d\u2019eau ti\u00e8de, ajouter une petite cuill\u00e8re \u00e0 caf\u00e9 pleine (3 g) de TISANA Instant Camomille et m\u00e9langer.<\/p>\n<p>Pour les plus grands et les adultes: Ajouter une \u00e0 deux cuill\u00e8res \u00e0 caf\u00e9 de TISANA Instant Camomille dans une tasse d\u2019eau chaude et m\u00e9langer.<\/p>\n<p>INGR\u00c9DIENTS: Saccharose, Dextrose, Fenouil (Foeniculum vulgare) extrait sec titr\u00e9 \u00e0 1% d\u2019huile essentielle (4%).<\/p>\n<p>CONTENU NET 200 grammes<\/p>\n<p>STOCKAGE: Garder dans un endroit frais et sec.<\/p><\/div>\n<\/div>\n<\/div>\n<div class=\"prodsch_avvert\">\n<div>IAF network vous rappelled l\u2019importance d\u2019une alimentation vari\u00e9e et \u00e9quilibr\u00e9e et \u00e0 un mode de vie sain.<\/div>\n<\/div>","protected":false},"excerpt":{"rendered":"<p>Pharmalife Research Tisana Instant &#8211; Finocchio 200g. La TISANA Instant est une pr\u00e9paration \u00e0 base de granul\u00e9s pr\u00eate \u00e0 l\u2019emploi, au go\u00fbt agr\u00e9able et rapidement soluble.<\/p>","protected":false},"featured_media":25375,"template":"","meta":{"arc_restricted_post":false},"product_cat":[49,347],"product_tag":[],"_links":{"self":[{"href":"https:\/\/www.sopha-sahara.com\/en\/wp-json\/wp\/v2\/product\/25072"}],"collection":[{"href":"https:\/\/www.sopha-sahara.com\/en\/wp-json\/wp\/v2\/product"}],"about":[{"href":"https:\/\/www.sopha-sahara.com\/en\/wp-json\/wp\/v2\/types\/product"}],"wp:featuredmedia":[{"embeddable":true,"href":"https:\/\/www.sopha-sahara.com\/en\/wp-json\/wp\/v2\/media\/25375"}],"wp:attachment":[{"href":"https:\/\/www.sopha-sahara.com\/en\/wp-json\/wp\/v2\/media?parent=25072"}],"wp:term":[{"taxonomy":"product_cat","embeddable":true,"href":"https:\/\/www.sopha-sahara.com\/en\/wp-json\/wp\/v2\/product_cat?post=25072"},{"taxonomy":"product_tag","embeddable":true,"href":"https:\/\/www.sopha-sahara.com\/en\/wp-json\/wp\/v2\/product_tag?post=25072"}],"curies":[{"name":"wp","href":"https:\/\/api.w.org\/{rel}","templated":true}]}}